{"id":604,"date":"2019-06-03T19:18:12","date_gmt":"2019-06-03T16:18:12","guid":{"rendered":"https:\/\/aianduskool.ee\/hortichallenge\/?page_id=604"},"modified":"2024-05-30T15:12:23","modified_gmt":"2024-05-30T12:12:23","slug":"results","status":"publish","type":"page","link":"https:\/\/aianduskool.ee\/hortichallenge\/?page_id=604","title":{"rendered":"Results"},"content":{"rendered":"\n<figure class=\"wp-block-image size-large\"><img loading=\"lazy\" decoding=\"async\" width=\"1024\" height=\"683\" src=\"https:\/\/aianduskool.ee\/hortichallenge\/wp-content\/uploads\/2024\/05\/HortiChallenge2024_RapinaAianduskool_uhispilt_1_IMGP6981_250524-1024x683.jpg\" alt=\"\" class=\"wp-image-913\" srcset=\"https:\/\/aianduskool.ee\/hortichallenge\/wp-content\/uploads\/2024\/05\/HortiChallenge2024_RapinaAianduskool_uhispilt_1_IMGP6981_250524-1024x683.jpg 1024w, https:\/\/aianduskool.ee\/hortichallenge\/wp-content\/uploads\/2024\/05\/HortiChallenge2024_RapinaAianduskool_uhispilt_1_IMGP6981_250524-300x200.jpg 300w, https:\/\/aianduskool.ee\/hortichallenge\/wp-content\/uploads\/2024\/05\/HortiChallenge2024_RapinaAianduskool_uhispilt_1_IMGP6981_250524-768x512.jpg 768w, https:\/\/aianduskool.ee\/hortichallenge\/wp-content\/uploads\/2024\/05\/HortiChallenge2024_RapinaAianduskool_uhispilt_1_IMGP6981_250524-1536x1024.jpg 1536w, https:\/\/aianduskool.ee\/hortichallenge\/wp-content\/uploads\/2024\/05\/HortiChallenge2024_RapinaAianduskool_uhispilt_1_IMGP6981_250524-2048x1365.jpg 2048w, https:\/\/aianduskool.ee\/hortichallenge\/wp-content\/uploads\/2024\/05\/HortiChallenge2024_RapinaAianduskool_uhispilt_1_IMGP6981_250524-1920x1280.jpg 1920w\" sizes=\"auto, (max-width: 1024px) 100vw, 1024px\" \/><\/figure>\n\n\n\n<p>The Horti Challenge, an international professional competition for young gardeners, took place at R\u00e4pina School of Horticulture in Estonia on May 24-25, 2024, as part of the R\u00e4pina Good Home Days and the European Capital of Culture Tartu 2024 program. 14 teams from twelve European countries participated in the competition. Competitors had to solve various tasks in twenty competition areas, testing themselves in activities like grafting a fruit tree, planting plants and connecting irrigation systems, determining the pH of the soil, driving a stunt car with a lawn tractor, and building birdhouses. Both competition days were hot and tense.<\/p>\n\n\n\n<p>The first day of the competition ended with a trip to Setomaa, where participants got to know the local culture and enjoyed traditional Seto foods. The evening culminated with a pleasant boat ride on L\u00e4mmij\u00e4rv lake.<\/p>\n\n\n\n<p>The second competition day was further enhanced by the Good Home days in R\u00e4pina. A diverse cultural program was offered in front of Loomemaja, and the best log house builders were judged in the manor park. In front of the horticulture school, the sounds of instruments and singing filled the air, making the gardening competition even more special. It was a pleasure to see the local people&#8217;s enthusiastic participation in all the events.<\/p>\n\n\n\n<p>The results of the competition days were announced at a festive award ceremony in the park. The best young gardeners in Europe in 2024 are:<\/p>\n\n\n\n<p>1st place: Austria 1 team &#8211; Emil Obetzhauser and J\u00fcrgen Piller, tutor Ricarda \u00d6llerer;<br>2nd place Estonia 2 team &#8211; Sirli \u00dcbius and Pent Joonas Kopelman, tutor Andres Vaasa;<br>3rd place Ireland team &#8211; Aoife Hester and Chelirs Brecq, tutor Deirdre Walsh.<br>Congratulations!<\/p>\n\n\n\n<p><a href=\"https:\/\/foto.aianduskool.ee\/photo\/#\/shared_space\/folder\/544\"><strong>Find yourself in the photos of the event!<\/strong><\/a><\/p>\n\n\n\n<p><\/p>\n\n\n\n<h2 class=\"wp-block-heading\">Final results report of Horti Challenge 2024<\/h2>\n\n\n\n<figure class=\"wp-block-image size-large is-resized\"><img decoding=\"async\" src=\"https:\/\/aianduskool.ee\/hortichallenge\/wp-content\/uploads\/2024\/05\/Results-1024x479.png\" alt=\"\" class=\"wp-image-905\" style=\"width:875px;height:auto\"\/><\/figure>\n","protected":false},"excerpt":{"rendered":"<p>The Horti Challenge, an international professional competition for young gardeners, took place at R\u00e4pina School&hellip;<\/p>\n","protected":false},"author":2,"featured_media":913,"parent":0,"menu_order":0,"comment_status":"closed","ping_status":"closed","template":"","meta":{"footnotes":""},"class_list":["post-604","page","type-page","status-publish","has-post-thumbnail","hentry"],"_links":{"self":[{"href":"https:\/\/aianduskool.ee\/hortichallenge\/index.php?rest_route=\/wp\/v2\/pages\/604","targetHints":{"allow":["GET"]}}],"collection":[{"href":"https:\/\/aianduskool.ee\/hortichallenge\/index.php?rest_route=\/wp\/v2\/pages"}],"about":[{"href":"https:\/\/aianduskool.ee\/hortichallenge\/index.php?rest_route=\/wp\/v2\/types\/page"}],"author":[{"embeddable":true,"href":"https:\/\/aianduskool.ee\/hortichallenge\/index.php?rest_route=\/wp\/v2\/users\/2"}],"replies":[{"embeddable":true,"href":"https:\/\/aianduskool.ee\/hortichallenge\/index.php?rest_route=%2Fwp%2Fv2%2Fcomments&post=604"}],"version-history":[{"count":5,"href":"https:\/\/aianduskool.ee\/hortichallenge\/index.php?rest_route=\/wp\/v2\/pages\/604\/revisions"}],"predecessor-version":[{"id":915,"href":"https:\/\/aianduskool.ee\/hortichallenge\/index.php?rest_route=\/wp\/v2\/pages\/604\/revisions\/915"}],"wp:featuredmedia":[{"embeddable":true,"href":"https:\/\/aianduskool.ee\/hortichallenge\/index.php?rest_route=\/wp\/v2\/media\/913"}],"wp:attachment":[{"href":"https:\/\/aianduskool.ee\/hortichallenge\/index.php?rest_route=%2Fwp%2Fv2%2Fmedia&parent=604"}],"curies":[{"name":"wp","href":"https:\/\/api.w.org\/{rel}","templated":true}]}}