{"id":66,"date":"2013-09-19T10:31:42","date_gmt":"2013-09-19T07:31:42","guid":{"rendered":"http:\/\/aianduskool.ee\/jaan\/puuviljandus\/?page_id=66"},"modified":"2018-12-07T17:36:25","modified_gmt":"2018-12-07T15:36:25","slug":"tere","status":"publish","type":"page","link":"https:\/\/aianduskool.ee\/jaan\/puuviljandus\/","title":{"rendered":"Alustuseks"},"content":{"rendered":"<p><strong>Seda veebilehte kasutasid \u00f5ppet\u00f6\u00f6s t\u00e4ienduskoolitusest osav\u00f5tjad. Alates 2018. aastast j\u00e4tkan siin oma aiandusliku tegevuse\u00a0kroonikaga.\u00a0\u00a0<\/strong><\/p>\n<p><strong>Kroonika<\/strong> all leiate aktuaalseid uudiseid\u00a0ja m\u00f6\u00f6dunu meenutusi. Teksti lugemiseks kl\u00f5psake pealkirjal.<\/p>\n<p>\u00d5ppematerjale uudistades p\u00f6\u00f6rake t\u00e4helepanu nende loomise aastale.<\/p>\n","protected":false},"excerpt":{"rendered":"<p>Seda veebilehte kasutasid \u00f5ppet\u00f6\u00f6s t\u00e4ienduskoolitusest osav\u00f5tjad. Alates 2018. aastast j\u00e4tkan siin oma aiandusliku tegevuse\u00a0kroonikaga.\u00a0\u00a0 Kroonika all leiate aktuaalseid uudiseid\u00a0ja m\u00f6\u00f6dunu meenutusi. Teksti lugemiseks kl\u00f5psake pealkirjal. \u00d5ppematerjale uudistades p\u00f6\u00f6rake t\u00e4helepanu nende loomise aastale.<\/p>\n","protected":false},"author":1,"featured_media":0,"parent":0,"menu_order":0,"comment_status":"open","ping_status":"open","template":"","meta":{"footnotes":""},"class_list":["post-66","page","type-page","status-publish","hentry"],"_links":{"self":[{"href":"https:\/\/aianduskool.ee\/jaan\/puuviljandus\/wp-json\/wp\/v2\/pages\/66","targetHints":{"allow":["GET"]}}],"collection":[{"href":"https:\/\/aianduskool.ee\/jaan\/puuviljandus\/wp-json\/wp\/v2\/pages"}],"about":[{"href":"https:\/\/aianduskool.ee\/jaan\/puuviljandus\/wp-json\/wp\/v2\/types\/page"}],"author":[{"embeddable":true,"href":"https:\/\/aianduskool.ee\/jaan\/puuviljandus\/wp-json\/wp\/v2\/users\/1"}],"replies":[{"embeddable":true,"href":"https:\/\/aianduskool.ee\/jaan\/puuviljandus\/wp-json\/wp\/v2\/comments?post=66"}],"version-history":[{"count":5,"href":"https:\/\/aianduskool.ee\/jaan\/puuviljandus\/wp-json\/wp\/v2\/pages\/66\/revisions"}],"predecessor-version":[{"id":2079,"href":"https:\/\/aianduskool.ee\/jaan\/puuviljandus\/wp-json\/wp\/v2\/pages\/66\/revisions\/2079"}],"wp:attachment":[{"href":"https:\/\/aianduskool.ee\/jaan\/puuviljandus\/wp-json\/wp\/v2\/media?parent=66"}],"curies":[{"name":"wp","href":"https:\/\/api.w.org\/{rel}","templated":true}]}}