{"id":122,"date":"2018-02-18T20:16:23","date_gmt":"2018-02-18T18:16:23","guid":{"rendered":"http:\/\/aianduskool.ee\/kurgisobrad\/?page_id=122"},"modified":"2018-02-18T20:16:23","modified_gmt":"2018-02-18T18:16:23","slug":"esimene-nadal-algab","status":"publish","type":"page","link":"https:\/\/aianduskool.ee\/kurgisobrad\/blogid\/esimene-nadal-algab\/","title":{"rendered":"Esimene n\u00e4dal algab!"},"content":{"rendered":"<p>Head s\u00f5rad!<\/p>\n<p>Ongi k\u00e4tte j\u00f5udnud kauaoodatud\u00a0p\u00e4ev, 19. veebruar &#8211; projekti alguse p\u00e4ev.<\/p>\n<p>Suur-suur ait\u00e4h k\u00f5igile, kes on meid pakkide k\u00e4ttesaamisest teavitanud. See on suurep\u00e4rane, et seemned on kohale j\u00f5udnud ning valmis k\u00fclvamiseks. Samuti t\u00e4name k\u00f5iki toredate piltide jagamise eest meie Facebooki grupis. \ud83d\ude42<\/p>\n<p>N\u00fc\u00fcd aga r\u00e4\u00e4gime sellest l\u00e4hemalt, mis edasi juhtuma hakkab.<\/p>\n<p><b>1. projekti n\u00e4dal (19.\u2013 25. veebruar)<\/b><\/p>\n<p>Esmasp\u00e4evast algab juba traditsioonilisele\u00a0n\u00e4dala k\u00fcsimusele vastamine. K\u00fcsimust saab n\u00e4ha ja sellele vastata, kui logida projekti kodulehele sisse men\u00fc\u00fc \u201cViktoriin\u201d alt. N\u00e4dala k\u00fcsimused on valikvastustega testi vormis. K\u00fcsimusele ei pea kohe vastama. V\u00f5ib teha nii: n\u00e4iteks esmasp\u00e4eval vaatate k\u00fcsimuse \u00e4ra, vastate aga hoopis neljap\u00e4eval.\u00a0N\u00e4dala k\u00fcsimusele saab vastata esmasp\u00e4evast reedeni. N\u00e4dala k\u00fcsimustele vastamisega kogume punkte. Iga \u00f5ige vastus annab \u00fche punkti. K\u00f5ige rohkem projekti jooksul punkte kogunud r\u00fchma\/ klassi ootab projekti l\u00f5pus vahva \u00fcllatus! ?\u00a0Koolivaheaja n\u00e4dalatel (26.02.-4.03. ja 23.-29.04.) viktoriin peatub. Siis uusi n\u00e4dala k\u00fcsimusi ei ole.<\/p>\n<p>19. veebruaril algab kaks konkurssi: <a href=\"http:\/\/aianduskool.ee\/kurgisobrad\/2018\/02\/14\/projektipaeviku-konkurss-19-02-29-04-2018\/\" target=\"_blank\" rel=\"noopener\">Projektip\u00e4eviku konkurss<\/a> ja\u00a0<a href=\"http:\/\/aianduskool.ee\/kurgisobrad\/2018\/02\/14\/fotokonkurss-makropilt-19-02-29-04-2018\/\" target=\"_blank\" rel=\"noopener\">fotokonkurss &#8220;Makropilt&#8221;<\/a>. M\u00f5lemad kestavad projekti l\u00f5puni. Konkursit\u00f6\u00f6dele esitavate n\u00f5uetega saate tutvuda linkide alt v\u00f5i uurides men\u00fc\u00fcst &#8220;Konkursid&#8221;. Kiiremad on endale juba j\u00f5udnud blogi projektip\u00e4evikuks luua. Linke projektip\u00e4evikutele v\u00f5ite saata meile kogu projekti jooksul (aprilli l\u00f5puni).<\/p>\n<p>Kindlasti tuvuge men\u00fc\u00fc \u201cKatse\u201d alt katse k\u00e4igu ja kogutavate katseandmetega. Sellelt lehelt leiate abitabeli, mille v\u00f5ite endale arvutisse salvestada v\u00f5i paberile printida. K\u00f5iki katseandmeid ootame teilt projekti l\u00f5pus tagasi.<\/p>\n<p>Taimede \u00fchine kasvatamise katse algabki 19. veebruaril. Esimesel projekti n\u00e4dalal p\u00fc\u00fcame seemned \u00e4ra k\u00fclvata. Kindlasti on siin suureks abiks aianduskooli \u00f5pilaste video (vt men\u00fc\u00fcst &#8220;Videod&#8221;). Seemnete k\u00fclvamise ja muude tegevuste kohta v\u00f5ite meile esitada k\u00fcsimusi e-posti teel v\u00f5i ka FB grupi kaudu.<\/p>\n<p>Men\u00fc\u00fcst \u201cKalender\u201d leiate projekti kalendri, kus on kirjas n\u00e4dalate kaupa k\u00f5ik tegevused, mis meid ees ootavad. Kalendrit jooksvalt t\u00e4iendatakse.<\/p>\n<p>Kindlasti leidke projekti kodulehelt \u00fcles ka n\u00e4dala nipp. See hakkab meil igal n\u00e4dalal vahetuma. ?<\/p>\n<p>&nbsp;<\/p>\n<p>Projekti meeskond soovib k\u00f5igile s\u00f5pradele m\u00f5nusat kaasal\u00f6\u00f6mist ?<\/p>\n","protected":false},"excerpt":{"rendered":"<p>Head s\u00f5rad! Ongi k\u00e4tte j\u00f5udnud kauaoodatud\u00a0p\u00e4ev, 19. veebruar &#8211; projekti alguse p\u00e4ev. Suur-suur ait\u00e4h k\u00f5igile, kes on meid pakkide k\u00e4ttesaamisest teavitanud. See on suurep\u00e4rane, et seemned on kohale j\u00f5udnud ning valmis k\u00fclvamiseks. Samuti t\u00e4name k\u00f5iki toredate piltide jagamise eest meie Facebooki grupis. \ud83d\ude42 N\u00fc\u00fcd aga r\u00e4\u00e4gime sellest l\u00e4hemalt, mis edasi juhtuma hakkab. 1. projekti n\u00e4dal (19.\u2013 25. veebruar) Esmasp\u00e4evast algab juba traditsioonilisele\u00a0n\u00e4dala k\u00fcsimusele vastamine. K\u00fcsimust saab n\u00e4ha ja sellele vastata, kui logida projekti kodulehele sisse men\u00fc\u00fc \u201cViktoriin\u201d alt. N\u00e4dala k\u00fcsimused on valikvastustega testi vormis. K\u00fcsimusele ei pea kohe vastama. V\u00f5ib teha nii: n\u00e4iteks esmasp\u00e4eval vaatate k\u00fcsimuse \u00e4ra, vastate aga hoopis..<\/p>\n","protected":false},"author":2,"featured_media":0,"parent":23,"menu_order":0,"comment_status":"closed","ping_status":"closed","template":"","meta":{"footnotes":""},"class_list":["post-122","page","type-page","status-publish","hentry"],"_links":{"self":[{"href":"https:\/\/aianduskool.ee\/kurgisobrad\/wp-json\/wp\/v2\/pages\/122","targetHints":{"allow":["GET"]}}],"collection":[{"href":"https:\/\/aianduskool.ee\/kurgisobrad\/wp-json\/wp\/v2\/pages"}],"about":[{"href":"https:\/\/aianduskool.ee\/kurgisobrad\/wp-json\/wp\/v2\/types\/page"}],"author":[{"embeddable":true,"href":"https:\/\/aianduskool.ee\/kurgisobrad\/wp-json\/wp\/v2\/users\/2"}],"replies":[{"embeddable":true,"href":"https:\/\/aianduskool.ee\/kurgisobrad\/wp-json\/wp\/v2\/comments?post=122"}],"version-history":[{"count":3,"href":"https:\/\/aianduskool.ee\/kurgisobrad\/wp-json\/wp\/v2\/pages\/122\/revisions"}],"predecessor-version":[{"id":125,"href":"https:\/\/aianduskool.ee\/kurgisobrad\/wp-json\/wp\/v2\/pages\/122\/revisions\/125"}],"up":[{"embeddable":true,"href":"https:\/\/aianduskool.ee\/kurgisobrad\/wp-json\/wp\/v2\/pages\/23"}],"wp:attachment":[{"href":"https:\/\/aianduskool.ee\/kurgisobrad\/wp-json\/wp\/v2\/media?parent=122"}],"curies":[{"name":"wp","href":"https:\/\/api.w.org\/{rel}","templated":true}]}}