{"id":147,"date":"2018-02-26T10:20:40","date_gmt":"2018-02-26T08:20:40","guid":{"rendered":"http:\/\/aianduskool.ee\/kurgisobrad\/?page_id=147"},"modified":"2018-02-26T10:20:40","modified_gmt":"2018-02-26T08:20:40","slug":"1-nadala-kokkuvote","status":"publish","type":"page","link":"https:\/\/aianduskool.ee\/kurgisobrad\/blogid\/1-nadala-kokkuvote\/","title":{"rendered":"1. n\u00e4dala kokkuv\u00f5te"},"content":{"rendered":"<p>Hea s\u00f5ber! On aeg esimene\u00a0projektin\u00e4dal kokku v\u00f5tta.<\/p>\n<p>Esimene projektin\u00e4dal (19.-25.02) oli t\u00e4is p\u00f5nevust, palju uut ja huvitavat! Alates 19. veebruarist algas meie \u00fchine hariliku kurgi ja kareda pisimeloni kasvatamine. Paljud r\u00fchmad j\u00f5udsid seemned \u00e4ra k\u00fclvata ning n\u00e4dala l\u00f5pp t\u00f5i meile esimesi \u00fcllatavaid teateid taimede t\u00e4rkamisest. Ilmselt keegi ei oodanud, et kurgi taimed nii kiiresti t\u00e4rkavad. Edasi tuleb n\u00fc\u00fcd kindlasti j\u00e4lgida, et muld l\u00e4bi ei kuivaks ja ere p\u00e4ike taimedele liiga ei teeks. Siiski tuleb t\u00e4helepanu p\u00f6\u00f6rata valgusele. Valguse puuduses venivad taimed v\u00e4lja, see t\u00e4hendab, et idulehtede alune vars kasvab h\u00e4sti pikaks. Selle v\u00e4ltimiseks aseta taimed valgusk\u00fcllasesse kohta. Kui aga p\u00e4ike hakkab paistma, kaitse taimi. Ere p\u00e4ike v\u00f5ib tekitada taimedele p\u00e4ikesep\u00f5letuse, misj\u00e4rel v\u00f5ivad v\u00e4ikesed taimed hukkuda.<\/p>\n<p>V\u00e4etamist praegu veel ei ole tarvis teha. Nii noored taimed toituvad seemnes olnud ja mullas olevatest toitainetest. Lihtsalt j\u00e4lgi, et taimekestel oleks piisavalt niiskust ja valgust. Soojusega ei tohiks probleeme olla, sest \u00f5ues valitsevate k\u00fclmade ilmade t\u00f5ttu t\u00f6\u00f6tavad meie k\u00fcttes\u00fcsteemid ning ruumid on piisavalt soojad. K\u00fcll aga j\u00e4lgi, et ruumide tuulutamisel ei satuks \u00f5ues olev k\u00fclm \u00f5hk taimedele.<\/p>\n<p>Esimene projekti n\u00e4dal oli s\u00fcnnip\u00e4eva, Eesti Vabariigi s\u00fcnnip\u00e4eva n\u00e4dal. Kindlasti tegime Eestile kingitusi ja t\u00e4histasime k\u00f5ik seda v\u00e4\u00e4rikat s\u00fcnnip\u00e4eva \u00fcheskoos ja r\u00f5\u00f5msalt. Eesti Vabariigi 100. s\u00fcnnip\u00e4evaga oli seotud ka meie n\u00e4dala nipp &#8220;Eesti saab 100 aastaseks! Palju \u00f5nne! T\u00e4histame \u00fcheskoos ja s\u00f5bralikult&#8230; &#8221;<\/p>\n<p>Algasid ka viktoriin ja kaks konkurssi. Kes veel ei ole j\u00f5udnud viktoriini esimesele k\u00fcsimusele vastata, siis projekti teise n\u00e4dala jooksul saab seda teha. Konkursidest algas <a href=\"http:\/\/aianduskool.ee\/kurgisobrad\/2018\/02\/14\/projektipaeviku-konkurss-19-02-29-04-2018\/\" target=\"_blank\" rel=\"noopener\">projektip\u00e4eviku konkurss<\/a> ja <a href=\"http:\/\/aianduskool.ee\/kurgisobrad\/2018\/02\/14\/fotokonkurss-makropilt-19-02-29-04-2018\/\" target=\"_blank\" rel=\"noopener\">fotokonkurss &#8220;Makropilt&#8221;<\/a>. Need m\u00f5lemad kestavad aprilli l\u00f5puni, mil kestab projekt.<\/p>\n<p>Mida aga toob teine projekti n\u00e4dal (26.02.-4.03.)? Kuna kooli\u00f5pilastel on vaheaeg, siis uut viktoriini k\u00fcsimust me ei esita. Kindlasti j\u00e4lgige k\u00fclvatud seemnete t\u00e4rkamist ja t\u00e4itke <a href=\"http:\/\/aianduskool.ee\/kurgisobrad\/#katse\" target=\"_blank\" rel=\"noopener\">katse tabelit<\/a> (kui seda veel tehtud pole). T\u00e4itke projektip\u00e4evikut, et meiegi saaksmine aimu, kuidas projektis osalemine kulgeb. Otsi projekti kodulehelt \u00fcles uus n\u00e4dala nipp.<\/p>\n<p>&nbsp;<\/p>\n<p>Projekti meeskond soovib k\u00f5igile m\u00f5nusat taimede kasvatamise katsetamist!<\/p>\n","protected":false},"excerpt":{"rendered":"<p>Hea s\u00f5ber! On aeg esimene\u00a0projektin\u00e4dal kokku v\u00f5tta. Esimene projektin\u00e4dal (19.-25.02) oli t\u00e4is p\u00f5nevust, palju uut ja huvitavat! Alates 19. veebruarist algas meie \u00fchine hariliku kurgi ja kareda pisimeloni kasvatamine. Paljud r\u00fchmad j\u00f5udsid seemned \u00e4ra k\u00fclvata ning n\u00e4dala l\u00f5pp t\u00f5i meile esimesi \u00fcllatavaid teateid taimede t\u00e4rkamisest. Ilmselt keegi ei oodanud, et kurgi taimed nii kiiresti t\u00e4rkavad. Edasi tuleb n\u00fc\u00fcd kindlasti j\u00e4lgida, et muld l\u00e4bi ei kuivaks ja ere p\u00e4ike taimedele liiga ei teeks. Siiski tuleb t\u00e4helepanu p\u00f6\u00f6rata valgusele. Valguse puuduses venivad taimed v\u00e4lja, see t\u00e4hendab, et idulehtede alune vars kasvab h\u00e4sti pikaks. Selle v\u00e4ltimiseks aseta taimed valgusk\u00fcllasesse kohta. Kui aga p\u00e4ike..<\/p>\n","protected":false},"author":2,"featured_media":0,"parent":23,"menu_order":0,"comment_status":"closed","ping_status":"closed","template":"","meta":{"footnotes":""},"class_list":["post-147","page","type-page","status-publish","hentry"],"_links":{"self":[{"href":"https:\/\/aianduskool.ee\/kurgisobrad\/wp-json\/wp\/v2\/pages\/147","targetHints":{"allow":["GET"]}}],"collection":[{"href":"https:\/\/aianduskool.ee\/kurgisobrad\/wp-json\/wp\/v2\/pages"}],"about":[{"href":"https:\/\/aianduskool.ee\/kurgisobrad\/wp-json\/wp\/v2\/types\/page"}],"author":[{"embeddable":true,"href":"https:\/\/aianduskool.ee\/kurgisobrad\/wp-json\/wp\/v2\/users\/2"}],"replies":[{"embeddable":true,"href":"https:\/\/aianduskool.ee\/kurgisobrad\/wp-json\/wp\/v2\/comments?post=147"}],"version-history":[{"count":3,"href":"https:\/\/aianduskool.ee\/kurgisobrad\/wp-json\/wp\/v2\/pages\/147\/revisions"}],"predecessor-version":[{"id":151,"href":"https:\/\/aianduskool.ee\/kurgisobrad\/wp-json\/wp\/v2\/pages\/147\/revisions\/151"}],"up":[{"embeddable":true,"href":"https:\/\/aianduskool.ee\/kurgisobrad\/wp-json\/wp\/v2\/pages\/23"}],"wp:attachment":[{"href":"https:\/\/aianduskool.ee\/kurgisobrad\/wp-json\/wp\/v2\/media?parent=147"}],"curies":[{"name":"wp","href":"https:\/\/api.w.org\/{rel}","templated":true}]}}