{"id":181,"date":"2018-03-05T12:27:54","date_gmt":"2018-03-05T10:27:54","guid":{"rendered":"http:\/\/aianduskool.ee\/kurgisobrad\/?page_id=181"},"modified":"2018-03-05T12:33:48","modified_gmt":"2018-03-05T10:33:48","slug":"mis-on-puhtimine-ja-milleks-seda-tehakse","status":"publish","type":"page","link":"https:\/\/aianduskool.ee\/kurgisobrad\/artiklid\/mis-on-puhtimine-ja-milleks-seda-tehakse\/","title":{"rendered":"Mis on puhtimine ja milleks seda tehakse?"},"content":{"rendered":"<p>Taimede kaitseks haiguste vastu on soovitatav seemneid puhtida st. seemned kaetakse kemikaalidega, mis takistavad haigustekitajate sisenemist seemnetesse.<\/p>\n<p>Puhitud seemned tunneb alati \u00e4ra nende v\u00e4rvilise v\u00e4limuse t\u00f5ttu. V\u00e4rvuse annab neile kemikaal, millega seemneid on t\u00f6\u00f6deldud.<\/p>\n<p>N\u00e4ide kuidas n\u00e4evad v\u00e4lja puhitud seemned:<\/p>\n<div id=\"attachment_182\" style=\"width: 565px\" class=\"wp-caption alignnone\"><img loading=\"lazy\" decoding=\"async\" aria-describedby=\"caption-attachment-182\" class=\"wp-image-182 size-full\" src=\"http:\/\/aianduskool.ee\/kurgisobrad\/wp-content\/uploads\/2018\/03\/2.jpg\" alt=\"\" width=\"555\" height=\"333\" srcset=\"https:\/\/aianduskool.ee\/kurgisobrad\/wp-content\/uploads\/2018\/03\/2.jpg 555w, https:\/\/aianduskool.ee\/kurgisobrad\/wp-content\/uploads\/2018\/03\/2-300x180.jpg 300w\" sizes=\"auto, (max-width: 555px) 100vw, 555px\" \/><p id=\"caption-attachment-182\" class=\"wp-caption-text\">Allikas: http:\/\/www.reliablecorporation.in\/Seed%20%20Colour%20%20Coating%20Polymer.html<\/p><\/div>\n<p>Puhtimine on \u00fcks soodsamaid, keskkonnas\u00f5bralikumaid ja taimede varajases arengufaasis ka k\u00f5ige efektiivsem meetod taimede kaitseks. Paljud haigused levivad lisaks seemnetele ka mulla ja taimej\u00e4\u00e4nustega, sellep\u00e4rast on puhtimine eriti t\u00f5hus taimeehaiguste t\u00f5rjev\u00f5te. Puhtimine takistab seenhaiguste levikut. Suures osas kahjustavad kurgitaimi just seenhaigused, seet\u00f5ttu soovitatakse k\u00fclvata just puhituid seemneid.<\/p>\n<p>Puhtimiseks on soovitatav valida k\u00f5ige kogukamad seemned, mis on puhtad ja vigastusteta. Soovitatav on puhitud seemned kohe samal aastal maha k\u00fclvata, sest muidu v\u00f5ib halveneda nende idanemisv\u00f5ime. Seemnete puhtimisel on oluline kasutada isikukaitsevahendeid, sest kasutatakse m\u00fcrkkemikaale ja puhitud seemnete k\u00fclvamisel on kindlasti soovitatav kanda kindaid. Kui oled paljaste k\u00e4tega k\u00fclvanud puhitud seemneid, tuleb kohe peale t\u00f6\u00f6 l\u00f5petamist k\u00e4ed korralikult seebiga puhtaks pesta.<\/p>\n<p>M\u00f5ned n\u00e4ited puhtimise toimeainetest: triadimenool, fluoksastrobiin, fluop\u00fcraam, fludioksoniil, sedaksaan.<\/p>\n<p>&nbsp;<\/p>\n<p>Artikli koostas\u00a0R\u00e4pina Aianduskooli aianduse eriala teise kursuse \u00f5pilane<br \/>\nTuuli Geetsia T\u0161a\u0161kin<\/p>\n<p>&nbsp;<\/p>\n<p>Allikas:<br \/>\n<a href=\"http:\/\/www.reliablecorporation.in\/Seed%20%20Colour%20%20Coating%20Polymer.html\" target=\"_blank\" rel=\"noopener\">http:\/\/www.reliablecorporation.in\/Seed%20%20Colour%20%20Coating%20Polymer.html<\/a><\/p>\n","protected":false},"excerpt":{"rendered":"<p>Taimede kaitseks haiguste vastu on soovitatav seemneid puhtida st. seemned kaetakse kemikaalidega, mis takistavad haigustekitajate sisenemist seemnetesse. Puhitud seemned tunneb alati \u00e4ra nende v\u00e4rvilise v\u00e4limuse t\u00f5ttu. V\u00e4rvuse annab neile kemikaal, millega seemneid on t\u00f6\u00f6deldud. N\u00e4ide kuidas n\u00e4evad v\u00e4lja puhitud seemned: Puhtimine on \u00fcks soodsamaid, keskkonnas\u00f5bralikumaid ja taimede varajases arengufaasis ka k\u00f5ige efektiivsem meetod taimede kaitseks. Paljud haigused levivad lisaks seemnetele ka mulla ja taimej\u00e4\u00e4nustega, sellep\u00e4rast on puhtimine eriti t\u00f5hus taimeehaiguste t\u00f5rjev\u00f5te. Puhtimine takistab seenhaiguste levikut. Suures osas kahjustavad kurgitaimi just seenhaigused, seet\u00f5ttu soovitatakse k\u00fclvata just puhituid seemneid. Puhtimiseks on soovitatav valida k\u00f5ige kogukamad seemned, mis on puhtad ja vigastusteta. Soovitatav..<\/p>\n","protected":false},"author":2,"featured_media":0,"parent":10,"menu_order":0,"comment_status":"closed","ping_status":"closed","template":"","meta":{"footnotes":""},"class_list":["post-181","page","type-page","status-publish","hentry"],"_links":{"self":[{"href":"https:\/\/aianduskool.ee\/kurgisobrad\/wp-json\/wp\/v2\/pages\/181","targetHints":{"allow":["GET"]}}],"collection":[{"href":"https:\/\/aianduskool.ee\/kurgisobrad\/wp-json\/wp\/v2\/pages"}],"about":[{"href":"https:\/\/aianduskool.ee\/kurgisobrad\/wp-json\/wp\/v2\/types\/page"}],"author":[{"embeddable":true,"href":"https:\/\/aianduskool.ee\/kurgisobrad\/wp-json\/wp\/v2\/users\/2"}],"replies":[{"embeddable":true,"href":"https:\/\/aianduskool.ee\/kurgisobrad\/wp-json\/wp\/v2\/comments?post=181"}],"version-history":[{"count":3,"href":"https:\/\/aianduskool.ee\/kurgisobrad\/wp-json\/wp\/v2\/pages\/181\/revisions"}],"predecessor-version":[{"id":187,"href":"https:\/\/aianduskool.ee\/kurgisobrad\/wp-json\/wp\/v2\/pages\/181\/revisions\/187"}],"up":[{"embeddable":true,"href":"https:\/\/aianduskool.ee\/kurgisobrad\/wp-json\/wp\/v2\/pages\/10"}],"wp:attachment":[{"href":"https:\/\/aianduskool.ee\/kurgisobrad\/wp-json\/wp\/v2\/media?parent=181"}],"curies":[{"name":"wp","href":"https:\/\/api.w.org\/{rel}","templated":true}]}}