{"id":19,"date":"2018-01-17T09:43:37","date_gmt":"2018-01-17T07:43:37","guid":{"rendered":"http:\/\/aianduskool.ee\/kurgisobrad\/?page_id=19"},"modified":"2018-05-22T10:52:25","modified_gmt":"2018-05-22T07:52:25","slug":"konkursid","status":"publish","type":"page","link":"https:\/\/aianduskool.ee\/kurgisobrad\/konkursid\/","title":{"rendered":"Konkursid"},"content":{"rendered":"<p>Taimeprojekti \u201cKurgis\u00f5brad\u201d ajal toimub mitmeid konkursse. N\u00f5uded leiad lingi alt.<\/p>\n<p>Projektip\u00e4rviku konkurss. <a href=\"http:\/\/aianduskool.ee\/kurgisobrad\/projektipaeviku-konkurss-19-02-29-04-2018\/\" target=\"_blank\" rel=\"noopener\">N\u00f5uded<\/a>. <a href=\"http:\/\/aianduskool.ee\/kurgisobrad\/konkursid\/tulemused-projektipaevik\/\" target=\"_blank\" rel=\"noopener\">TULEMUSED<\/a><br \/>\nFotokonkurss &#8220;Makropilt&#8221;. <a href=\"http:\/\/aianduskool.ee\/kurgisobrad\/fotokonkurss-makropilt-19-02-29-04-2018\/\" target=\"_blank\" rel=\"noopener\">N\u00f5uded<\/a>. <a href=\"http:\/\/aianduskool.ee\/kurgisobrad\/konkursid\/tulemused-makrofoto\/\">TULEMUSED<\/a><br \/>\nI loomekonkurss (jutt, luuletus). <a href=\"http:\/\/aianduskool.ee\/kurgisobrad\/loomekonkurss-i-12-03-15-04-2018\/\" target=\"_blank\" rel=\"noopener\">N\u00f5uded<\/a>. <a href=\"http:\/\/aianduskool.ee\/kurgisobrad\/konkursid\/tulemused-i\/\" target=\"_blank\" rel=\"noopener\">TULEMUSED<\/a><br \/>\nII loomekonkurss (joonistamine). <a href=\"http:\/\/aianduskool.ee\/kurgisobrad\/ii-loomekonkurss-26-03-29-04-2018\/\" target=\"_blank\" rel=\"noopener\">N\u00f5uded<\/a>. <a href=\"http:\/\/aianduskool.ee\/kurgisobrad\/konkursid\/tulemused-ii\/\" target=\"_blank\" rel=\"noopener\">TULEMUSED<\/a><\/p>\n","protected":false},"excerpt":{"rendered":"<p>Taimeprojekti \u201cKurgis\u00f5brad\u201d ajal toimub mitmeid konkursse. N\u00f5uded leiad lingi alt. Projektip\u00e4rviku konkurss. N\u00f5uded. TULEMUSED Fotokonkurss &#8220;Makropilt&#8221;. N\u00f5uded. TULEMUSED I loomekonkurss (jutt, luuletus). N\u00f5uded. TULEMUSED II loomekonkurss (joonistamine). N\u00f5uded. TULEMUSED<\/p>\n","protected":false},"author":2,"featured_media":0,"parent":0,"menu_order":6,"comment_status":"closed","ping_status":"closed","template":"","meta":{"footnotes":""},"class_list":["post-19","page","type-page","status-publish","hentry"],"_links":{"self":[{"href":"https:\/\/aianduskool.ee\/kurgisobrad\/wp-json\/wp\/v2\/pages\/19","targetHints":{"allow":["GET"]}}],"collection":[{"href":"https:\/\/aianduskool.ee\/kurgisobrad\/wp-json\/wp\/v2\/pages"}],"about":[{"href":"https:\/\/aianduskool.ee\/kurgisobrad\/wp-json\/wp\/v2\/types\/page"}],"author":[{"embeddable":true,"href":"https:\/\/aianduskool.ee\/kurgisobrad\/wp-json\/wp\/v2\/users\/2"}],"replies":[{"embeddable":true,"href":"https:\/\/aianduskool.ee\/kurgisobrad\/wp-json\/wp\/v2\/comments?post=19"}],"version-history":[{"count":5,"href":"https:\/\/aianduskool.ee\/kurgisobrad\/wp-json\/wp\/v2\/pages\/19\/revisions"}],"predecessor-version":[{"id":415,"href":"https:\/\/aianduskool.ee\/kurgisobrad\/wp-json\/wp\/v2\/pages\/19\/revisions\/415"}],"wp:attachment":[{"href":"https:\/\/aianduskool.ee\/kurgisobrad\/wp-json\/wp\/v2\/media?parent=19"}],"curies":[{"name":"wp","href":"https:\/\/api.w.org\/{rel}","templated":true}]}}