{"id":192,"date":"2018-03-05T12:43:44","date_gmt":"2018-03-05T10:43:44","guid":{"rendered":"http:\/\/aianduskool.ee\/kurgisobrad\/?page_id=192"},"modified":"2018-03-05T12:44:17","modified_gmt":"2018-03-05T10:44:17","slug":"kuidas-paljundada-harilikku-kurki-seemnetega","status":"publish","type":"page","link":"https:\/\/aianduskool.ee\/kurgisobrad\/artiklid\/kuidas-paljundada-harilikku-kurki-seemnetega\/","title":{"rendered":"Kuidas harilikku kurki seemnetega paljundada?"},"content":{"rendered":"<p>Harilikku kurki paljundatakse peamiselt seemnetega. Enne kui ostad seemned, tuleb teada kuhu sa hakkad k\u00fclvama ja kuhu plaanid hiljem taimed istutada. Kurkide kasvatamine s\u00f5ltub sordist. M\u00f5ned sordid on m\u00f5eldud kasvatamiseks kasvuhoones ja teised j\u00e4llegi avamaal, kuid on ka selliseid sorte mida saab kasvatada aknalaual.<\/p>\n<p>Kui oled sordi v\u00e4lja valinud ja seemned ostnud, v\u00f5ib hakata k\u00fclvama. Seemned v\u00f5ib k\u00fclvata otse mullaga t\u00e4idetud pottidesse. Pottide l\u00e4bim\u00f5\u00f5t v\u00f5iks olla umbes 5-6 cm. Igasse potti k\u00fclva \u00fcks seeme. Kui nii v\u00e4ikest potti pole, v\u00f5ib k\u00fclvi teha ka madalasse karpi v\u00f5i suuremasse potti. Seemned k\u00fclva 0,5 cm s\u00fcgavusele mulda ja kasta korralikult. Kastmisel kasuta toasooja vett. Peale kastmist kata k\u00fclvid klaasi v\u00f5i kilega.<\/p>\n<p>Kurgid armastavad sooja ja niiskust, kuna nad kasvavad looduslikult soojas kliimas. Idanemisel eelistab harilik kurk kuni 25 kraadi sooja. Sellise temperatuuri juures t\u00e4rkavad taimekesed juba 3-5 p\u00e4evaga. Peale t\u00e4rkamist tuleb aga kate koheselt eemaldada, et taimed saaksid paremini kohaneda \u00fcmbritseva keskkonnaga.<\/p>\n<p>N\u00e4dal peale taimede t\u00e4rkamist tuleb need taimed \u00fcksteisest eraldada ja \u00fcksikult \u00fcmber istutada. \u00dcmberistutamisel tuleb j\u00e4lgida, et taimede juured viga ei saaks ja taimed oleksid idulehtedeni mullas. Nii saab taim kasvatada lisajuuri mulda j\u00e4\u00e4vale varreosale. Peale \u00fcmberistutust kasta taimi toasooja veega ja aseta nad v\u00f5imalikult valgesse kasvukohta. V\u00e4ikeste taimede v\u00e4etamist v\u00f5iks teha kaks n\u00e4dalat peale potistamist.<\/p>\n<p>&nbsp;<\/p>\n<p>Artikli koostas R\u00e4pina Aianduskooli aedniku eriala esimese kursuse \u00f5pilane<br \/>\nArje Dubrovenski<\/p>\n","protected":false},"excerpt":{"rendered":"<p>Harilikku kurki paljundatakse peamiselt seemnetega. Enne kui ostad seemned, tuleb teada kuhu sa hakkad k\u00fclvama ja kuhu plaanid hiljem taimed istutada. Kurkide kasvatamine s\u00f5ltub sordist. M\u00f5ned sordid on m\u00f5eldud kasvatamiseks kasvuhoones ja teised j\u00e4llegi avamaal, kuid on ka selliseid sorte mida saab kasvatada aknalaual. Kui oled sordi v\u00e4lja valinud ja seemned ostnud, v\u00f5ib hakata k\u00fclvama. Seemned v\u00f5ib k\u00fclvata otse mullaga t\u00e4idetud pottidesse. Pottide l\u00e4bim\u00f5\u00f5t v\u00f5iks olla umbes 5-6 cm. Igasse potti k\u00fclva \u00fcks seeme. Kui nii v\u00e4ikest potti pole, v\u00f5ib k\u00fclvi teha ka madalasse karpi v\u00f5i suuremasse potti. Seemned k\u00fclva 0,5 cm s\u00fcgavusele mulda ja kasta korralikult. Kastmisel kasuta toasooja..<\/p>\n","protected":false},"author":2,"featured_media":0,"parent":10,"menu_order":0,"comment_status":"closed","ping_status":"closed","template":"","meta":{"footnotes":""},"class_list":["post-192","page","type-page","status-publish","hentry"],"_links":{"self":[{"href":"https:\/\/aianduskool.ee\/kurgisobrad\/wp-json\/wp\/v2\/pages\/192","targetHints":{"allow":["GET"]}}],"collection":[{"href":"https:\/\/aianduskool.ee\/kurgisobrad\/wp-json\/wp\/v2\/pages"}],"about":[{"href":"https:\/\/aianduskool.ee\/kurgisobrad\/wp-json\/wp\/v2\/types\/page"}],"author":[{"embeddable":true,"href":"https:\/\/aianduskool.ee\/kurgisobrad\/wp-json\/wp\/v2\/users\/2"}],"replies":[{"embeddable":true,"href":"https:\/\/aianduskool.ee\/kurgisobrad\/wp-json\/wp\/v2\/comments?post=192"}],"version-history":[{"count":2,"href":"https:\/\/aianduskool.ee\/kurgisobrad\/wp-json\/wp\/v2\/pages\/192\/revisions"}],"predecessor-version":[{"id":194,"href":"https:\/\/aianduskool.ee\/kurgisobrad\/wp-json\/wp\/v2\/pages\/192\/revisions\/194"}],"up":[{"embeddable":true,"href":"https:\/\/aianduskool.ee\/kurgisobrad\/wp-json\/wp\/v2\/pages\/10"}],"wp:attachment":[{"href":"https:\/\/aianduskool.ee\/kurgisobrad\/wp-json\/wp\/v2\/media?parent=192"}],"curies":[{"name":"wp","href":"https:\/\/api.w.org\/{rel}","templated":true}]}}