{"id":196,"date":"2018-03-05T13:04:20","date_gmt":"2018-03-05T11:04:20","guid":{"rendered":"http:\/\/aianduskool.ee\/kurgisobrad\/?page_id=196"},"modified":"2018-03-05T13:04:47","modified_gmt":"2018-03-05T11:04:47","slug":"kurgitaimede-pookimine","status":"publish","type":"page","link":"https:\/\/aianduskool.ee\/kurgisobrad\/artiklid\/kurgitaimede-pookimine\/","title":{"rendered":"Kurgitaimede pookimine"},"content":{"rendered":"<p>Kurgi peamised paljundusmeetodid on seemnest taime kasvatamine ja pookimine, saab paljundada ka pistikutest, mis pole eriti m\u00f5ttekas t\u00f6\u00f6mahu t\u00f5ttu. Kurgitaimi poogitakse peamiselt l\u00f5unamaades, sest seal on pikemad suved, mis pookimise \u00e4ra tasuvad. Taimed poogitakse esimeste p\u00e4rislehtede ilmumise faasis. Pookealuseks kasutatakse tavaliselt rullk\u00f5rvitsat (ehk kabat\u0161okki). Erinevalt harilikust k\u00f5rvitsast on rullk\u00f5rvits p\u00f5uataluvuse t\u00f5ttu h\u00e4sti vastupidav ja v\u00e4hen\u00f5udlik.<\/p>\n<p>K\u00f5rvitsataimele (pookealusele) tehakse V-kujuline l\u00f5ige ning eemaldatakse kasvukuhik koos sealt juba v\u00e4ljakasvanud noorte lehtedega. Kurgitaim peab olema kahe idulehe faasis, kus v\u00f5ib hakata veel v\u00e4lja punnitama esimene p\u00e4risleht. Rohkemate lehtedega taimedel on lehe kogupindala liiga suur ning taimedest aurustub liiga palju vett ning taim kuivab \u00e4ra, enne kui j\u00f5uab kokku kasvada (ka k\u00f5rge \u00f5huniiskusega keskkonnas). Kurgitaimele tehakse V kujuline l\u00f5ige umbes 1-1,5 cm pikkune ning sisestatakse k\u00f5rvitsa varre\u00f5\u00f5nsusesse, mida on soovitav eelnevalt sukavarda v\u00f5i n\u00f5elaga seestpoolt kriimustada, et nii k\u00f5rvitsa kui ka kurgi koed omavahel kokku puutuks ning moodustuks haavakude.<\/p>\n<p>Kasutusel on mitmeid pookemeetodeid kui see mida just kirjeldasin on algajale huvilisele ilmselt \u00fcks lihtsamaid ja toob k\u00fcllaltki h\u00e4id tulemusi. Peamised p\u00f5hjused miks kurki ja muid k\u00f5rvitsalisi poogitakse on j\u00e4rgnevad: p\u00f5uakindlus, haigustele suurem vastupanuv\u00f5ime, suurendatud saagikus ja kiirem ning j\u00f5ulisem kasv ning suurem viljakus. Kuna poogitud kurgitaimed saavad palju rohkem toitaineid ja vett v\u00f5imsa k\u00f5rvitsa juurestiku kaudu siis saab kasutada teistsuguseid \u00fclessidumis\/kasvatusmeetodeid, nagu n\u00e4iteks \u00fcks kurgitaim, mis kasvatatakse maast madalast kaheharuliseks. 2016. aastal viisin ise sellise katse l\u00e4bi, ainuke asi mis ma avastasin oli see, et kurkidel oli kerge k\u00f5rvitsa maik k\u00fcljes. \ud83d\ude42<\/p>\n<div id=\"attachment_197\" style=\"width: 310px\" class=\"wp-caption alignnone\"><img loading=\"lazy\" decoding=\"async\" aria-describedby=\"caption-attachment-197\" class=\"wp-image-197 size-medium\" src=\"http:\/\/aianduskool.ee\/kurgisobrad\/wp-content\/uploads\/2018\/03\/40863_3e896f6f-7b6d-4f36-a7bf-366c57ad978c_1024x1024-300x300.jpg\" alt=\"\" width=\"300\" height=\"300\" srcset=\"https:\/\/aianduskool.ee\/kurgisobrad\/wp-content\/uploads\/2018\/03\/40863_3e896f6f-7b6d-4f36-a7bf-366c57ad978c_1024x1024-300x300.jpg 300w, https:\/\/aianduskool.ee\/kurgisobrad\/wp-content\/uploads\/2018\/03\/40863_3e896f6f-7b6d-4f36-a7bf-366c57ad978c_1024x1024-150x150.jpg 150w, https:\/\/aianduskool.ee\/kurgisobrad\/wp-content\/uploads\/2018\/03\/40863_3e896f6f-7b6d-4f36-a7bf-366c57ad978c_1024x1024.jpg 400w\" sizes=\"auto, (max-width: 300px) 100vw, 300px\" \/><p id=\"caption-attachment-197\" class=\"wp-caption-text\">Allikas: https:\/\/www.harrisseeds.com\/products\/40863-grafting-clips-spring-loaded<\/p><\/div>\n<p>&nbsp;<\/p>\n<p>Oma katsetuse p\u00f5hjal kirjutas artikli R\u00e4pina Aianduskooli aedniku eriala teise kursuse \u00f5pilane<br \/>\nJegor Dejev<\/p>\n","protected":false},"excerpt":{"rendered":"<p>Kurgi peamised paljundusmeetodid on seemnest taime kasvatamine ja pookimine, saab paljundada ka pistikutest, mis pole eriti m\u00f5ttekas t\u00f6\u00f6mahu t\u00f5ttu. Kurgitaimi poogitakse peamiselt l\u00f5unamaades, sest seal on pikemad suved, mis pookimise \u00e4ra tasuvad. Taimed poogitakse esimeste p\u00e4rislehtede ilmumise faasis. Pookealuseks kasutatakse tavaliselt rullk\u00f5rvitsat (ehk kabat\u0161okki). Erinevalt harilikust k\u00f5rvitsast on rullk\u00f5rvits p\u00f5uataluvuse t\u00f5ttu h\u00e4sti vastupidav ja v\u00e4hen\u00f5udlik. K\u00f5rvitsataimele (pookealusele) tehakse V-kujuline l\u00f5ige ning eemaldatakse kasvukuhik koos sealt juba v\u00e4ljakasvanud noorte lehtedega. Kurgitaim peab olema kahe idulehe faasis, kus v\u00f5ib hakata veel v\u00e4lja punnitama esimene p\u00e4risleht. Rohkemate lehtedega taimedel on lehe kogupindala liiga suur ning taimedest aurustub liiga palju vett ning taim kuivab..<\/p>\n","protected":false},"author":2,"featured_media":0,"parent":10,"menu_order":0,"comment_status":"closed","ping_status":"closed","template":"","meta":{"footnotes":""},"class_list":["post-196","page","type-page","status-publish","hentry"],"_links":{"self":[{"href":"https:\/\/aianduskool.ee\/kurgisobrad\/wp-json\/wp\/v2\/pages\/196","targetHints":{"allow":["GET"]}}],"collection":[{"href":"https:\/\/aianduskool.ee\/kurgisobrad\/wp-json\/wp\/v2\/pages"}],"about":[{"href":"https:\/\/aianduskool.ee\/kurgisobrad\/wp-json\/wp\/v2\/types\/page"}],"author":[{"embeddable":true,"href":"https:\/\/aianduskool.ee\/kurgisobrad\/wp-json\/wp\/v2\/users\/2"}],"replies":[{"embeddable":true,"href":"https:\/\/aianduskool.ee\/kurgisobrad\/wp-json\/wp\/v2\/comments?post=196"}],"version-history":[{"count":1,"href":"https:\/\/aianduskool.ee\/kurgisobrad\/wp-json\/wp\/v2\/pages\/196\/revisions"}],"predecessor-version":[{"id":198,"href":"https:\/\/aianduskool.ee\/kurgisobrad\/wp-json\/wp\/v2\/pages\/196\/revisions\/198"}],"up":[{"embeddable":true,"href":"https:\/\/aianduskool.ee\/kurgisobrad\/wp-json\/wp\/v2\/pages\/10"}],"wp:attachment":[{"href":"https:\/\/aianduskool.ee\/kurgisobrad\/wp-json\/wp\/v2\/media?parent=196"}],"curies":[{"name":"wp","href":"https:\/\/api.w.org\/{rel}","templated":true}]}}