{"id":200,"date":"2018-04-23T11:48:27","date_gmt":"2018-04-23T08:48:27","guid":{"rendered":"http:\/\/aianduskool.ee\/kurgisobrad\/?page_id=200"},"modified":"2018-04-23T11:56:37","modified_gmt":"2018-04-23T08:56:37","slug":"9-nadala-kokkuvote","status":"publish","type":"page","link":"https:\/\/aianduskool.ee\/kurgisobrad\/blogid\/9-nadala-kokkuvote\/","title":{"rendered":"9. n\u00e4dala kokkuv\u00f5te"},"content":{"rendered":"<p>Head s\u00f5brad!<\/p>\n<p>Taas on aeg vaadata veidi tagasi ja v\u00f5tta kokku eelmine projektin\u00e4dal.<\/p>\n<p>\u00dcheksas n\u00e4dal t\u00f5i meile palju teateid\u00a0esimestest kurkidega &#8220;maiusamistest&#8221;. \ud83d\ude42 K\u00f5ik t\u00f5desid, et enda kasvatatud kurgid maitsevad ikka v\u00e4ga h\u00e4sti. Samas on veel ka neid, kes kurgitaimedel \u00f5isi n\u00e4inud pole. Taimede kasvukiirus s\u00f5ltub v\u00e4ga palju ruumist, kus taimi kasvatatakse. L\u00f5una- ja p\u00f5hjapoolsete ruumide omadused on erinevad &#8211; \u00fched on soojemad, teised jahedamad, l\u00f5unapoolsetesse ruumidesse paistab enam p\u00e4ikest kui p\u00f5hjapoolsesse ruumi. Samuti m\u00f5jutab taimede kasvukiirust k\u00fclvi s\u00fcgavus, aga ka mulla niiskus, toitainetesisaldus, \u00fcmberistutamise aeg ja anuma suurus, kuhu seemned k\u00fclvati ning taimed \u00fcmber istutati. Taimedele ei meeldi liiga suures anumas kasvada. Neil tekib kasvuseisak, mist\u00f5ttu v\u00f5ib m\u00f6\u00f6duda p\u00e4evi, m\u00f5nikord ka mitu n\u00e4dalat nii, et taimed pole \u00fcldse kasvanud.<\/p>\n<p>Eelmisel n\u00e4dalal saime teada, et aednikud peavad v\u00e4ga kannatlikud olema, sest m\u00f5ni mehhiko pisikurgi taim veel t\u00e4rkas. \ud83d\ude42<\/p>\n<p>\u00dcheksanda n\u00e4dala nipp \u00fctles meile &#8220;Ole t\u00e4helepanelik! Uuri kevade m\u00e4rke.&#8221;. Kindlasti oled juba varasemate n\u00e4dalate jooksul ka kevade m\u00e4rke m\u00e4rganud. Mida enam liigub aeg edasi, seda enam m\u00e4rkame kevadet. Kevade j\u00e4rel saabub suvi, mida me ka k\u00f5ik v\u00e4ga ootame. Aga enne peab kevad m\u00f6\u00f6duma&#8230;<\/p>\n<p>Nii nagu aastaajad on meie s\u00f5brad, on ka n\u00e4dalap\u00e4evad meie s\u00f5brad. Siinkohal on paslik \u00e4ra vaadata \u00fcks tore multifilm \u00a0ja m\u00f5elda, milline n\u00e4dalap\u00e4ev on Sinu k\u00f5ige suurem s\u00f5ber.<\/p>\n<p><iframe loading=\"lazy\" src=\"https:\/\/www.youtube.com\/embed\/N0BAs_5nwzk?rel=0\" width=\"560\" height=\"315\" frameborder=\"0\" allowfullscreen=\"allowfullscreen\"><\/iframe><\/p>\n<p><strong>Mida toob projekti viimane n\u00e4dal?<\/strong><\/p>\n<p><strong>* Katse<\/strong>. J\u00e4lgi taimi ja hoolda. T\u00e4ida katse tabelit ja <strong>vali v\u00e4lja k\u00f5ige tublim (Sinu arvates) hariliku kurgi ja mehhiko pisikurgi taim<\/strong>. T\u00e4hista see katsetabelis \u00e4ra.<br \/>\n<strong>* N\u00e4dala nipp<\/strong>. Uuri, mida see \u00fctleb. M\u00f5tiskle, arutle s\u00f5pradega, tee plaane ja tegutse.<br \/>\n<strong>* Viktoriin<\/strong>. Koolivaheaja t\u00f5ttu uut k\u00fcsimust ei ole. Vastata saab veel eelmise n\u00e4dala k\u00fcsimusele.<br \/>\n<strong>* Konkursid<\/strong>. K\u00e4imas on 2. loomekonkurss. Veel j\u00f5uad meile saata oma joonistusi. Samuti on v\u00f5imalus osaleda projektip\u00e4eviku ja fotokonkursil.<\/p>\n<p>&nbsp;<\/p>\n<p>Projekti meeskond soovib k\u00f5igile s\u00f5pradele teguderohket viimast projektin\u00e4dalat ning koolilastele toredat vaheaega!<\/p>\n","protected":false},"excerpt":{"rendered":"<p>Head s\u00f5brad! Taas on aeg vaadata veidi tagasi ja v\u00f5tta kokku eelmine projektin\u00e4dal. \u00dcheksas n\u00e4dal t\u00f5i meile palju teateid\u00a0esimestest kurkidega &#8220;maiusamistest&#8221;. \ud83d\ude42 K\u00f5ik t\u00f5desid, et enda kasvatatud kurgid maitsevad ikka v\u00e4ga h\u00e4sti. Samas on veel ka neid, kes kurgitaimedel \u00f5isi n\u00e4inud pole. Taimede kasvukiirus s\u00f5ltub v\u00e4ga palju ruumist, kus taimi kasvatatakse. L\u00f5una- ja p\u00f5hjapoolsete ruumide omadused on erinevad &#8211; \u00fched on soojemad, teised jahedamad, l\u00f5unapoolsetesse ruumidesse paistab enam p\u00e4ikest kui p\u00f5hjapoolsesse ruumi. Samuti m\u00f5jutab taimede kasvukiirust k\u00fclvi s\u00fcgavus, aga ka mulla niiskus, toitainetesisaldus, \u00fcmberistutamise aeg ja anuma suurus, kuhu seemned k\u00fclvati ning taimed \u00fcmber istutati. Taimedele ei meeldi liiga suures..<\/p>\n","protected":false},"author":2,"featured_media":0,"parent":23,"menu_order":0,"comment_status":"closed","ping_status":"closed","template":"","meta":{"footnotes":""},"class_list":["post-200","page","type-page","status-publish","hentry"],"_links":{"self":[{"href":"https:\/\/aianduskool.ee\/kurgisobrad\/wp-json\/wp\/v2\/pages\/200","targetHints":{"allow":["GET"]}}],"collection":[{"href":"https:\/\/aianduskool.ee\/kurgisobrad\/wp-json\/wp\/v2\/pages"}],"about":[{"href":"https:\/\/aianduskool.ee\/kurgisobrad\/wp-json\/wp\/v2\/types\/page"}],"author":[{"embeddable":true,"href":"https:\/\/aianduskool.ee\/kurgisobrad\/wp-json\/wp\/v2\/users\/2"}],"replies":[{"embeddable":true,"href":"https:\/\/aianduskool.ee\/kurgisobrad\/wp-json\/wp\/v2\/comments?post=200"}],"version-history":[{"count":5,"href":"https:\/\/aianduskool.ee\/kurgisobrad\/wp-json\/wp\/v2\/pages\/200\/revisions"}],"predecessor-version":[{"id":337,"href":"https:\/\/aianduskool.ee\/kurgisobrad\/wp-json\/wp\/v2\/pages\/200\/revisions\/337"}],"up":[{"embeddable":true,"href":"https:\/\/aianduskool.ee\/kurgisobrad\/wp-json\/wp\/v2\/pages\/23"}],"wp:attachment":[{"href":"https:\/\/aianduskool.ee\/kurgisobrad\/wp-json\/wp\/v2\/media?parent=200"}],"curies":[{"name":"wp","href":"https:\/\/api.w.org\/{rel}","templated":true}]}}