{"id":217,"date":"2018-03-12T11:32:49","date_gmt":"2018-03-12T09:32:49","guid":{"rendered":"http:\/\/aianduskool.ee\/kurgisobrad\/?page_id=217"},"modified":"2018-03-12T12:11:13","modified_gmt":"2018-03-12T10:11:13","slug":"3-nadala-kokkuvote","status":"publish","type":"page","link":"https:\/\/aianduskool.ee\/kurgisobrad\/blogid\/3-nadala-kokkuvote\/","title":{"rendered":"3. n\u00e4dala kokkuv\u00f5te"},"content":{"rendered":"<p>Head s\u00f5brad!<\/p>\n<p>V\u00f5tame kolmanda n\u00e4dala kokku ja\u00a0vaatame, mis neljas n\u00e4dal endaga kaasa toob&#8230;<\/p>\n<p>Kolmandal projektin\u00e4dalal tulid vahajal olnud osalejad kooli ning kindlasti pakkusid t\u00e4rganud taimed palju r\u00f5\u00f5mu. Oli ka neid, kes ootasid koolivaheaja m\u00f6\u00f6dumist, et seemned k\u00fclvata. Kiiremad osalejad, kes olid seemned juba kohe projekti alguses k\u00fclvanud, tegid esimese kurgitaimede pottidesse \u00fcmberistutamise.<\/p>\n<p>M\u00e4rgati, et pisimelonid hakkavad t\u00e4rkama. Saime teada, et k\u00f5ik taimede ei kasvagi \u00fchesuguse kiirusega. M\u00f5ne taime t\u00e4rkamine v\u00f5ib v\u00f5tta mitu n\u00e4dalat.<\/p>\n<p>Meie hulgas on ka neid, kes veel taimede t\u00e4rkamist ootavad. Kui taimed ei ole t\u00e4rganud, tasuks uurida, kui soojas kohas k\u00fclvid on. Kurkide ja pisimelonite seemned vajavad t\u00e4rkamiseks sooja ruumi, sobilik temperatuur oleks +23&#8230;+25 kraadi. T\u00e4hele tasuks panna, et aknalaual on oluliselt jahedam kui ruumis. Aknalauale v\u00f5id panna termomeetri. M\u00f5ne tunni m\u00f6\u00f6dudes saadki teada, millise temperatuuriga peavad taimed aknalaual hakkama saama.<\/p>\n<p>Oli ka neid, kes taimede t\u00e4rkamise kiirendamiseks viisid k\u00fclvianumad soojemasse ruumi v\u00f5i panid hoopis radiaatori peale. Siin aga tuleb j\u00e4lgida, et k\u00fclvid \u00fcle ei kuumeneks.<\/p>\n<p>T\u00e4rkamise kiirust m\u00f5jutab ka k\u00fclvis\u00fcgavus. Kui seemned sattusid s\u00fcgavamale kui 0,5&#8230;1cm, v\u00f5tab taimede t\u00e4rkamine rohkem aega.<\/p>\n<p>Kindlasti tuleb j\u00e4lgida ka niiskust. Seemned ei tohiks olla kuivas mullas. Samuti ei sobi liigniiske muld (mulda pigistades tilgub vett s\u00f5rmede vahelt). Liigniiskes mullas hakkavad seemned m\u00e4danema.<\/p>\n<p>Kastmisel j\u00e4lgi, et vesi ei oleks k\u00fclm. Parim on koguda kastmisvesi anumasse ning lasta sellel \u00fcks \u00f6\u00f6p\u00e4ev seista. Kastmiseks sobib v\u00e4ga h\u00e4sti ka lume sulamisel tekkinud vesi. Seegi peab olema ruumi temperatuuril.<\/p>\n<p>\u00dcmberistutamisel sattusid noored taimed uude mulda, mist\u00f5ttu v\u00e4etamine ei ole veel vajalik. Esimene v\u00e4etamine tuleb teha alles 3-4 n\u00e4dalat p\u00e4rast istutamist. Enne v\u00e4etamist peavad taimed juurduma. Samuti on mullas esialgu piisavalt toitaineid. V\u00e4etamise kohta anname kindlasti konkreetsed juhised enne v\u00e4etama asumist. Kindlasti j\u00e4lgi ka juhiseid, mille oleme v\u00e4etiste pakenditesse lisanud. \ud83d\ude42<\/p>\n<p>Kolmanda n\u00e4dala nipp p\u00e4rines rahvakalendrist ja \u00fctles, et\u00a09. m\u00e4rts on tsirgup\u00e4ev. Tsirgup\u00e4ev on t\u00f5eline lindude p\u00e4ev. Saime teada, et vanarahvas \u00fctles, et soojal maal p\u00f6\u00f6rab nelik\u00fcmmend lindu suu suve poole ja pea p\u00e4eva (p\u00e4ikese), alustades r\u00e4ndamist meie poole. See saab t\u00e4hendada ainult \u00fcht &#8211; s\u00fcgisel talvituma suundunud linnud hakkavad meile tagasi tulema, ja et kevad ei ole enam kaugel.<\/p>\n<p><strong>Mis juhtub projekti neljandal n\u00e4dalal?<\/strong><\/p>\n<p><strong>* Katse.<\/strong> J\u00e4lgi taimi, vajadusel istuta nad \u00fcmber ja kasta. Kes alles k\u00fclvas seemneid, j\u00e4lgige t\u00e4rkamist.<br \/>\n<strong>* N\u00e4dala nipp.<\/strong> Otsi kodulehelt uus ja aruta, mida see t\u00e4hendab.<br \/>\n<strong>* Viktoriin.<\/strong> Vasta kolmandale k\u00fcsimusele.<br \/>\n<strong>* Konkursid. <\/strong>Avatud on projektip\u00e4eviku, foto- konkursid. Lisandus jutu ja luuletuse kirjutamise konkurss. N\u00f5udeid vaata men\u00fc\u00fcst &#8220;<a href=\"http:\/\/aianduskool.ee\/kurgisobrad\/konkursid\/\" target=\"_blank\" rel=\"noopener\">Konkursid<\/a>&#8220;.<br \/>\n<strong>* Artiklid.<\/strong> Aianduskooli \u00f5pilased kirjutasid terve hulga huvitavaid <a href=\"http:\/\/aianduskool.ee\/kurgisobrad\/artiklid\/\" target=\"_blank\" rel=\"noopener\">artikleid<\/a>. Loe ja kogu uusi teadmisi.<\/p>\n<p>Kurgis\u00f5bra projekti meeskond soovib k\u00f5igile osalejatele m\u00f5nusat emakeelep\u00e4eva!<\/p>\n","protected":false},"excerpt":{"rendered":"<p>Head s\u00f5brad! V\u00f5tame kolmanda n\u00e4dala kokku ja\u00a0vaatame, mis neljas n\u00e4dal endaga kaasa toob&#8230; Kolmandal projektin\u00e4dalal tulid vahajal olnud osalejad kooli ning kindlasti pakkusid t\u00e4rganud taimed palju r\u00f5\u00f5mu. Oli ka neid, kes ootasid koolivaheaja m\u00f6\u00f6dumist, et seemned k\u00fclvata. Kiiremad osalejad, kes olid seemned juba kohe projekti alguses k\u00fclvanud, tegid esimese kurgitaimede pottidesse \u00fcmberistutamise. M\u00e4rgati, et pisimelonid hakkavad t\u00e4rkama. Saime teada, et k\u00f5ik taimede ei kasvagi \u00fchesuguse kiirusega. M\u00f5ne taime t\u00e4rkamine v\u00f5ib v\u00f5tta mitu n\u00e4dalat. Meie hulgas on ka neid, kes veel taimede t\u00e4rkamist ootavad. Kui taimed ei ole t\u00e4rganud, tasuks uurida, kui soojas kohas k\u00fclvid on. Kurkide ja pisimelonite seemned vajavad..<\/p>\n","protected":false},"author":2,"featured_media":0,"parent":23,"menu_order":0,"comment_status":"closed","ping_status":"closed","template":"","meta":{"footnotes":""},"class_list":["post-217","page","type-page","status-publish","hentry"],"_links":{"self":[{"href":"https:\/\/aianduskool.ee\/kurgisobrad\/wp-json\/wp\/v2\/pages\/217","targetHints":{"allow":["GET"]}}],"collection":[{"href":"https:\/\/aianduskool.ee\/kurgisobrad\/wp-json\/wp\/v2\/pages"}],"about":[{"href":"https:\/\/aianduskool.ee\/kurgisobrad\/wp-json\/wp\/v2\/types\/page"}],"author":[{"embeddable":true,"href":"https:\/\/aianduskool.ee\/kurgisobrad\/wp-json\/wp\/v2\/users\/2"}],"replies":[{"embeddable":true,"href":"https:\/\/aianduskool.ee\/kurgisobrad\/wp-json\/wp\/v2\/comments?post=217"}],"version-history":[{"count":5,"href":"https:\/\/aianduskool.ee\/kurgisobrad\/wp-json\/wp\/v2\/pages\/217\/revisions"}],"predecessor-version":[{"id":227,"href":"https:\/\/aianduskool.ee\/kurgisobrad\/wp-json\/wp\/v2\/pages\/217\/revisions\/227"}],"up":[{"embeddable":true,"href":"https:\/\/aianduskool.ee\/kurgisobrad\/wp-json\/wp\/v2\/pages\/23"}],"wp:attachment":[{"href":"https:\/\/aianduskool.ee\/kurgisobrad\/wp-json\/wp\/v2\/media?parent=217"}],"curies":[{"name":"wp","href":"https:\/\/api.w.org\/{rel}","templated":true}]}}