{"id":235,"date":"2018-03-19T12:38:17","date_gmt":"2018-03-19T10:38:17","guid":{"rendered":"http:\/\/aianduskool.ee\/kurgisobrad\/?page_id=235"},"modified":"2018-03-19T12:40:10","modified_gmt":"2018-03-19T10:40:10","slug":"4-nadala-kokkuvote","status":"publish","type":"page","link":"https:\/\/aianduskool.ee\/kurgisobrad\/blogid\/4-nadala-kokkuvote\/","title":{"rendered":"4. n\u00e4dala kokkuv\u00f5te"},"content":{"rendered":"<p>Head s\u00f5brad!<\/p>\n<p>V\u00f5tame projekti\u00a0neljanda n\u00e4dala kokku.<\/p>\n<p>Neljandal n\u00e4dalal j\u00e4tkasime taimede\u00a0j\u00e4lgimise ja hooldamisega. Paljud v\u00f5tsid ette taimede \u00fcmberistutamise, nii ka aianduskooli \u00f5pilased. Pisimeloni taimed olid neil pottidesse istutamata. Selle kohta valmis ka <a href=\"http:\/\/aianduskool.ee\/kurgisobrad\/#videod-2\" target=\"_blank\" rel=\"noopener\">video<\/a>. K\u00f5iki aianduskooli \u00f5pilaste videosid saab projekti kodulehelt, men\u00fc\u00fcst &#8220;Videod&#8221; \u00fcle vaadata.<\/p>\n<p>Kuna kevadp\u00e4ike paistab juba eredalt, siis j\u00e4lgige, et taimed ei saaks p\u00e4ikesep\u00f5letust. Samuti v\u00f5ivad taimi kimbutama hakata siseruumides levivad kahjurid. Peamised neist on punane kedriklest, kasvuhoone karilane ja ka lehet\u00e4id. Viimased v\u00f5ivad ilmuda \u00f5uest toodud okste ajatamise k\u00e4igus v\u00f5i ruumi sattuda teiste taimedega (nt ajatatud sibullilled, priimulad).<\/p>\n<p>Taimede kasvu ja arengut m\u00f5jutab ka muld, mille sisse taimed istutatakse. K\u00fclvamisel v\u00f5is kasutada k\u00fclviturvast. Sellesse aga pole otstarbekas suuremaid taimi istutada. K\u00fclviturvas on m\u00f5eldud k\u00fclvamiseks ja selles on taimedele v\u00e4he toitaineid. Suuremad taimed vajavad rohkem toitaineid, mist\u00f5ttu on hea taimed istutada k\u00f6\u00f6giviljade kasvatamiseks m\u00f5eldud substraati. Oluline on j\u00e4lgida ka substraadi pH-d (happesisust). Eba\u00f5ige happesuse korral ei ole taimed v\u00f5imalised toitaineid omastama, misj\u00e4rel nad j\u00e4\u00e4vad n\u00f5rgaks ning muutuvad vastuv\u00f5tlikuks kahjuritele ja haigustele. Kurkidele sobib h\u00e4sti neutraalsemapoolne pH (v\u00e4\u00e4rtus 6,0-6,7). pH v\u00e4\u00e4rtus on alati mullakoti peale kirjutatud. Samuti on kirjas see, milliste taimede kasvatamiseks kotis olev substraat sobilik on.<\/p>\n<p>Neljanda n\u00e4dala nipp p\u00e4rines taaskord rahvakalendrist ja \u00fctles, et\u00a017. m\u00e4rts on k\u00e4\u00e4drip\u00e4ev! Vanarahva tarkuse kohaselt pidi karu sel p\u00e4eval end k\u00e4puli keerama. \u00a0See aga t\u00e4hendab, et oleme j\u00e4lle kukesammu v\u00f5rra kevadele l\u00e4hemale astunud. Muideks, 20. m\u00e4rtsil kell 18.15 algabki kevad! \ud83d\ude42<\/p>\n<p><strong>Mis juhtub projekti viiendal n\u00e4dalal?<\/strong><\/p>\n<p>* <strong>Katse.<\/strong> J\u00e4lgi taimi. Vajadusel kasta, istuta \u00fcmber. Pane t\u00e4hele taime k\u00f5rgust ja varre pikkust. Vajadusel v\u00f5id hakata toestama. Toestamiseks sobivad h\u00e4sti bambuskepid, n\u00f6\u00f6r vm. Arvesta, et kurgi taim v\u00f5ib kasvada 2 m k\u00f5rguseks v\u00f5i k\u00f5rgemakski. Toestuskepid suru potti ettevaatlikult, poti servast. Mida varrele l\u00e4hemalt toestuskepi potti surud, seda enam vigastad taime juuri. Vigastatud juurtega taim aga m\u00f5neks ajaks n\u00f5rgestub ning muutub kahjustajatele vastuv\u00f5tlikuks. V\u00e4ikestes pottides kasvavad taimed tuleb enne toestamist veel suuremasse potti \u00fcmber istutada. Meie poot tulevad aga selle kohta taas juhised \u00f5pilaste video n\u00e4ol.<br \/>\n* <strong>N\u00e4dala nipp.<\/strong> Otsi kodulehelt uus n\u00e4dala nipp ning aruta s\u00f5braga, mida see v\u00f5iks t\u00e4hendada.<br \/>\n* <strong>Viktoriin.<\/strong> Vasta neljandale k\u00fcsimusele.<br \/>\n* <strong>Konkursid.<\/strong> Avatud on projektip\u00e4eviku, foto- ja esimene loomekonkurss. Peagi lisandub veel teine loomekonkurss. Ait\u00e4h k\u00f5igile, kes on juba esimesele loomekonkursile t\u00f6id esitanud! \ud83d\ude42<br \/>\n* <strong>Facebook.<\/strong> J\u00e4lgi ka meie Facebooki gruppi. Sealtki leiad palju p\u00f5nevat, ning saad kiiret abi ja vastuseid oma k\u00fcsimustele.<\/p>\n<p>&nbsp;<\/p>\n<p>Projekti meeskond soovib k\u00f5igile osalejatele m\u00f5nusat kevadet ning r\u00f5\u00f5mu ja palju \u00fcllatusi taimede kasvatamisel!<\/p>\n","protected":false},"excerpt":{"rendered":"<p>Head s\u00f5brad! V\u00f5tame projekti\u00a0neljanda n\u00e4dala kokku. Neljandal n\u00e4dalal j\u00e4tkasime taimede\u00a0j\u00e4lgimise ja hooldamisega. Paljud v\u00f5tsid ette taimede \u00fcmberistutamise, nii ka aianduskooli \u00f5pilased. Pisimeloni taimed olid neil pottidesse istutamata. Selle kohta valmis ka video. K\u00f5iki aianduskooli \u00f5pilaste videosid saab projekti kodulehelt, men\u00fc\u00fcst &#8220;Videod&#8221; \u00fcle vaadata. Kuna kevadp\u00e4ike paistab juba eredalt, siis j\u00e4lgige, et taimed ei saaks p\u00e4ikesep\u00f5letust. Samuti v\u00f5ivad taimi kimbutama hakata siseruumides levivad kahjurid. Peamised neist on punane kedriklest, kasvuhoone karilane ja ka lehet\u00e4id. Viimased v\u00f5ivad ilmuda \u00f5uest toodud okste ajatamise k\u00e4igus v\u00f5i ruumi sattuda teiste taimedega (nt ajatatud sibullilled, priimulad). Taimede kasvu ja arengut m\u00f5jutab ka muld, mille sisse taimed..<\/p>\n","protected":false},"author":2,"featured_media":0,"parent":23,"menu_order":0,"comment_status":"closed","ping_status":"closed","template":"","meta":{"footnotes":""},"class_list":["post-235","page","type-page","status-publish","hentry"],"_links":{"self":[{"href":"https:\/\/aianduskool.ee\/kurgisobrad\/wp-json\/wp\/v2\/pages\/235","targetHints":{"allow":["GET"]}}],"collection":[{"href":"https:\/\/aianduskool.ee\/kurgisobrad\/wp-json\/wp\/v2\/pages"}],"about":[{"href":"https:\/\/aianduskool.ee\/kurgisobrad\/wp-json\/wp\/v2\/types\/page"}],"author":[{"embeddable":true,"href":"https:\/\/aianduskool.ee\/kurgisobrad\/wp-json\/wp\/v2\/users\/2"}],"replies":[{"embeddable":true,"href":"https:\/\/aianduskool.ee\/kurgisobrad\/wp-json\/wp\/v2\/comments?post=235"}],"version-history":[{"count":5,"href":"https:\/\/aianduskool.ee\/kurgisobrad\/wp-json\/wp\/v2\/pages\/235\/revisions"}],"predecessor-version":[{"id":245,"href":"https:\/\/aianduskool.ee\/kurgisobrad\/wp-json\/wp\/v2\/pages\/235\/revisions\/245"}],"up":[{"embeddable":true,"href":"https:\/\/aianduskool.ee\/kurgisobrad\/wp-json\/wp\/v2\/pages\/23"}],"wp:attachment":[{"href":"https:\/\/aianduskool.ee\/kurgisobrad\/wp-json\/wp\/v2\/media?parent=235"}],"curies":[{"name":"wp","href":"https:\/\/api.w.org\/{rel}","templated":true}]}}