{"id":296,"date":"2018-03-26T14:01:55","date_gmt":"2018-03-26T11:01:55","guid":{"rendered":"http:\/\/aianduskool.ee\/kurgisobrad\/?page_id=296"},"modified":"2018-03-26T14:01:55","modified_gmt":"2018-03-26T11:01:55","slug":"5-nadala-kokkuvote","status":"publish","type":"page","link":"https:\/\/aianduskool.ee\/kurgisobrad\/blogid\/5-nadala-kokkuvote\/","title":{"rendered":"5. n\u00e4dala kokkuv\u00f5te"},"content":{"rendered":"<p>Head s\u00f5brad!<\/p>\n<p>Juba viis\u00a0n\u00e4dalat oleme\u00a0kurkide ja pisikurkide taimi p\u00fc\u00fcdnud kasvatada. Kevadki on vahe peal alguse saanud ja suveajale \u00fcle mindud. \u00d5ues aga vihiseb jahe tuul, keerleb ja langeb \u00fcksikuid lumehelbeid&#8230;<br \/>\nJust selline on praegu (26. m\u00e4rts 2018, kell 13.35) olukord R\u00e4pinas.<\/p>\n<p>Aga v\u00f5tame eelmise n\u00e4dala kokku ja vaatame, mis tehtud ja mis teoksil.<\/p>\n<p>&nbsp;<\/p>\n<p>Viiendal n\u00e4dalal j\u00e4tkasime taimede kasvatamise katsetust. Kuna meil k\u00f5igil on erinevad tingimused, siis on neid, kellel on hariliku kurgi taimedele ilmunud esimesed viljahakatised, samal ajal kui teistel alles pisikurgid t\u00e4rkavad. K\u00fcll need pisikurkide seemned on pika &#8220;unega&#8221;. Kui aknast \u00f5ue vaadata, siis nad ehk teevadki \u00f5igesti. \ud83d\ude42 Pisikurgi kohta saad aga rohkem teada aianduskooli \u00f5pilaste viiendast videost. Vaata seda meie kodulehel olevate videote hulgast.<\/p>\n<p>Viienda n\u00e4dala nipp p\u00e4rines j\u00e4lle &#8220;Eesti rahvakalendrist&#8221; ja \u00fctles, et 25. m\u00e4rts on maarjap\u00e4ev. Sellel p\u00e4eval k\u00fclvati kapsa seemned. Suurte kapsaste saamiseks keriti suuri l\u00f5ngakerasid ja k\u00fcpsetati suuri pannkooke. Kas sinul on kapsa seemned k\u00fclvatud, l\u00f5ngakera keritud ja suur pannkook k\u00fcpsetatud? Kui ei, siis v\u00f5ta need tegevused p\u00e4evakavasse.<\/p>\n<p>Mis juhtub projekti kuuendal n\u00e4dalal?<\/p>\n<p>* <strong>Katse<\/strong>. J\u00e4lg ja uuri taimi. Vaata kui karvased nad on! Uuri kohe luubiga. Kuidas nad l\u00f5hnavad? Vajadusel kasta, istuta \u00fcmber, toesta, kaitse otsese p\u00e4ikese ja tuulet\u00f5mbuse eest. Kuiva \u00f5hu korral v\u00f5id taimedele vett pihustiga piserdada.<br \/>\n* <strong>N\u00e4dala nipp<\/strong>. Otsi kodulehelt uus n\u00e4dala nipp ja tee oma plaanid. \ud83d\ude09<br \/>\n* <strong>Viktoriin<\/strong>. Vasta viiendale k\u00fcsimusele.<br \/>\n* <strong>Konkursid<\/strong>. Avatud on projektip\u00e4eviku, foto- ja esimene loomekonkurss. T\u00e4na algab ka teine loomekonkurss. N\u00f5udeid teisele loomekonkursile uuri <a href=\"http:\/\/aianduskool.ee\/kurgisobrad\/2018\/03\/21\/ii-loomekonkurss-26-03-29-04-2018\/\" target=\"_blank\" rel=\"noopener\">LINGI<\/a> alt.<br \/>\n* <strong>Facebook<\/strong>. J\u00e4lgi meid ja kaaslasi Facebooki grupis.<br \/>\n* <strong>Muud tegemised<\/strong>. Valmistu \u00fclest\u00f5usmisp\u00fchadeks!<\/p>\n<p>&nbsp;<\/p>\n<p>Projekti meeskond soovib k\u00f5ikidele v\u00e4ikestele ja suurtele kurgis\u00f5pradele kaunist \u00fclest\u00f5usmisp\u00fcha!<\/p>\n","protected":false},"excerpt":{"rendered":"<p>Head s\u00f5brad! Juba viis\u00a0n\u00e4dalat oleme\u00a0kurkide ja pisikurkide taimi p\u00fc\u00fcdnud kasvatada. Kevadki on vahe peal alguse saanud ja suveajale \u00fcle mindud. \u00d5ues aga vihiseb jahe tuul, keerleb ja langeb \u00fcksikuid lumehelbeid&#8230; Just selline on praegu (26. m\u00e4rts 2018, kell 13.35) olukord R\u00e4pinas. Aga v\u00f5tame eelmise n\u00e4dala kokku ja vaatame, mis tehtud ja mis teoksil. &nbsp; Viiendal n\u00e4dalal j\u00e4tkasime taimede kasvatamise katsetust. Kuna meil k\u00f5igil on erinevad tingimused, siis on neid, kellel on hariliku kurgi taimedele ilmunud esimesed viljahakatised, samal ajal kui teistel alles pisikurgid t\u00e4rkavad. K\u00fcll need pisikurkide seemned on pika &#8220;unega&#8221;. Kui aknast \u00f5ue vaadata, siis nad ehk teevadki \u00f5igesti&#8230;<\/p>\n","protected":false},"author":2,"featured_media":0,"parent":23,"menu_order":0,"comment_status":"closed","ping_status":"closed","template":"","meta":{"footnotes":""},"class_list":["post-296","page","type-page","status-publish","hentry"],"_links":{"self":[{"href":"https:\/\/aianduskool.ee\/kurgisobrad\/wp-json\/wp\/v2\/pages\/296","targetHints":{"allow":["GET"]}}],"collection":[{"href":"https:\/\/aianduskool.ee\/kurgisobrad\/wp-json\/wp\/v2\/pages"}],"about":[{"href":"https:\/\/aianduskool.ee\/kurgisobrad\/wp-json\/wp\/v2\/types\/page"}],"author":[{"embeddable":true,"href":"https:\/\/aianduskool.ee\/kurgisobrad\/wp-json\/wp\/v2\/users\/2"}],"replies":[{"embeddable":true,"href":"https:\/\/aianduskool.ee\/kurgisobrad\/wp-json\/wp\/v2\/comments?post=296"}],"version-history":[{"count":2,"href":"https:\/\/aianduskool.ee\/kurgisobrad\/wp-json\/wp\/v2\/pages\/296\/revisions"}],"predecessor-version":[{"id":298,"href":"https:\/\/aianduskool.ee\/kurgisobrad\/wp-json\/wp\/v2\/pages\/296\/revisions\/298"}],"up":[{"embeddable":true,"href":"https:\/\/aianduskool.ee\/kurgisobrad\/wp-json\/wp\/v2\/pages\/23"}],"wp:attachment":[{"href":"https:\/\/aianduskool.ee\/kurgisobrad\/wp-json\/wp\/v2\/media?parent=296"}],"curies":[{"name":"wp","href":"https:\/\/api.w.org\/{rel}","templated":true}]}}