{"id":306,"date":"2018-04-02T11:22:16","date_gmt":"2018-04-02T08:22:16","guid":{"rendered":"http:\/\/aianduskool.ee\/kurgisobrad\/?page_id=306"},"modified":"2018-04-02T11:22:16","modified_gmt":"2018-04-02T08:22:16","slug":"6-nadala-kokkuvote","status":"publish","type":"page","link":"https:\/\/aianduskool.ee\/kurgisobrad\/blogid\/6-nadala-kokkuvote\/","title":{"rendered":"6. n\u00e4dala kokkuv\u00f5te"},"content":{"rendered":"<p>Head ja tublid s\u00f5brad!<\/p>\n<p>Kuues n\u00e4dal on m\u00f6\u00f6dunud ning algas aprill ja \u00fchtlasi ka meie projekti viimane \u00fchine kuu. Veel aprilli l\u00f5puni kasvatame taimi koos, seej\u00e4rel saab iga\u00fcks edasi toimetada oma \u00e4ran\u00e4gemise j\u00e4rgi.<\/p>\n<p>V\u00f5tame aga kuuenda n\u00e4dala kokku.<br \/>\nKuuendal n\u00e4dalal j\u00e4tkasime taimede ees hoolitsemise ja kasvu j\u00e4lgimisega. L\u00e4inud n\u00e4dal t\u00f5i meile palju r\u00f5\u00f5mu ja tegemist &#8211; avanesid esimesed kurgi \u00f5ied, t\u00e4rkasid eriti pika &#8220;unega&#8221; pisikurgi taimed, istutati taimi \u00fcmber ning toestati, kirjutati luuletusi ja jutte. Kindlasti t\u00e4histati ka \u00fclest\u00f5usmisp\u00fchi ning tehti 1. aprilli puhul palju nalja. \ud83d\ude42<br \/>\nKuuenda n\u00e4dala jooksul hakkas taimi kimbutama kummaline n\u00e4htus &#8211; lehtedele tekkisid heledad laigud. Aianduskooli taiekaitse ja k\u00f6\u00f6giviljanduse \u00f5petaja Tairi Albert arvas fotode p\u00f5hjal, et tegemist v\u00f5ib olla kaltsiuni puudusega. Kaltsiumi (Ca) puudus tekib kurkidel \u00fcsna kergesti. P\u00f5hjuseks on see, et taimed on pikemat aega kasvanud samas mullas, samas potis ja juurtel on j\u00e4rjest v\u00e4hem ruumi. Puuduse n\u00e4hud v\u00f5ivad tekkida ka \u00fcmberistutamise j\u00e4rel, sest puuduse tunnused ei tekigi taimele kohe. Nii nagu inimene k\u00fclmetamise j\u00e4rel ei j\u00e4\u00e4 kohe haigeks vaid hoopis m\u00f5ne p\u00e4eva p\u00e4rast, nii tekivad taimedele ka tunnused alles m\u00f5ne aja m\u00f6\u00f6dudes. V\u00e4etisi kasutades kindlasti juhinduge pakis olevast \u00f5petusest. Siinkohal ongi paslik meelde tuletada, et s\u00f5bra komplekt sisaldas vajalikku v\u00e4etist, kaltsiumnitraati.<\/p>\n<p>Kuuenda n\u00e4dala nipp p\u00e4rines taaskord &#8220;Eesti rahvakalendrist&#8221; ja \u00fctles, et 1. aprill on naljap\u00e4ev! Selle p\u00e4eva puhul v\u00f5id teha palju nalja! Kui sa veel ei ole j\u00f5udnud nalja teha, siis v\u00f5id seda aprillikuu teistel p\u00e4evadelgi teha. Aprill on ju naljakuu! \ud83d\ude42<\/p>\n<p><strong>Mis aga juhtub projekti seitsmendal n\u00e4dalal?<\/strong><\/p>\n<p>* <strong>Katse<\/strong>. J\u00e4lgi ikka ja uuri taimi. T\u00e4ida vaatlustabelit. Vajadusel kasta, v\u00e4eta, istuta \u00fcmber v\u00f5i toesta. Tegevused s\u00f5ltuvad n\u00fc\u00fcd juba taime suurusest. Kindlasti vaata \u00fcle ka aianduskooli \u00f5pilaste toredad videod. Nemad n\u00e4itavad ette, kuidas erinevaid t\u00f6id teha.<br \/>\n* <strong>N\u00e4dala nipp<\/strong>. Otsi taas uut nippi meie projekti kodulehelt ja tee sellega seoses midagi toredat.<br \/>\n* <strong>Viktoriin<\/strong>. Vasta kuuendale k\u00fcsimusele.<br \/>\n* <strong>Konkursid.<\/strong> K\u00e4imas on k\u00f5ik konkursid, mis projekti jooksul toimumas on. Uuri t\u00e4psemalt men\u00fc\u00fcst &#8220;Konkursid&#8221;. Pane t\u00e4hele! M\u00f5ned konkursid hakkavad varsti l\u00f5ppema.<br \/>\n* <strong>Facebook<\/strong>. K\u00fclasta kurgis\u00f5bra FB gruppi, lae sinnagi \u00fcles toredaid fotosid ja uuri, kudas kaasosalejatel teistes koolides ja lasteaedades l\u00e4heb. FB grupis saad ka oma r\u00f5\u00f5me ja muresid jagada.<br \/>\n* <strong>Muud tegevused<\/strong>. Jaluta \u00f5ues, uuri kevade m\u00e4rke ja kuula, kas m\u00f5ne linnu laulu ka kuulda on.<\/p>\n<p>&nbsp;<\/p>\n<p>Projekti meeskond soovib k\u00f5ikidele kurgis\u00f5pradele tegusat n\u00e4dalat!<\/p>\n","protected":false},"excerpt":{"rendered":"<p>Head ja tublid s\u00f5brad! Kuues n\u00e4dal on m\u00f6\u00f6dunud ning algas aprill ja \u00fchtlasi ka meie projekti viimane \u00fchine kuu. Veel aprilli l\u00f5puni kasvatame taimi koos, seej\u00e4rel saab iga\u00fcks edasi toimetada oma \u00e4ran\u00e4gemise j\u00e4rgi. V\u00f5tame aga kuuenda n\u00e4dala kokku. Kuuendal n\u00e4dalal j\u00e4tkasime taimede ees hoolitsemise ja kasvu j\u00e4lgimisega. L\u00e4inud n\u00e4dal t\u00f5i meile palju r\u00f5\u00f5mu ja tegemist &#8211; avanesid esimesed kurgi \u00f5ied, t\u00e4rkasid eriti pika &#8220;unega&#8221; pisikurgi taimed, istutati taimi \u00fcmber ning toestati, kirjutati luuletusi ja jutte. Kindlasti t\u00e4histati ka \u00fclest\u00f5usmisp\u00fchi ning tehti 1. aprilli puhul palju nalja. \ud83d\ude42 Kuuenda n\u00e4dala jooksul hakkas taimi kimbutama kummaline n\u00e4htus &#8211; lehtedele tekkisid heledad laigud&#8230;<\/p>\n","protected":false},"author":2,"featured_media":0,"parent":23,"menu_order":0,"comment_status":"closed","ping_status":"closed","template":"","meta":{"footnotes":""},"class_list":["post-306","page","type-page","status-publish","hentry"],"_links":{"self":[{"href":"https:\/\/aianduskool.ee\/kurgisobrad\/wp-json\/wp\/v2\/pages\/306","targetHints":{"allow":["GET"]}}],"collection":[{"href":"https:\/\/aianduskool.ee\/kurgisobrad\/wp-json\/wp\/v2\/pages"}],"about":[{"href":"https:\/\/aianduskool.ee\/kurgisobrad\/wp-json\/wp\/v2\/types\/page"}],"author":[{"embeddable":true,"href":"https:\/\/aianduskool.ee\/kurgisobrad\/wp-json\/wp\/v2\/users\/2"}],"replies":[{"embeddable":true,"href":"https:\/\/aianduskool.ee\/kurgisobrad\/wp-json\/wp\/v2\/comments?post=306"}],"version-history":[{"count":1,"href":"https:\/\/aianduskool.ee\/kurgisobrad\/wp-json\/wp\/v2\/pages\/306\/revisions"}],"predecessor-version":[{"id":307,"href":"https:\/\/aianduskool.ee\/kurgisobrad\/wp-json\/wp\/v2\/pages\/306\/revisions\/307"}],"up":[{"embeddable":true,"href":"https:\/\/aianduskool.ee\/kurgisobrad\/wp-json\/wp\/v2\/pages\/23"}],"wp:attachment":[{"href":"https:\/\/aianduskool.ee\/kurgisobrad\/wp-json\/wp\/v2\/media?parent=306"}],"curies":[{"name":"wp","href":"https:\/\/api.w.org\/{rel}","templated":true}]}}