{"id":311,"date":"2018-04-09T20:55:30","date_gmt":"2018-04-09T17:55:30","guid":{"rendered":"http:\/\/aianduskool.ee\/kurgisobrad\/?page_id=311"},"modified":"2018-04-09T20:55:30","modified_gmt":"2018-04-09T17:55:30","slug":"7-nadala-kokkuvote","status":"publish","type":"page","link":"https:\/\/aianduskool.ee\/kurgisobrad\/blogid\/7-nadala-kokkuvote\/","title":{"rendered":"7. n\u00e4dala kokkuv\u00f5te"},"content":{"rendered":"<p>Hea kurgis\u00f5ber!<\/p>\n<p>N\u00e4dal on m\u00f6\u00f6dunud ning taas on aeg kokkuv\u00f5tete tegemiseks.<br \/>\nSeitsemendal n\u00e4dalal j\u00e4tkasime taimede hooldamisega. \u00dcha enam avaneb uusi \u00f5isi. Paljud taimed vajavad toestamist, aga ka v\u00e4etamist v\u00f5i \u00fcmberistutamist. Tegevusi valides tasuks j\u00e4lgida, kui suur on taim ja millised on vajadused. Uuri j\u00e4rele, millal istutasid taimed \u00fcmber. Kui 3 n\u00e4dalat on juba m\u00f6\u00f6dunud, v\u00f5id alustada kaltsiumnitraadiga v\u00e4etamist. Kindlasti j\u00e4lgi pakis olevast juhist. Oluline on, et v\u00e4etist liiga palju ei kasuta. See v\u00f5ib taimele halvasti, suisa hukutavalt m\u00f5juda.<\/p>\n<p>L\u00e4inud n\u00e4dalal saabus terve hulk konkursit\u00f6id (jutte ja luuletusi). V\u00e4ga tore ja vahva on neid lugeda. Tuleb t\u00f5deda, et kurgis\u00f5brad on v\u00e4ga nutikad ja loovad. Kes veel ei ole j\u00f5udnud oma t\u00f6\u00f6d meile saata, siis veel \u00fche n\u00e4dala saab seda teha. Seej\u00e4rel paneme esimese loomekonkursi lukku ning hakkame t\u00f6\u00f6de hindamisega tegelema. Auv\u00e4\u00e4rt \u017e\u00fcrii plaanis parimad v\u00e4lja selgitada juba aprillikuu l\u00f5puks. \ud83d\ude42<\/p>\n<p>Seitsmenda n\u00e4dala nipp kutsus \u00fcles meisterdama, sest ise tehtud on ikka h\u00e4sti tehtud. Loodame, et leidsid aega meisterdamiseks ning n\u00e4dala jooksul valmis midagi toredat ja praktilist.<\/p>\n<p><strong>Mis juhtub projekti kaheksandal n\u00e4dalal?<\/strong><\/p>\n<p>* <strong>Katse<\/strong>. J\u00e4lgi taimi ja hoolda. Kindlasti t\u00e4ida ka katse tabelit.<br \/>\n* <strong>N\u00e4dala nipp<\/strong>. Taas on projekti kodulehel uus n\u00e4dala nipp, mille \u00fcle m\u00f5elda ja tegutseda.<br \/>\n* <strong>Viktoriin<\/strong>. Vastata saab uuele k\u00fcsimusele.<br \/>\n* <strong>Konkursid<\/strong>. K\u00e4imas on k\u00f5ik konkursid. L\u00f5ppema hakkab 1. loomekonkurss. Veel \u00fche n\u00e4dala jooksul ootame luuletusi ja jutte sellele konkursile.<\/p>\n<p>&nbsp;<\/p>\n<p>Projekti meeskond soovib kurgis\u00f5pradele tegusat kevadn\u00e4dalat!<\/p>\n","protected":false},"excerpt":{"rendered":"<p>Hea kurgis\u00f5ber! N\u00e4dal on m\u00f6\u00f6dunud ning taas on aeg kokkuv\u00f5tete tegemiseks. Seitsemendal n\u00e4dalal j\u00e4tkasime taimede hooldamisega. \u00dcha enam avaneb uusi \u00f5isi. Paljud taimed vajavad toestamist, aga ka v\u00e4etamist v\u00f5i \u00fcmberistutamist. Tegevusi valides tasuks j\u00e4lgida, kui suur on taim ja millised on vajadused. Uuri j\u00e4rele, millal istutasid taimed \u00fcmber. Kui 3 n\u00e4dalat on juba m\u00f6\u00f6dunud, v\u00f5id alustada kaltsiumnitraadiga v\u00e4etamist. Kindlasti j\u00e4lgi pakis olevast juhist. Oluline on, et v\u00e4etist liiga palju ei kasuta. See v\u00f5ib taimele halvasti, suisa hukutavalt m\u00f5juda. L\u00e4inud n\u00e4dalal saabus terve hulk konkursit\u00f6id (jutte ja luuletusi). V\u00e4ga tore ja vahva on neid lugeda. Tuleb t\u00f5deda, et kurgis\u00f5brad on v\u00e4ga..<\/p>\n","protected":false},"author":2,"featured_media":0,"parent":23,"menu_order":0,"comment_status":"closed","ping_status":"closed","template":"","meta":{"footnotes":""},"class_list":["post-311","page","type-page","status-publish","hentry"],"_links":{"self":[{"href":"https:\/\/aianduskool.ee\/kurgisobrad\/wp-json\/wp\/v2\/pages\/311","targetHints":{"allow":["GET"]}}],"collection":[{"href":"https:\/\/aianduskool.ee\/kurgisobrad\/wp-json\/wp\/v2\/pages"}],"about":[{"href":"https:\/\/aianduskool.ee\/kurgisobrad\/wp-json\/wp\/v2\/types\/page"}],"author":[{"embeddable":true,"href":"https:\/\/aianduskool.ee\/kurgisobrad\/wp-json\/wp\/v2\/users\/2"}],"replies":[{"embeddable":true,"href":"https:\/\/aianduskool.ee\/kurgisobrad\/wp-json\/wp\/v2\/comments?post=311"}],"version-history":[{"count":2,"href":"https:\/\/aianduskool.ee\/kurgisobrad\/wp-json\/wp\/v2\/pages\/311\/revisions"}],"predecessor-version":[{"id":313,"href":"https:\/\/aianduskool.ee\/kurgisobrad\/wp-json\/wp\/v2\/pages\/311\/revisions\/313"}],"up":[{"embeddable":true,"href":"https:\/\/aianduskool.ee\/kurgisobrad\/wp-json\/wp\/v2\/pages\/23"}],"wp:attachment":[{"href":"https:\/\/aianduskool.ee\/kurgisobrad\/wp-json\/wp\/v2\/media?parent=311"}],"curies":[{"name":"wp","href":"https:\/\/api.w.org\/{rel}","templated":true}]}}