{"id":344,"date":"2018-05-07T07:48:57","date_gmt":"2018-05-07T04:48:57","guid":{"rendered":"http:\/\/aianduskool.ee\/kurgisobrad\/?page_id=344"},"modified":"2018-05-07T14:23:49","modified_gmt":"2018-05-07T11:23:49","slug":"tulemused-i","status":"publish","type":"page","link":"https:\/\/aianduskool.ee\/kurgisobrad\/konkursid\/tulemused-i\/","title":{"rendered":"Tulemused I"},"content":{"rendered":"<p>Esimese loomekonkursi\u00a0t\u00f6\u00f6deks ootasime\u00a0jutte, ka muinasjutte ja luuletusi kurgist ning s\u00f5prusest. V\u00e4ga tore on t\u00f5deda, et lisaks taimede kasvatamisele on meie s\u00f5brad ka usinad jutuvestjad ja luuletajad. Kokku laekus konkursile ligi 180 juttu ja luuletust, mist\u00f5ttu v\u00f5ttis t\u00f6\u00f6de lugemine ja parimate v\u00e4ljaselgitamine omajagu aega.<\/p>\n<p>T\u00f6id hinnati mitmes kategoorias:<\/p>\n<ul>\n<li>kool\n<ul>\n<li>jutt (ka muinasjutt)<\/li>\n<li>luuletus<\/li>\n<\/ul>\n<\/li>\n<li>lasteaed\n<ul>\n<li>jutt (ka muinasjutt)<\/li>\n<li>luuletus<\/li>\n<\/ul>\n<\/li>\n<\/ul>\n<p>Auv\u00e4\u00e4rt \u017e\u00fcrii on oma t\u00f6\u00f6 teinud ning tulemused on j\u00e4rgmised:<\/p>\n<p>&nbsp;<\/p>\n<p><strong>Kategooria kool<\/strong><\/p>\n<p><strong>jutt (ka muinasjutt)<\/strong><\/p>\n<p style=\"padding-left: 30px;\"><strong>1. koht<\/strong> &#8211; &#8220;Hapu salat&#8221;, Kerdo Murde, Parksepa Keskkool, 1. klass, juhendaja \u00f5p. Ene K\u00e4rg<br \/>\n<strong>2. koht<\/strong> &#8211; &#8220;Karglev kurk&#8221;, Paldiski P\u00f5hikool, 4. klassi \u00fchist\u00f6\u00f6, juhendaja \u00f5p. Inga J\u00fcrioja<br \/>\n<strong>3. koht<\/strong> &#8211; &#8220;Muinasjutt&#8221;, Rain Pilv, N\u00f5va Kool, 6. klass, juhendaja \u00f5p. Kristiina Taits<br \/>\n<strong>3. koht<\/strong> &#8211; &#8220;S\u00f5brad kurgid ja pisimelon&#8221;, Hanali Perlov, Parksepa Keskkool, 1. klass<br \/>\n<strong>eripreemia<\/strong> &#8211; &#8220;Kurgi ja Pisimeloni seiklused&#8221;, Tristian Kalmus, Paldiski P\u00f5hikool, 4. klass, juhendaja \u00f5p. Inga J\u00fcrioja<br \/>\n<strong>eripreemia<\/strong> &#8211; &#8220;Kurk nimega Aadu&#8221;, Marii Laur, Eidapere Kool, 3. klass, juhendaja \u00f5p. Piret Oole<br \/>\n<strong>eripreemia<\/strong> &#8211; &#8220;R\u00f5\u00f5mustades kasvab!&#8221;, Mihkel Uku Karindi, N\u00f5va Kool, 8. klass, juhendaja \u00f5p. Kristiina Taits<\/p>\n<p>&nbsp;<\/p>\n<p>\u00c4ram\u00e4rkimist leidsid veel j\u00e4rgmised jutud:<\/p>\n<p style=\"padding-left: 30px;\">&#8220;Harilik kurk ja pisimelon&#8221;, Laura-Liis J\u00f5gar, N\u00f5va Kool, 8. klass, juhendaja \u00f5p. Kristiina Taits<br \/>\n&#8220;Kurgi kadunud ogad&#8221;, Kelly Juursalu, Tallinna Rahum\u00e4e P\u00f5hikool, 2.b klass, juhendaja \u00f5p. Erika Tafenau<br \/>\n&#8220;Kurk, kes kaotas v\u00e4rvi&#8221;, Kristjan Vislapuu, Parksepa keskkool, 1. klass, juhendaja Merike Onno<\/p>\n<p>Juttudega saab tutvuda <a href=\"https:\/\/aianduskool-my.sharepoint.com\/:f:\/g\/personal\/katrin_uurman_aianduskool_ee\/EpwTNPMDuyxJtbuIBBVDxiYB8RCVqkZPZALjgX-475iC2g?e=Lm2hoU\" target=\"_blank\" rel=\"noopener\">SELLE lingi alt<\/a>.<\/p>\n<p>&nbsp;<\/p>\n<p><strong>Kategooria kool<\/strong><\/p>\n<p><strong>luuletus<\/strong><\/p>\n<p style=\"padding-left: 30px;\"><strong>1. koht<\/strong> &#8211; &#8220;Muinasluuletus kurgist ja melonist&#8221;, Romek Niilo, Parksepa Keskkool, 1. klass, juhendaja T\u00f5nu Niilo<br \/>\n<strong>2. koht<\/strong> &#8211; &#8220;Kurgirotid&#8221;, Karolin Oole, Eidapere Kool, 3. klass, juhendaja \u00f5p. Piret Oole<br \/>\n<strong>3. koht<\/strong> &#8211; \u00a0&#8220;Kurk&#8221;, Jakob Hiiemets, Suurem\u00f5isa Lasteaed-P\u00f5hikool, 5. klass, juhendaka \u00f5p. Jaana Omann<br \/>\n<strong>eripreemia<\/strong> &#8211; &#8220;Kurgid&#8221;, Karl Lukas Sulg, Tallinna Inglise Kolled\u017e, 1. klass, juhendaja \u00f5p. Piret Smirnov<\/p>\n<p>&nbsp;<\/p>\n<p>\u00c4ram\u00e4rkimist leidsid veel j\u00e4rgmised luuletused:<\/p>\n<p style=\"padding-left: 30px;\">&#8220;Harilik kurk&#8221;, Mia Maria Abe, Paldiski P\u00f5hikool, 4. klass, juhendaja \u00f5p. Inga J\u00fcrioja<br \/>\n&#8220;Kasvatan kurke&#8221;, Rasmus Pregel, Rapla Vesiroosi G\u00fcmnaasium, 2.b klass, juhendaja \u00f5p. Lea Lindegron<br \/>\n&#8220;Kurk&#8221;, Marii Eleen M\u00f5tsnik, J\u00e4rva-Jaani G\u00f5mnaasium, 3. klass, juhendaja \u00f5p. Anne Treial<br \/>\n&#8220;Kurk ja melon&#8221;, Misandra Tovinen, Parksepa Keskkool, 1. klass, juhendja \u00f5p. Ene K\u00e4rg<br \/>\n&#8220;Purgikurk&#8221;, Eva-Marie Zupping, J\u00e4rva-jaani G\u00fcmnaasium, 3. klass, juhendaja \u00f5p. Anne Treial<\/p>\n<p>Luuletustega saab tutvuda <a href=\"https:\/\/aianduskool-my.sharepoint.com\/:f:\/g\/personal\/katrin_uurman_aianduskool_ee\/EntBxdvzCRFFpDsz7XimsVgBTQ8Sb6NdxoMlJN172ivCsQ?e=UEbec6\" target=\"_blank\" rel=\"noopener\">SELLE lingi alt<\/a>.<\/p>\n<p>&nbsp;<\/p>\n<p><strong>Kategooria lasteaed<\/strong><\/p>\n<p><strong>jutt (ka muinasjutt)<\/strong><\/p>\n<p style=\"padding-left: 30px;\"><strong>1. koht<\/strong> &#8211; &#8220;Kuidas tavaline kurk sai s\u00f5braks pisikurgiga&#8221;, Tallinna Nurmenuku Lasteaed, Meelespea r\u00fchma \u00fchist\u00f6\u00f6, juhendaja \u00f5p. Karin Luik<br \/>\n<strong>2. koht<\/strong> &#8211; &#8220;Kurgi ja meloniseemne s\u00f5prus&#8221;, Lasetaed Neeme Mudila, R\u00f5\u00f5mupallide r\u00fchm, \u00fchist\u00f6\u00f6, juhendaja \u00f5p. Aime Kivimaa<br \/>\n<strong>3. koht<\/strong> &#8211; &#8220;Abivalmis Pisi-Melon&#8221;, Erika-Celeste, Ragne, Jaagup Cris, Raio, Aleksandr, Oliver, Mirell, Kirsikeste r\u00fchm, Kirsiaia Lasteaed, juhendaja \u00f5p. Karin Milinevit\u0161<br \/>\n<strong>3. koht<\/strong> &#8211; &#8220;Kurgiseemne seiklus&#8221;, C.R. jakobsoni nim. Torma P\u00f5hikool, Linnutaja Lasteaed, Nipitiride r\u00fchma \u00fchist\u00f6\u00f6, juhendaja \u00f5p. Ene Simson<br \/>\n<strong>eripreemia<\/strong> &#8211; &#8220;Kurgijutud&#8221;, Kreete Kruusalu, Mattias Sillaots, 2. r\u00fchm, P\u00e4rnu Mai Lasteaed, juhendajad \u00f5p. Maiu P\u00f5ldoja ja Kristi Virula, abistasid Evelyn Sillaots ja Berta Ringas<\/p>\n<p style=\"padding-left: 30px;\">Juttudega saab tutvuda <a href=\"https:\/\/aianduskool-my.sharepoint.com\/:f:\/g\/personal\/katrin_uurman_aianduskool_ee\/Ehv060xeexJIqNW525gxkV4BoBG53_7A1pqfymEOVrsbig?e=fkTG9v\" target=\"_blank\" rel=\"noopener\">SELLE lingi alt<\/a>.<\/p>\n<p>&nbsp;<\/p>\n<p><strong>Kategooria lasteaed<\/strong><\/p>\n<p><strong>luuletus<\/strong><\/p>\n<p style=\"padding-left: 30px;\"><strong>1. koht<\/strong> &#8211; &#8220;M\u00e4nniriisika r\u00fchma kurgis\u00f5brad&#8221;, Kris, Martin, Risto, Kert, Liandra Mirell, Marko, Karola, Trevor, Oliver, Kaur, Noel, Riisika r\u00fchm, Kernu P\u00f5hikooli Haiba lasteaed Riisikas, juhendaja \u00f5p. Urve R\u00f5\u00f5m<br \/>\n<strong>2. koht<\/strong> &#8211; &#8220;Kasva, taimeke!&#8221;, Siilikeste r\u00fchma \u00fchist\u00f6\u00f6, Seljametsa Lasteaed, juhendaja \u00f5p. Kaire Holm<br \/>\n<strong>3. koht<\/strong> &#8211; &#8220;Kurgis\u00f5brad p\u00e4ikesekillus&#8221;, Karukella r\u00fchma \u00fchist\u00f6\u00f6, Saku Lasteaed P\u00e4ikesekild, juhendaja \u00f5p. Sirli Ruhno<br \/>\n<strong>eripreemia<\/strong> &#8211; &#8220;Lihtsalt kurk&#8221;, Melanii, Anna-Leena, Gerda, Uwe, Moona, Mirtel, Heleri, Juss, Anna, Kirsikeste r\u00fchm, Kirsiaia Lasteaed (Ruila P\u00f5hikool), juhendaja \u00f5p. Reti Treimut<br \/>\n<strong>eripreemia<\/strong> &#8211; &#8220;Suur r\u00f5\u00f5m kurgist&#8221;, Tarekese r\u00fchma \u00fchist\u00f6\u00f6, Laulasmaa Kooli lasteaed, juhendja \u00f5p. jana Hinno<\/p>\n<p>&nbsp;<\/p>\n<p>\u00c4ram\u00e4rkimist leidsid veel j\u00e4rgmised luuletused:<\/p>\n<p style=\"padding-left: 30px;\">&#8220;Kurgis\u00f5bra luuletus&#8221;, Rando, Emili, Grete Lola, Crisete, Deliisa-Grete, Elisabet, \u00dclase r\u00fchm, M\u00e4rjamaa lasteaed Pillerpall, juhendajad \u00f5p. Riina Toomet ja Reeli Sirel<br \/>\n&#8220;Luuletus&#8221;, Laura P\u00e4rna, Midripere r\u00fchm, C.R. Jakobsoni nim. Torma P\u00f5hikool, Linnutaja Lasteaed, juhendaja \u00f5p. Eva Vasenko<\/p>\n<p>Luuletustega saab tutvuda <a href=\"https:\/\/aianduskool-my.sharepoint.com\/:f:\/g\/personal\/katrin_uurman_aianduskool_ee\/EsbGJ0xN0FhIhwrco22sitQBUwBiJEVu989OPzr9N4A0Ow?e=ugQBTU\" target=\"_blank\" rel=\"noopener\">SELLE lingi alt<\/a>.<\/p>\n<p>&nbsp;<\/p>\n<p>Suur suur ait\u00e4h k\u00f5igile osalejatele ja palju \u00f5nne v\u00f5itjatele! Olete k\u00f5ik v\u00e4ga tublid!<br \/>\nMeie oleme uhked! \ud83d\ude42<\/p>\n","protected":false},"excerpt":{"rendered":"<p>Esimese loomekonkursi\u00a0t\u00f6\u00f6deks ootasime\u00a0jutte, ka muinasjutte ja luuletusi kurgist ning s\u00f5prusest. V\u00e4ga tore on t\u00f5deda, et lisaks taimede kasvatamisele on meie s\u00f5brad ka usinad jutuvestjad ja luuletajad. Kokku laekus konkursile ligi 180 juttu ja luuletust, mist\u00f5ttu v\u00f5ttis t\u00f6\u00f6de lugemine ja parimate v\u00e4ljaselgitamine omajagu aega. T\u00f6id hinnati mitmes kategoorias: kool jutt (ka muinasjutt) luuletus lasteaed jutt (ka muinasjutt) luuletus Auv\u00e4\u00e4rt \u017e\u00fcrii on oma t\u00f6\u00f6 teinud ning tulemused on j\u00e4rgmised: &nbsp; Kategooria kool jutt (ka muinasjutt) 1. koht &#8211; &#8220;Hapu salat&#8221;, Kerdo Murde, Parksepa Keskkool, 1. klass, juhendaja \u00f5p. Ene K\u00e4rg 2. koht &#8211; &#8220;Karglev kurk&#8221;, Paldiski P\u00f5hikool, 4. klassi \u00fchist\u00f6\u00f6, juhendaja \u00f5p&#8230;<\/p>\n","protected":false},"author":2,"featured_media":0,"parent":19,"menu_order":0,"comment_status":"closed","ping_status":"closed","template":"","meta":{"footnotes":""},"class_list":["post-344","page","type-page","status-publish","hentry"],"_links":{"self":[{"href":"https:\/\/aianduskool.ee\/kurgisobrad\/wp-json\/wp\/v2\/pages\/344","targetHints":{"allow":["GET"]}}],"collection":[{"href":"https:\/\/aianduskool.ee\/kurgisobrad\/wp-json\/wp\/v2\/pages"}],"about":[{"href":"https:\/\/aianduskool.ee\/kurgisobrad\/wp-json\/wp\/v2\/types\/page"}],"author":[{"embeddable":true,"href":"https:\/\/aianduskool.ee\/kurgisobrad\/wp-json\/wp\/v2\/users\/2"}],"replies":[{"embeddable":true,"href":"https:\/\/aianduskool.ee\/kurgisobrad\/wp-json\/wp\/v2\/comments?post=344"}],"version-history":[{"count":5,"href":"https:\/\/aianduskool.ee\/kurgisobrad\/wp-json\/wp\/v2\/pages\/344\/revisions"}],"predecessor-version":[{"id":360,"href":"https:\/\/aianduskool.ee\/kurgisobrad\/wp-json\/wp\/v2\/pages\/344\/revisions\/360"}],"up":[{"embeddable":true,"href":"https:\/\/aianduskool.ee\/kurgisobrad\/wp-json\/wp\/v2\/pages\/19"}],"wp:attachment":[{"href":"https:\/\/aianduskool.ee\/kurgisobrad\/wp-json\/wp\/v2\/media?parent=344"}],"curies":[{"name":"wp","href":"https:\/\/api.w.org\/{rel}","templated":true}]}}