{"id":363,"date":"2018-05-10T11:26:29","date_gmt":"2018-05-10T08:26:29","guid":{"rendered":"http:\/\/aianduskool.ee\/kurgisobrad\/?page_id=363"},"modified":"2018-05-10T11:28:47","modified_gmt":"2018-05-10T08:28:47","slug":"viktoriini-tulemused","status":"publish","type":"page","link":"https:\/\/aianduskool.ee\/kurgisobrad\/viktoriin\/viktoriini-tulemused\/","title":{"rendered":"Viktoriini tulemused"},"content":{"rendered":"<p>Taimekasvatusprojekti &#8220;Kurgis\u00f5brad&#8221; projekti raames oli k\u00f5igil huvilistel v\u00f5imalik osaleda viktoriinis ning iga n\u00e4dal vastata \u00fchele k\u00fcsimusele. Kokku oli v\u00f5imalik vastata kaheksale valikvastustega k\u00fcsimusele. Iga \u00f5ige vastus andis \u00fche punkti. Seega oli v\u00f5imalik kokku koguda maksimaalselt 8 punkti.<\/p>\n<p>Viktoriinis osales kokku 310 gruppi\/ r\u00fchma. K\u00f5ige keerulisemaks osutus k\u00fcsimus nr 2 ja k\u00f5ige enam vastati \u00f5igesti esimesele k\u00fcsimusele.<\/p>\n<p>&nbsp;<\/p>\n<p style=\"text-align: right;\">Tabel 1. Viktoriinile vastanute arv ja \u00f5igete vastuste osakaal l\u00e4htuvalt k\u00fcsimusest.<\/p>\n<p><img loading=\"lazy\" decoding=\"async\" class=\"alignnone wp-image-364 size-large\" src=\"http:\/\/aianduskool.ee\/kurgisobrad\/wp-content\/uploads\/2018\/05\/Screen-Shot-2018-05-10-at-11.11.39-1024x455.png\" alt=\"\" width=\"1024\" height=\"455\" srcset=\"https:\/\/aianduskool.ee\/kurgisobrad\/wp-content\/uploads\/2018\/05\/Screen-Shot-2018-05-10-at-11.11.39-1024x455.png 1024w, https:\/\/aianduskool.ee\/kurgisobrad\/wp-content\/uploads\/2018\/05\/Screen-Shot-2018-05-10-at-11.11.39-300x133.png 300w, https:\/\/aianduskool.ee\/kurgisobrad\/wp-content\/uploads\/2018\/05\/Screen-Shot-2018-05-10-at-11.11.39-768x341.png 768w, https:\/\/aianduskool.ee\/kurgisobrad\/wp-content\/uploads\/2018\/05\/Screen-Shot-2018-05-10-at-11.11.39.png 1107w\" sizes=\"auto, (max-width: 1024px) 100vw, 1024px\" \/><\/p>\n<p>Kuna vastamise j\u00e4rel said k\u00f5ik ka kohe teada, kas vastus oli \u00f5ige v\u00f5i mitte, siis see l\u00f5i v\u00f5imaluse igal grupil oma kogutud puntid ise kokku arvestada. Siin aga kokkuv\u00f5te, mille leiate <a href=\"https:\/\/aianduskool-my.sharepoint.com\/:x:\/g\/personal\/katrin_uurman_aianduskool_ee\/EWCNWjcVen9Atp-FFmnh_D8BPeRYN3cocUFdIl2C3PqA3Q?e=3ZqnM0\" target=\"_blank\" rel=\"noopener\">SELLE lingi alt<\/a>. 33 gruppi\/ r\u00fchma vastas k\u00f5ik k\u00fcsimused \u00f5igesti! \ud83d\ude42<\/p>\n<p>Viktoriinis me eraldi v\u00f5itjaid v\u00e4lja ei kuuluta. V\u00f5itjad on k\u00f5ik, kes osalesid, sest viktoriinis osalemisega uuriti palju erinevaid materjale ning koguti suurel hulgal uusi teadmisi.<\/p>\n","protected":false},"excerpt":{"rendered":"<p>Taimekasvatusprojekti &#8220;Kurgis\u00f5brad&#8221; projekti raames oli k\u00f5igil huvilistel v\u00f5imalik osaleda viktoriinis ning iga n\u00e4dal vastata \u00fchele k\u00fcsimusele. Kokku oli v\u00f5imalik vastata kaheksale valikvastustega k\u00fcsimusele. Iga \u00f5ige vastus andis \u00fche punkti. Seega oli v\u00f5imalik kokku koguda maksimaalselt 8 punkti. Viktoriinis osales kokku 310 gruppi\/ r\u00fchma. K\u00f5ige keerulisemaks osutus k\u00fcsimus nr 2 ja k\u00f5ige enam vastati \u00f5igesti esimesele k\u00fcsimusele. &nbsp; Tabel 1. Viktoriinile vastanute arv ja \u00f5igete vastuste osakaal l\u00e4htuvalt k\u00fcsimusest. Kuna vastamise j\u00e4rel said k\u00f5ik ka kohe teada, kas vastus oli \u00f5ige v\u00f5i mitte, siis see l\u00f5i v\u00f5imaluse igal grupil oma kogutud puntid ise kokku arvestada. Siin aga kokkuv\u00f5te, mille leiate SELLE..<\/p>\n","protected":false},"author":2,"featured_media":0,"parent":21,"menu_order":0,"comment_status":"closed","ping_status":"closed","template":"","meta":{"footnotes":""},"class_list":["post-363","page","type-page","status-publish","hentry"],"_links":{"self":[{"href":"https:\/\/aianduskool.ee\/kurgisobrad\/wp-json\/wp\/v2\/pages\/363","targetHints":{"allow":["GET"]}}],"collection":[{"href":"https:\/\/aianduskool.ee\/kurgisobrad\/wp-json\/wp\/v2\/pages"}],"about":[{"href":"https:\/\/aianduskool.ee\/kurgisobrad\/wp-json\/wp\/v2\/types\/page"}],"author":[{"embeddable":true,"href":"https:\/\/aianduskool.ee\/kurgisobrad\/wp-json\/wp\/v2\/users\/2"}],"replies":[{"embeddable":true,"href":"https:\/\/aianduskool.ee\/kurgisobrad\/wp-json\/wp\/v2\/comments?post=363"}],"version-history":[{"count":5,"href":"https:\/\/aianduskool.ee\/kurgisobrad\/wp-json\/wp\/v2\/pages\/363\/revisions"}],"predecessor-version":[{"id":370,"href":"https:\/\/aianduskool.ee\/kurgisobrad\/wp-json\/wp\/v2\/pages\/363\/revisions\/370"}],"up":[{"embeddable":true,"href":"https:\/\/aianduskool.ee\/kurgisobrad\/wp-json\/wp\/v2\/pages\/21"}],"wp:attachment":[{"href":"https:\/\/aianduskool.ee\/kurgisobrad\/wp-json\/wp\/v2\/media?parent=363"}],"curies":[{"name":"wp","href":"https:\/\/api.w.org\/{rel}","templated":true}]}}