{"id":402,"date":"2018-05-11T19:38:13","date_gmt":"2018-05-11T16:38:13","guid":{"rendered":"http:\/\/aianduskool.ee\/kurgisobrad\/?page_id=402"},"modified":"2018-05-11T20:05:18","modified_gmt":"2018-05-11T17:05:18","slug":"tulemused-makrofoto","status":"publish","type":"page","link":"https:\/\/aianduskool.ee\/kurgisobrad\/konkursid\/tulemused-makrofoto\/","title":{"rendered":"Tulemused &#8220;Makropilt&#8221;"},"content":{"rendered":"<p>Projekti esimesel p\u00e4eval algas\u00a0makropildi konkurss. Konkursile ootasime v\u00e4hemalt viiest makrofotost koosnevat komplekti projektitaimedest ja nende osades. Fotod pidid jutustama, kuidas projektitaim kasvab. Konkursele esitati 15 makrofotode komplekti.<\/p>\n<p>\u017d\u00fcrii taaskord kogus esitatud t\u00f6\u00f6d kokku ning langetas otsuse. Sel korral osales \u017e\u00fcrii t\u00f6\u00f6s ka aianduskooli direktor Kalle Toom. Kalle on suur fotograafiahuviline ning j\u00e4\u00e4dvustanud paljusid \u00fcritusi, ja ka loodust. \ud83d\ude42<\/p>\n<p>Konkursi tulemused on j\u00e4rgmised:<br \/>\n<strong>1. koht<\/strong> &#8211; Kehtna Lasteaed Siller, V\u00f5ilille r\u00fchm, \u00f5p. Anu Riisenberg. <a href=\"http:\/\/voililledsillerisblogspot.blogspot.com.ee\/2018\/04\/blog-post.html\" target=\"_blank\" rel=\"noopener\">Link fotodele<\/a>.<br \/>\n<strong>1. koht<\/strong> &#8211; Valga P\u00f5hikool, 4.d klass, \u00f5p. Kairi Voode. <a href=\"http:\/\/kurgisobrad.simplesite.com\/438771288\" target=\"_blank\" rel=\"noopener\">Link fotodele<\/a>.<br \/>\n<strong>2. koht<\/strong> &#8211; Viljandi Lasteaed Midrimaa, Tihase r\u00fchm, \u00f5p. Katrin Kuld-Vares. <a href=\"http:\/\/tihasedjakurgid.blogspot.com.ee\/2018\/04\/viljandi-midrimaa-lasteaia-tihase-ruhma.html\" target=\"_blank\" rel=\"noopener\">Link fotodele<\/a>.<br \/>\n<strong>3. koht<\/strong> &#8211; Lasnam\u00e4e P\u00f5hikool, 4. klass, \u00f5p. Marina Koprova, Jelena Beresneva, Tim Merilaine. <a href=\"https:\/\/lpkkurgisobrad.blogspot.com.ee\/p\/blog-page_26.html\" target=\"_blank\" rel=\"noopener\">Link fotodele<\/a>.<br \/>\n<strong>eripreemia<\/strong> &#8211; Rapla Vesiroosi G\u00fcmnaasium, 2.c klass, \u00f5p. Pilvi Pregel. <a href=\"https:\/\/www.youtube.com\/watch?v=WEmUR3qI75Y\" target=\"_blank\" rel=\"noopener\">Link fotodele<\/a>.<br \/>\n<strong>eripreemia<\/strong> &#8211; Saku Lasteaed P\u00e4ikesekild, Karukella r\u00fchm, \u00f5p. Sirli Ruhno. <a href=\"http:\/\/karukellakeste.blogspot.com.ee\/2018\/02\/seemned-mulda.html\" target=\"_blank\" rel=\"noopener\">Link fotodele<\/a>.<\/p>\n<p><strong>Esilet\u00f5stmist v\u00e4\u00e4risid veel:<\/strong><br \/>\nKammeri Kool, Kurgelmurgelid, \u00f5p. K\u00e4tlin Tamm. <a href=\"http:\/\/kammeriherneterad.blogspot.com.ee\/2018\/04\/kurgelmurgelite-makropildid.html\" target=\"_blank\" rel=\"noopener\">Link fotodele<\/a>.<br \/>\nKehtna Lasteaed Siller, Karikakra r\u00fchm. \u00f5p. Anu Riisenberg. <a href=\"http:\/\/lasteaedsillerkarikakarmakropilt.blogspot.com.ee\/2018\/04\/blog-post.html\" target=\"_blank\" rel=\"noopener\">Link fotodele<\/a>.<br \/>\nKeila Kool, 1.e klass, \u00f5p. Evelin S\u00fcvari-Hein. <a href=\"http:\/\/linoit.com\/users\/opetajaEvelin\/canvases\/Kurgis\u00f5brad.%20Fotokonkurss.\" target=\"_blank\" rel=\"noopener\">Link fotodele<\/a>.<br \/>\nSillam\u00e4e Eesti P\u00f5hikool, 6. klass, \u00f5p. Meeli Rjabova. <a href=\"http:\/\/sillamaekurgid.blogspot.com.ee\/2018\/04\/sillamae-eesti-pohikooli-6klassi.html\" target=\"_blank\" rel=\"noopener\">Link fotodele<\/a>.<\/p>\n<p>&nbsp;<\/p>\n<p>Suur ait\u00e4h k\u00f5igile v\u00e4ikestele ja suurtele fotograafidele imeliste fotode eest!<\/p>\n<p>Palju \u00f5nne v\u00f5itjatele! \ud83d\ude42<\/p>\n","protected":false},"excerpt":{"rendered":"<p>Projekti esimesel p\u00e4eval algas\u00a0makropildi konkurss. Konkursile ootasime v\u00e4hemalt viiest makrofotost koosnevat komplekti projektitaimedest ja nende osades. Fotod pidid jutustama, kuidas projektitaim kasvab. Konkursele esitati 15 makrofotode komplekti. \u017d\u00fcrii taaskord kogus esitatud t\u00f6\u00f6d kokku ning langetas otsuse. Sel korral osales \u017e\u00fcrii t\u00f6\u00f6s ka aianduskooli direktor Kalle Toom. Kalle on suur fotograafiahuviline ning j\u00e4\u00e4dvustanud paljusid \u00fcritusi, ja ka loodust. \ud83d\ude42 Konkursi tulemused on j\u00e4rgmised: 1. koht &#8211; Kehtna Lasteaed Siller, V\u00f5ilille r\u00fchm, \u00f5p. Anu Riisenberg. Link fotodele. 1. koht &#8211; Valga P\u00f5hikool, 4.d klass, \u00f5p. Kairi Voode. Link fotodele. 2. koht &#8211; Viljandi Lasteaed Midrimaa, Tihase r\u00fchm, \u00f5p. Katrin Kuld-Vares. Link fotodele&#8230;<\/p>\n","protected":false},"author":2,"featured_media":0,"parent":19,"menu_order":0,"comment_status":"closed","ping_status":"closed","template":"","meta":{"footnotes":""},"class_list":["post-402","page","type-page","status-publish","hentry"],"_links":{"self":[{"href":"https:\/\/aianduskool.ee\/kurgisobrad\/wp-json\/wp\/v2\/pages\/402","targetHints":{"allow":["GET"]}}],"collection":[{"href":"https:\/\/aianduskool.ee\/kurgisobrad\/wp-json\/wp\/v2\/pages"}],"about":[{"href":"https:\/\/aianduskool.ee\/kurgisobrad\/wp-json\/wp\/v2\/types\/page"}],"author":[{"embeddable":true,"href":"https:\/\/aianduskool.ee\/kurgisobrad\/wp-json\/wp\/v2\/users\/2"}],"replies":[{"embeddable":true,"href":"https:\/\/aianduskool.ee\/kurgisobrad\/wp-json\/wp\/v2\/comments?post=402"}],"version-history":[{"count":5,"href":"https:\/\/aianduskool.ee\/kurgisobrad\/wp-json\/wp\/v2\/pages\/402\/revisions"}],"predecessor-version":[{"id":410,"href":"https:\/\/aianduskool.ee\/kurgisobrad\/wp-json\/wp\/v2\/pages\/402\/revisions\/410"}],"up":[{"embeddable":true,"href":"https:\/\/aianduskool.ee\/kurgisobrad\/wp-json\/wp\/v2\/pages\/19"}],"wp:attachment":[{"href":"https:\/\/aianduskool.ee\/kurgisobrad\/wp-json\/wp\/v2\/media?parent=402"}],"curies":[{"name":"wp","href":"https:\/\/api.w.org\/{rel}","templated":true}]}}