{"id":416,"date":"2018-05-23T15:45:06","date_gmt":"2018-05-23T12:45:06","guid":{"rendered":"http:\/\/aianduskool.ee\/kurgisobrad\/?page_id=416"},"modified":"2018-06-14T12:07:29","modified_gmt":"2018-06-14T09:07:29","slug":"tulemused-katse","status":"publish","type":"page","link":"https:\/\/aianduskool.ee\/kurgisobrad\/katse\/tulemused-katse\/","title":{"rendered":"Tulemused &#8220;Katse&#8221;"},"content":{"rendered":"<p>Taimekasvatusprojektis &#8220;Kurgis\u00f5brad&#8221; katsetasime hariliku kurgi &#8216;Dolomit&#8217; ja mehhiko pisimeloni (mehhiko pisikurk) kasvatamist siseruumis, aknalaual. Aianduskool saatis k\u00f5igile gruppidele t\u00f6\u00f6komplekti, milles oli lisaks vajalikele v\u00e4etistele ka 3 hariliku kurgi &#8216;Dolomit&#8217; ja 3 mehhiko pisimeloni seemet. Maksimaalselt oli igal grupil v\u00f5imalik kasvatada kokku 6 taime juhul, kui k\u00f5ik seemned idanesid. Projektiperioodi l\u00f5ppedes pidi iga grupp v\u00e4lja valima \u00fche k\u00f5ige tublima hariliku kurgi &#8216;Dolomit&#8217; ja \u00fche mehhiko pisimeloni taime. Tublimate taimede kohta laekus meile andmeid 162 r\u00fchmalt.<\/p>\n<p style=\"text-align: right;\">Tabel 1. Taimekasvatusprojekti &#8220;Kurgis\u00f5brad&#8221; katseandmete kokkuv\u00f5te.<\/p>\n<p><img loading=\"lazy\" decoding=\"async\" class=\"alignnone wp-image-427 size-full\" src=\"http:\/\/aianduskool.ee\/kurgisobrad\/wp-content\/uploads\/2018\/06\/Screen-Shot-2018-06-14-at-12.05.34.png\" alt=\"\" width=\"854\" height=\"304\" srcset=\"https:\/\/aianduskool.ee\/kurgisobrad\/wp-content\/uploads\/2018\/06\/Screen-Shot-2018-06-14-at-12.05.34.png 854w, https:\/\/aianduskool.ee\/kurgisobrad\/wp-content\/uploads\/2018\/06\/Screen-Shot-2018-06-14-at-12.05.34-300x107.png 300w, https:\/\/aianduskool.ee\/kurgisobrad\/wp-content\/uploads\/2018\/06\/Screen-Shot-2018-06-14-at-12.05.34-768x273.png 768w\" sizes=\"auto, (max-width: 854px) 100vw, 854px\" \/><\/p>\n<p>Olgu siinkohal \u00f6eldud, et kogutud ja t\u00f6\u00f6deldud katseandmed ei pretendeeri \u00fchelegi teadust\u00f6\u00f6le. K\u00fcll aga v\u00f5ime \u00fchise katsetuse p\u00f5hjal teha m\u00f5ningaid \u00fcldisi j\u00e4reldusi:<br \/>\n1. harilik kurk &#8216;Dolomit&#8217; kasvab kiiremini kui mehhiko pisimelon,<br \/>\n2. hariliku kurgi &#8216;Dolomit&#8217; seemned t\u00e4rkavad paremini kui mehhiko pisimeloni seemned,<br \/>\n3. hariliku kurgi &#8216;Dolomit&#8217; taimed on vastupidavamad kui mehhiko pisimeloni taimed.<\/p>\n<p>Hariliku kurgi &#8216;Dolomit&#8217; \u00f5isi n\u00e4gi katseandmete p\u00f5hjal 124 r\u00fchma (77% vastanutest), kokku n\u00e4hti 1741 \u00f5it. Hariliku kurgi &#8216;Dolomit&#8217; vilju sai maitsta katseandmete edastamise ajaks 93 r\u00fchma (57% vatanutest). K\u00f5ige rohkem kurgi vilju kogus Taebla Lasteaia T\u00f5rukeste r\u00fchm. Nemad olid katseandmete sisestamiseks kogunud k\u00f5ige tublimalt kurgitaimelt 35 vilja. Kokku maitsti katse jooksul 560 hariliku kurgi &#8216;Dolomit&#8217; vilja. See arv v\u00f5ib olla suuremgi, sest katsetajaid oli ju rohkem kui andmete edastajaid.<\/p>\n<p>Mehhiko pisimeloni kasvatamine mitmetel r\u00fchmadel eba\u00f5nnestus. Paraku oli ka selliseid r\u00fchmi, kes pisimeloni taimi ei n\u00e4inudki v\u00f5i taimed hukkusid katseperioodi esimesel poolel. K\u00fcll aga oli ka neid, kes said katse l\u00f5pus n\u00e4ha \u00f5isi ning tekkinud vilju. Kokku n\u00e4hti katse k\u00e4igus 255 mehhiko pisimeloni \u00f5it. K\u00f5ige rohkem n\u00e4gi mehhiko pisimeloni \u00f5isi C.R. Jakobsoni nim. Torma P\u00f5hikooli Linnutaja lasteaia Nipitiride r\u00fchm. Nemad on kindlasti v\u00e4ga \u00f5nnelikud, sest mehhiko pisikurgi \u00f5isi n\u00e4gi vaid 24 r\u00fchma (15% vastanutest). Nipitirid lugesid kokku 40 pisimeloni \u00f5it. Ametliku katse l\u00f5ppedes keegi veel mehhiko pisikurgi vilju ei olnud maitsnud.<\/p>\n<p>Paljud andsid meile ka teada, et nad kindlasti j\u00e4tkavad katsega ning kasvatavad taimi edasi nii kaua kui v\u00e4hegi v\u00f5imalik v\u00f5i kuni kooliaasta l\u00f5puni. Kindlasti tehke seda! Kui taimed on eluj\u00f5ulised, siis v\u00f5ib nad k\u00f5ik suveks koju viia, r\u00f5dule potti paigutada v\u00f5i aiapeenrale istutada.<\/p>\n<p>Mehhiko pisikurgi ja ka hariliku kurgi &#8216;Dolomit&#8217; kasvatamise eba\u00f5nnestumise peamisteks p\u00f5hjusteks olid:<br \/>\n1. liigselt s\u00fcgav seemnete k\u00fclv,<br \/>\n2. k\u00fclv liiga suurde anumasse (potti),<br \/>\n3. liiga m\u00e4rg v\u00f5i liiga kuiv muld,<br \/>\n4. jahe ruum (eriti seemnete idanemise ajal),<br \/>\n5. p\u00e4ikesep\u00f5letus,<br \/>\n6. tuulet\u00f5mbus,<br \/>\n7. kuiv \u00f5hk ruumis,<br \/>\n8. liiga varajane \u00fcmberistutamine,<br \/>\n9. \u00fcmberistutamine liiga suurde potti v\u00f5i liiga v\u00e4iksesse potti,<br \/>\n10. vigastused \u00fcmberistutamisel (\u00f5rn vars v\u00f5is mullas murduda v\u00f5i muljutud saada),<br \/>\n11. kahjustajad (eelk\u00f5ige kasvuhoonekarilane, kedriklest v\u00f5i lehet\u00e4i),<br \/>\n12. tugede paigutamine varre l\u00e4hedale nii, et selle mulda surumine vigastas juuri,<br \/>\n13. toitainete puudus.<\/p>\n<p>Ait\u00e4h k\u00f5igile katsetajatele ja kaasal\u00f6\u00f6jatele! Kindlasti \u00f5ppisime palju uut ning saime teada, et k\u00f5ik pealtn\u00e4ha sarnased taimed ei pruugigi kasvada \u00fchte moodi. M\u00f5ned taimed v\u00f5ivad kasvada v\u00e4ga kiiresti, teised j\u00e4lle v\u00e4ga aeglaselt. Kindlad saame olla selles, et \u00fche taime kasvatamine pakub palju p\u00f5nevust ning avastamisr\u00f5\u00f5mu ja enda kasvatatud saak maitseb v\u00e4ga h\u00e4sti. \ud83d\ude42<\/p>\n","protected":false},"excerpt":{"rendered":"<p>Taimekasvatusprojektis &#8220;Kurgis\u00f5brad&#8221; katsetasime hariliku kurgi &#8216;Dolomit&#8217; ja mehhiko pisimeloni (mehhiko pisikurk) kasvatamist siseruumis, aknalaual. Aianduskool saatis k\u00f5igile gruppidele t\u00f6\u00f6komplekti, milles oli lisaks vajalikele v\u00e4etistele ka 3 hariliku kurgi &#8216;Dolomit&#8217; ja 3 mehhiko pisimeloni seemet. Maksimaalselt oli igal grupil v\u00f5imalik kasvatada kokku 6 taime juhul, kui k\u00f5ik seemned idanesid. Projektiperioodi l\u00f5ppedes pidi iga grupp v\u00e4lja valima \u00fche k\u00f5ige tublima hariliku kurgi &#8216;Dolomit&#8217; ja \u00fche mehhiko pisimeloni taime. Tublimate taimede kohta laekus meile andmeid 162 r\u00fchmalt. Tabel 1. Taimekasvatusprojekti &#8220;Kurgis\u00f5brad&#8221; katseandmete kokkuv\u00f5te. Olgu siinkohal \u00f6eldud, et kogutud ja t\u00f6\u00f6deldud katseandmed ei pretendeeri \u00fchelegi teadust\u00f6\u00f6le. K\u00fcll aga v\u00f5ime \u00fchise katsetuse p\u00f5hjal teha m\u00f5ningaid..<\/p>\n","protected":false},"author":2,"featured_media":0,"parent":17,"menu_order":0,"comment_status":"closed","ping_status":"closed","template":"","meta":{"footnotes":""},"class_list":["post-416","page","type-page","status-publish","hentry"],"_links":{"self":[{"href":"https:\/\/aianduskool.ee\/kurgisobrad\/wp-json\/wp\/v2\/pages\/416","targetHints":{"allow":["GET"]}}],"collection":[{"href":"https:\/\/aianduskool.ee\/kurgisobrad\/wp-json\/wp\/v2\/pages"}],"about":[{"href":"https:\/\/aianduskool.ee\/kurgisobrad\/wp-json\/wp\/v2\/types\/page"}],"author":[{"embeddable":true,"href":"https:\/\/aianduskool.ee\/kurgisobrad\/wp-json\/wp\/v2\/users\/2"}],"replies":[{"embeddable":true,"href":"https:\/\/aianduskool.ee\/kurgisobrad\/wp-json\/wp\/v2\/comments?post=416"}],"version-history":[{"count":5,"href":"https:\/\/aianduskool.ee\/kurgisobrad\/wp-json\/wp\/v2\/pages\/416\/revisions"}],"predecessor-version":[{"id":428,"href":"https:\/\/aianduskool.ee\/kurgisobrad\/wp-json\/wp\/v2\/pages\/416\/revisions\/428"}],"up":[{"embeddable":true,"href":"https:\/\/aianduskool.ee\/kurgisobrad\/wp-json\/wp\/v2\/pages\/17"}],"wp:attachment":[{"href":"https:\/\/aianduskool.ee\/kurgisobrad\/wp-json\/wp\/v2\/media?parent=416"}],"curies":[{"name":"wp","href":"https:\/\/api.w.org\/{rel}","templated":true}]}}