{"id":71,"date":"2018-02-13T12:12:45","date_gmt":"2018-02-13T10:12:45","guid":{"rendered":"http:\/\/aianduskool.ee\/kurgisobrad\/?page_id=71"},"modified":"2018-03-04T16:11:49","modified_gmt":"2018-03-04T14:11:49","slug":"kare-pisimelon","status":"publish","type":"page","link":"https:\/\/aianduskool.ee\/kurgisobrad\/artiklid\/kare-pisimelon\/","title":{"rendered":"Kare pisimelon"},"content":{"rendered":"<p><strong>Kare pisimelon (<i><b>Melothria scabra<\/b><\/i>) ning tema kasvatamine<\/strong><\/p>\n<p>Tuntakse ka v\u00e4ikese arbuusi, mehhiko pisimeloni v\u00f5i hiirmelonina<\/p>\n<p>Kare pisimelon on hea ronija ja katab kiiresti k\u00f5rgemaid v\u00f5raseinu \u2013 temast saab v\u00e4ga hea loodusliku piirde erinevate aiaosade vahele. Aia puudumisel saab taime edukalt kasvatada ka suuremas potis \u2013 pisimeloneid tuleb korralikult toestada, optimaalselt kasta ja v\u00e4etada. \u00d5huline, heleroheline, kuni 3 m k\u00f5rguseks kasvav taim n\u00e4eb suurep\u00e4rane v\u00e4lja ning annab suvel igast lehekaenlast kr\u00f5mpsuvaid, kergelt sidruni maitset meenutavaid kuni 4 cm pikkuseid vilju. Kollased v\u00e4ikesed \u00f5ied, rohelisetriibulised viljad ning kuni s\u00fcgiseni helerohelisena s\u00e4iliv lehestik loob ilu ning varju. Viljad sobivad h\u00e4sti erinevatesse toorsalatitesse ja hoidistesse. Mullas arenevad taimedel mugulad (stoolonid), mis meenutavad kujult maguskartulit ja sobivad h\u00e4sti salatitesse. Mugulate maitse meenutab redist ning kurki. \u00dchelt taimelt v\u00f5ib saada kuni 5 kg vilju ja 1 kg mugulaid. Mugulad s\u00e4ilivad k\u00f5ige paremini pinnases \u2013 mullast v\u00e4lja v\u00f5ttes toimub stoolonitel kiire vedelikukaotus \u2013 mugulad n\u00e4rtsivad ning muutuvad n\u00e4tskeks.<\/p>\n<p>Terve, tugeva ja saagika pisimeloni kasvatamiseks on vaja sooja, tuulte eest kaitstud ning p\u00e4ikesepaistelist kasvukohta. Pisimeloni peenra v\u00f5iks rajada kohale, kus eelmisel aastal ei ole kasvanud k\u00f5rvitsalised (kurgid, k\u00f5rvitsad, arbuus v\u00f5i melonid)- siis on meie pisimelonid tervemad ning suure t\u00f5en\u00e4osusega ei lange kahjustajate r\u00fcnnaku alla. Pinnas peaks olema viljakas ja huumusrikas. Kodustes tingimustes v\u00f5iks enne pisimeloni k\u00fclvi v\u00f5i istutust pinnasesse lisada komposti normiga 1 \u00e4mber (10 l) 1 m2 kohta. Valmis pisimeloni peenra v\u00f5ib katta erinevate mult\u0161idega. Kattematerjal hoiab mullas ka rohkem niiskust ning ei lase umbrohul kasvama hakata. Kasutada v\u00f5ib biolagunevat tumedat kilematerjali, tavalist musta kilemult\u0161i, peenravaipa v\u00f5i tekstiilmult\u0161i. Mult\u0161i sisse saab l\u00f5igata paraja suurusega augud, auku vett lisada ning hiljem taimed istutusauku istutada. Kuna taimed kasvavad toestuse abil k\u00fcllaltki k\u00f5rgeks, annavad arvukalt k\u00f5rvalv\u00f5rseid ning ka juurev\u00f5susid, siis v\u00f5iks pisimeloni taimede vaheks peenras j\u00e4tta v\u00e4hemalt 50 cm.<\/p>\n<p>Tugeva ja ilusa pisimeloni taime saamiseks pistame kasvuhoones seemne potti umbes kuu aega enne peenrasse istutust \u2013 ehk siis maikuu alguses. Kasvuhoones v\u00f5i toas aknalaual vajavad taimed soojust (temperatuur \u00fcle 20\u00b0C), parasniisket pinnast ja valgusk\u00fcllast kasvukohta. Pisimelonil v\u00f5iks peenrasse v\u00f5i suuremasse potti istutamise ajal olla 4-5 p\u00e4rislehte. Kellel ei ole piisavalt aega v\u00f5i kohta, kus taimi ette kasvatada, v\u00f5iks seemned olenevalt ilmastikutingimustest juuni alguses v\u00f5i juuni keskel otse peenrasse k\u00fclvata (1 seemnest kasvab 1 taim).<\/p>\n<p>Kare pisimelon on k\u00fclma\u00f5rn \u2013 teda v\u00f5ib v\u00e4ljas kasvatada alles siis, kui kevadised \u00f6\u00f6k\u00fclmad on l\u00f5ppenud. Tavaliselt istutatakse v\u00f5i k\u00fclvatakse meil Eestis pisimelonid peenrasse juuni alguses v\u00f5i keskel. Juhul, kui olete pisimeloni juba v\u00e4lja istutanud v\u00f5i seemnest k\u00fclvatud pisimelon on juba t\u00e4rganud ning siis lubatakse veel \u00f6\u00f6k\u00fclma, v\u00f5iks peenra katta kattelooriga. Katteloor aitab hoida pisimeloni kasvukohas soodsamat temperatuuri ka jahedama suve korral. Sooja suvep\u00e4eva saabumisel v\u00f5tame taimedelt katteloori \u00e4ra \u2013 siis saab toimuda tolmeldamine.<\/p>\n<p>Kuival ja kuumal suvel on pisimelon v\u00e4ga t\u00e4nulik kastmisvee eest. Vihmavett soendada ei ole vaja, kuid kaevuvesi v\u00f5iks enne kastmist nt. \u00e4mbris, kastekannus, t\u00fcnnis v\u00f5i vannis soojeneda.<\/p>\n<p>Kastmisvett tuleks arvestada v\u00e4hemalt 20 liitrit 1 m2 kohta. Kasta tuleks korraga nii palju, et vesi j\u00f5uaks ilusti mulda imbuda \u2013 j\u00e4rk-j\u00e4rgult kastes imbubki kogu veenorm mulda. Kui kasta v\u00e4hem, siis teeme m\u00e4rjaks vaid \u00fclemise \u00f5hukese kihi \u2013 sellisel juhul v\u00f5ib vesi enne juurteni j\u00f5udmist pinnasest \u00e4ra aurustuda ning taimed saavad v\u00e4hese vee vaid t\u00e4nu oma lehtedele.<\/p>\n<p>Niiske ja sooja suve tingimustes r\u00f5\u00f5mustavad meid pisimelonid esimese saagiga juba kuu aja p\u00e4rast peale taimede v\u00e4ljaistutust peenrasse. Seej\u00e4rel tuleb olla virk ja t\u00e4helepanelik &#8211; saaki saab korjata \u00fclep\u00e4eviti. K\u00f5ige maitsvamad on ikka enda kasvatatud pisimelonid!<\/p>\n<div id=\"attachment_72\" style=\"width: 1034px\" class=\"wp-caption alignnone\"><img loading=\"lazy\" decoding=\"async\" aria-describedby=\"caption-attachment-72\" class=\"wp-image-72 size-large\" src=\"http:\/\/aianduskool.ee\/kurgisobrad\/wp-content\/uploads\/2018\/02\/KAREDA_PISIMELONI_PILT_ARTIKLISSE_08.02.18.docx-1024x681.jpg\" alt=\"\" width=\"1024\" height=\"681\" srcset=\"https:\/\/aianduskool.ee\/kurgisobrad\/wp-content\/uploads\/2018\/02\/KAREDA_PISIMELONI_PILT_ARTIKLISSE_08.02.18.docx-1024x681.jpg 1024w, https:\/\/aianduskool.ee\/kurgisobrad\/wp-content\/uploads\/2018\/02\/KAREDA_PISIMELONI_PILT_ARTIKLISSE_08.02.18.docx-300x199.jpg 300w, https:\/\/aianduskool.ee\/kurgisobrad\/wp-content\/uploads\/2018\/02\/KAREDA_PISIMELONI_PILT_ARTIKLISSE_08.02.18.docx-768x511.jpg 768w\" sizes=\"auto, (max-width: 1024px) 100vw, 1024px\" \/><p id=\"caption-attachment-72\" class=\"wp-caption-text\">Foto 1. Potis kasvavatel toestatud pisimelonitel on juba m\u00e4rgata esimesi viljahakatisi.<\/p><\/div>\n<p>&nbsp;<\/p>\n<p><strong>Artikli kirjutas \u00f5petaja Tairi Albert<\/strong><\/p>\n","protected":false},"excerpt":{"rendered":"<p>Kare pisimelon (Melothria scabra) ning tema kasvatamine Tuntakse ka v\u00e4ikese arbuusi, mehhiko pisimeloni v\u00f5i hiirmelonina Kare pisimelon on hea ronija ja katab kiiresti k\u00f5rgemaid v\u00f5raseinu \u2013 temast saab v\u00e4ga hea loodusliku piirde erinevate aiaosade vahele. Aia puudumisel saab taime edukalt kasvatada ka suuremas potis \u2013 pisimeloneid tuleb korralikult toestada, optimaalselt kasta ja v\u00e4etada. \u00d5huline, heleroheline, kuni 3 m k\u00f5rguseks kasvav taim n\u00e4eb suurep\u00e4rane v\u00e4lja ning annab suvel igast lehekaenlast kr\u00f5mpsuvaid, kergelt sidruni maitset meenutavaid kuni 4 cm pikkuseid vilju. Kollased v\u00e4ikesed \u00f5ied, rohelisetriibulised viljad ning kuni s\u00fcgiseni helerohelisena s\u00e4iliv lehestik loob ilu ning varju. Viljad sobivad h\u00e4sti erinevatesse toorsalatitesse ja..<\/p>\n","protected":false},"author":2,"featured_media":0,"parent":10,"menu_order":0,"comment_status":"closed","ping_status":"closed","template":"","meta":{"footnotes":""},"class_list":["post-71","page","type-page","status-publish","hentry"],"_links":{"self":[{"href":"https:\/\/aianduskool.ee\/kurgisobrad\/wp-json\/wp\/v2\/pages\/71","targetHints":{"allow":["GET"]}}],"collection":[{"href":"https:\/\/aianduskool.ee\/kurgisobrad\/wp-json\/wp\/v2\/pages"}],"about":[{"href":"https:\/\/aianduskool.ee\/kurgisobrad\/wp-json\/wp\/v2\/types\/page"}],"author":[{"embeddable":true,"href":"https:\/\/aianduskool.ee\/kurgisobrad\/wp-json\/wp\/v2\/users\/2"}],"replies":[{"embeddable":true,"href":"https:\/\/aianduskool.ee\/kurgisobrad\/wp-json\/wp\/v2\/comments?post=71"}],"version-history":[{"count":2,"href":"https:\/\/aianduskool.ee\/kurgisobrad\/wp-json\/wp\/v2\/pages\/71\/revisions"}],"predecessor-version":[{"id":168,"href":"https:\/\/aianduskool.ee\/kurgisobrad\/wp-json\/wp\/v2\/pages\/71\/revisions\/168"}],"up":[{"embeddable":true,"href":"https:\/\/aianduskool.ee\/kurgisobrad\/wp-json\/wp\/v2\/pages\/10"}],"wp:attachment":[{"href":"https:\/\/aianduskool.ee\/kurgisobrad\/wp-json\/wp\/v2\/media?parent=71"}],"curies":[{"name":"wp","href":"https:\/\/api.w.org\/{rel}","templated":true}]}}