{"id":81,"date":"2018-02-14T09:43:32","date_gmt":"2018-02-14T07:43:32","guid":{"rendered":"http:\/\/aianduskool.ee\/kurgisobrad\/?page_id=81"},"modified":"2018-02-19T14:44:13","modified_gmt":"2018-02-19T12:44:13","slug":"sissejuhatus","status":"publish","type":"page","link":"https:\/\/aianduskool.ee\/kurgisobrad\/blogid\/sissejuhatus\/","title":{"rendered":"Sissejuhatus"},"content":{"rendered":"<p>Jaanuaris teavitas\u00a0R\u00e4pina Aianduskool \u00fcldsust algavast taimeprojektist \u201cKurgis\u00f5brad\u201d kooli kodulehe, FB lehe ja haridusportaali Koolielu kaudu. Alates 15. jaanuarist oli v\u00f5imalik registreeruda taimeprojekti \u201cKurgis\u00f5brad\u201d osalejaks. Registreerumine l\u00f5ppes juba 19. jaanuaril, mil t\u00e4itus veidi enam kui planeeritud 500 r\u00fchma. T\u00e4navu on taimeprojektis osalemas 516 klassi-r\u00fchma, 243 asutusest (Joonis 1). Kokku on v\u00e4ikseid ja suuri osalejad koos juhendajatega 9512.<\/p>\n<p><img loading=\"lazy\" decoding=\"async\" class=\"alignnone wp-image-85 size-large\" src=\"http:\/\/aianduskool.ee\/kurgisobrad\/wp-content\/uploads\/2018\/02\/maakonnad-1024x622.png\" alt=\"\" width=\"1024\" height=\"622\" srcset=\"https:\/\/aianduskool.ee\/kurgisobrad\/wp-content\/uploads\/2018\/02\/maakonnad-1024x622.png 1024w, https:\/\/aianduskool.ee\/kurgisobrad\/wp-content\/uploads\/2018\/02\/maakonnad-300x182.png 300w, https:\/\/aianduskool.ee\/kurgisobrad\/wp-content\/uploads\/2018\/02\/maakonnad-768x467.png 768w, https:\/\/aianduskool.ee\/kurgisobrad\/wp-content\/uploads\/2018\/02\/maakonnad.png 1185w\" sizes=\"auto, (max-width: 1024px) 100vw, 1024px\" \/><\/p>\n<p>Joonis 1. Projektis \u201cKurgis\u00f5brad\u201d osalejate gruppide paiknemine maakonniti.<\/p>\n<p>&nbsp;<\/p>\n<p>Aianduskool saatis k\u00f5ikidele osalejate gruppidele postiga projekti t\u00f6\u00f6komplekti. Esimesed t\u00f6\u00f6komplektid postitati 5. veebruaril.<\/p>\n<p>K\u00f5ikidele osalejatele pakuti v\u00f5imalust t\u00f6\u00f6komplektidele R\u00e4pinasse ise j\u00e4rele tulla. Aianduskool raamatukogust saab t\u00f6\u00f6komplektid k\u00e4tte 14.-15. veebruaril kell 9.00-16.00 ja 16. veeruaril kell 9.00-15.00.<\/p>\n<p>\u00dche r\u00fchma t\u00f6\u00f6komplekt sisaldab:<\/p>\n<ul>\n<li>1 pakk hariliku kurgi &#8216;Dolomit&#8217;F1 seemneid (3 tk),<\/li>\n<li>1 pakk mehhiko pisikurgi seemneid (3 tk),<\/li>\n<li>1 pakk v\u00e4etist <em>Osmocote<\/em>,<\/li>\n<li>1 pakk v\u00e4etist kaltsiumnitraat,<\/li>\n<li>1 aednikupliiat,<\/li>\n<li>projekti logoga kleebiseid (arv vastavab r\u00fchma suurusele),<\/li>\n<li>aianduskooli infolehte.<\/li>\n<\/ul>\n<p>&nbsp;<\/p>\n<p><strong>ESIMESED SOOVITUSED<\/strong><\/p>\n<p>K\u00e4ttesaadud seemneteid ei pea kohe k\u00fclvama hakkama. Ootame, kuni k\u00f5ik on seemned k\u00e4tte saanud. Seej\u00e4rel asume k\u00f5ik \u00fcheskoos k\u00fclvama ja taimi kasvatama. Seemnete k\u00fclviga alustame 19. veebruari n\u00e4dalal. K\u00f5iki tegevusi saab vaadata men\u00fc\u00fcs &#8220;<a href=\"http:\/\/aianduskool.ee\/kurgisobrad\/videod\/\" target=\"_blank\" rel=\"noopener\">Kalender<\/a>&#8221;<\/p>\n<p>Projekti kodulehe avanemise j\u00e4rel (14.-16. veebruar) tehakse k\u00f5ikidele juhendajatele projekti kodulehele sisenemiseks kasutajakontod. Kodulehele on tarvis kasutajakontoga siseneda vikrotiinis osalemiseks (n\u00e4dala k\u00fcsimustele vastamiseks), konkursit\u00f6\u00f6de esitamiseks ja blogisse kommentaaride-k\u00fcsimuste lisamiseks. Kasutajakonto loomisest annab teile\u00a0m\u00e4rku\u00a0vastavasisuline e-kiri. Kuna veebikeskkond, kuhu teile kasutajakonto tehakse, saadab teate v\u00e4lja automaatselt, v\u00f5ib see kiri j\u00e4\u00e4da m\u00e4rkamatuks v\u00f5i r\u00e4nnata sp\u00e4mmi hulka. Sellet\u00f5ttu kontrollige\u00a0sp\u00e4mmi.<\/p>\n<p style=\"text-align: center;\"><strong>TAIMEPROJEKTI MEESKOND SOOVIB K\u00d5IGILE V\u00c4IKESTELE JA SUURTELE S\u00d5PRADELE PALJU R\u00d5\u00d5MU JA NUTIKUST ?\u00a0<\/strong><\/p>\n","protected":false},"excerpt":{"rendered":"<p>Jaanuaris teavitas\u00a0R\u00e4pina Aianduskool \u00fcldsust algavast taimeprojektist \u201cKurgis\u00f5brad\u201d kooli kodulehe, FB lehe ja haridusportaali Koolielu kaudu. Alates 15. jaanuarist oli v\u00f5imalik registreeruda taimeprojekti \u201cKurgis\u00f5brad\u201d osalejaks. Registreerumine l\u00f5ppes juba 19. jaanuaril, mil t\u00e4itus veidi enam kui planeeritud 500 r\u00fchma. T\u00e4navu on taimeprojektis osalemas 516 klassi-r\u00fchma, 243 asutusest (Joonis 1). Kokku on v\u00e4ikseid ja suuri osalejad koos juhendajatega 9512. Joonis 1. Projektis \u201cKurgis\u00f5brad\u201d osalejate gruppide paiknemine maakonniti. &nbsp; Aianduskool saatis k\u00f5ikidele osalejate gruppidele postiga projekti t\u00f6\u00f6komplekti. Esimesed t\u00f6\u00f6komplektid postitati 5. veebruaril. K\u00f5ikidele osalejatele pakuti v\u00f5imalust t\u00f6\u00f6komplektidele R\u00e4pinasse ise j\u00e4rele tulla. Aianduskool raamatukogust saab t\u00f6\u00f6komplektid k\u00e4tte 14.-15. veebruaril kell 9.00-16.00 ja 16. veeruaril kell..<\/p>\n","protected":false},"author":2,"featured_media":0,"parent":23,"menu_order":0,"comment_status":"closed","ping_status":"closed","template":"","meta":{"footnotes":""},"class_list":["post-81","page","type-page","status-publish","hentry"],"_links":{"self":[{"href":"https:\/\/aianduskool.ee\/kurgisobrad\/wp-json\/wp\/v2\/pages\/81","targetHints":{"allow":["GET"]}}],"collection":[{"href":"https:\/\/aianduskool.ee\/kurgisobrad\/wp-json\/wp\/v2\/pages"}],"about":[{"href":"https:\/\/aianduskool.ee\/kurgisobrad\/wp-json\/wp\/v2\/types\/page"}],"author":[{"embeddable":true,"href":"https:\/\/aianduskool.ee\/kurgisobrad\/wp-json\/wp\/v2\/users\/2"}],"replies":[{"embeddable":true,"href":"https:\/\/aianduskool.ee\/kurgisobrad\/wp-json\/wp\/v2\/comments?post=81"}],"version-history":[{"count":5,"href":"https:\/\/aianduskool.ee\/kurgisobrad\/wp-json\/wp\/v2\/pages\/81\/revisions"}],"predecessor-version":[{"id":133,"href":"https:\/\/aianduskool.ee\/kurgisobrad\/wp-json\/wp\/v2\/pages\/81\/revisions\/133"}],"up":[{"embeddable":true,"href":"https:\/\/aianduskool.ee\/kurgisobrad\/wp-json\/wp\/v2\/pages\/23"}],"wp:attachment":[{"href":"https:\/\/aianduskool.ee\/kurgisobrad\/wp-json\/wp\/v2\/media?parent=81"}],"curies":[{"name":"wp","href":"https:\/\/api.w.org\/{rel}","templated":true}]}}