{"id":89,"date":"2018-02-14T09:55:45","date_gmt":"2018-02-14T07:55:45","guid":{"rendered":"http:\/\/aianduskool.ee\/kurgisobrad\/?page_id=89"},"modified":"2018-02-14T09:55:45","modified_gmt":"2018-02-14T07:55:45","slug":"harilik-kurk","status":"publish","type":"page","link":"https:\/\/aianduskool.ee\/kurgisobrad\/artiklid\/harilik-kurk\/","title":{"rendered":"Harilik kurk"},"content":{"rendered":"<p><strong>Kurgi kasvatamine avamaal<\/strong><\/p>\n<p>Terve, tugeva ja saagika kurgi kasvatamiseks on vaja sooja, tuulte eest kaitstud ning p\u00e4ikesepaistelist kasvukohta. Kurgipeenra v\u00f5iks rajada kohale, kus eelmisel aastal ei ole kasvanud k\u00f5rvitsalised (kurk, k\u00f5rvitsad, arbuus v\u00f5i melon)- siis on meie kurgid tervemad ning suure t\u00f5en\u00e4osusega ei lange kahjustajate r\u00fcnnaku alla. Pinnas peaks olema viljakas ja huumusrikas. Kodustes tingimustes v\u00f5iks enne kurgi k\u00fclvi v\u00f5i istutust pinnasesse lisada komposti normiga 1 \u00e4mber (10 l) 1 m2 kohta. Kurgi juured armastavad sooja mulda \u2013 kui mullatemperatuur on alla +14 \u00b0C, siis ei saa kurk mullast fosforit k\u00e4tte ning taim kolletub ja h\u00e4vineb. Mulda aitab kurgi \u00fcmber soojendada musta katte kasutus. Valmis kurgipeenra v\u00f5ib katta erinevate mult\u0161idega. Kattematerjal hoiab mullas ka rohkem niiskust ning ei lase umbrohul kasvama hakata. Kasutada v\u00f5ib biolagunevat tumedat kilematerjali, tavalist musta kilemult\u0161i, peenravaipa v\u00f5i tekstiilmult\u0161i. Mult\u0161i sisse saab l\u00f5igata paraja suurusega augud. Kurgitaimede vaheks peenras j\u00e4tame 30 cm.<\/p>\n<div id=\"attachment_90\" style=\"width: 1034px\" class=\"wp-caption alignnone\"><img loading=\"lazy\" decoding=\"async\" aria-describedby=\"caption-attachment-90\" class=\"wp-image-90 size-large\" src=\"http:\/\/aianduskool.ee\/kurgisobrad\/wp-content\/uploads\/2018\/02\/KURGID-PEENRAVAIBAL-PILT-1-1024x768.jpg\" alt=\"\" width=\"1024\" height=\"768\" srcset=\"https:\/\/aianduskool.ee\/kurgisobrad\/wp-content\/uploads\/2018\/02\/KURGID-PEENRAVAIBAL-PILT-1-1024x768.jpg 1024w, https:\/\/aianduskool.ee\/kurgisobrad\/wp-content\/uploads\/2018\/02\/KURGID-PEENRAVAIBAL-PILT-1-300x225.jpg 300w, https:\/\/aianduskool.ee\/kurgisobrad\/wp-content\/uploads\/2018\/02\/KURGID-PEENRAVAIBAL-PILT-1-768x576.jpg 768w\" sizes=\"auto, (max-width: 1024px) 100vw, 1024px\" \/><p id=\"caption-attachment-90\" class=\"wp-caption-text\">Foto 1. Kurgitaimed kasvamas peenravaiba sisse tehtud aukudes<\/p><\/div>\n<p>Tugeva ja ilusa kurgitaime saamiseks pistame kasvuhoones kurgiseemne potti umbes pool kuud enne p\u00f5llule istutust \u2013 ehk siis maikuu keskel. Kasvuhoones vajavad kurgitaimed soojust (temperatuur \u00fcle 20\u00b0C), parasniisket pinnast ja valgusk\u00fcllast kasvukohta. Kurgitaimel v\u00f5iks peenrasse istutamise ajal olla 2 idulehte ja \u00fcks p\u00e4risleht. Suuremate taimede korral v\u00f5ib meie kurkidel peenras tekkida kasvuseisak \u2013 nende harjumine uute kasvutingimustega on palju aeglasem. Kellel ei ole piisavalt aega v\u00f5i kohta, kus taimi ette kasvatada, v\u00f5iks kurgiseemned olenevalt ilmastikutingimustest juuni alguses v\u00f5i juuni keskel otse peenrasse k\u00fclvata (1 seemnest kasvab 1 taim).<\/p>\n<div id=\"attachment_91\" style=\"width: 235px\" class=\"wp-caption alignnone\"><img loading=\"lazy\" decoding=\"async\" aria-describedby=\"caption-attachment-91\" class=\"wp-image-91 size-medium\" src=\"http:\/\/aianduskool.ee\/kurgisobrad\/wp-content\/uploads\/2018\/02\/IDULEHED-JA-PARISLEHE-TIPP-PILT-2-225x300.jpg\" alt=\"\" width=\"225\" height=\"300\" srcset=\"https:\/\/aianduskool.ee\/kurgisobrad\/wp-content\/uploads\/2018\/02\/IDULEHED-JA-PARISLEHE-TIPP-PILT-2-225x300.jpg 225w, https:\/\/aianduskool.ee\/kurgisobrad\/wp-content\/uploads\/2018\/02\/IDULEHED-JA-PARISLEHE-TIPP-PILT-2-768x1024.jpg 768w, https:\/\/aianduskool.ee\/kurgisobrad\/wp-content\/uploads\/2018\/02\/IDULEHED-JA-PARISLEHE-TIPP-PILT-2.jpg 1944w\" sizes=\"auto, (max-width: 225px) 100vw, 225px\" \/><p id=\"caption-attachment-91\" class=\"wp-caption-text\">Foto 2. Kurgitaimedel on 2 idulehte. Esimene p\u00e4rislehe tipp juba paistab<\/p><\/div>\n<div id=\"attachment_92\" style=\"width: 310px\" class=\"wp-caption alignnone\"><img loading=\"lazy\" decoding=\"async\" aria-describedby=\"caption-attachment-92\" class=\"wp-image-92 size-medium\" src=\"http:\/\/aianduskool.ee\/kurgisobrad\/wp-content\/uploads\/2018\/02\/KURK-PARISLEHTEDEGA-PILT-3-300x199.jpg\" alt=\"\" width=\"300\" height=\"199\" srcset=\"https:\/\/aianduskool.ee\/kurgisobrad\/wp-content\/uploads\/2018\/02\/KURK-PARISLEHTEDEGA-PILT-3-300x199.jpg 300w, https:\/\/aianduskool.ee\/kurgisobrad\/wp-content\/uploads\/2018\/02\/KURK-PARISLEHTEDEGA-PILT-3-768x511.jpg 768w, https:\/\/aianduskool.ee\/kurgisobrad\/wp-content\/uploads\/2018\/02\/KURK-PARISLEHTEDEGA-PILT-3-1024x681.jpg 1024w\" sizes=\"auto, (max-width: 300px) 100vw, 300px\" \/><p id=\"caption-attachment-92\" class=\"wp-caption-text\">Foto 3. Kurgitaimel on kasvanud esimene p\u00e4risleht. Teise p\u00e4rislehe tipp juba paistab<\/p><\/div>\n<p>Kurk on k\u00fclma\u00f5rn \u2013 teda v\u00f5ib v\u00e4ljas kasvatada alles siis, kui kevadised \u00f6\u00f6k\u00fclmad on l\u00f5ppenud. Tavaliselt istutatakse v\u00f5i k\u00fclvatakse meil Eestis kurgid peenrasse juuni alguses v\u00f5i keskel. Juhul, kui olete kurgi juba v\u00e4lja istutanud v\u00f5i seemnest k\u00fclvatud kurk on juba t\u00e4rganud ning siis lubatakse veel \u00f6\u00f6k\u00fclma, v\u00f5iks peenra katta kattelooriga. Katteloor aitab hoida kurgi kasvukohas soodsamat temperatuuri ka jahedama suve korral. Kuna t\u00e4nap\u00e4evased sordid (partenokarpsed kurgid) ei vaja viljade kasvuks tolmeldamist, siis v\u00f5ib katteloor kurgipeenart katta kogu aeg \u2013 loori eemaldame vaid rohimiseks v\u00f5i viljade korjamiseks.<\/p>\n<p>Kuival ja kuumal suvel on kurk v\u00e4ga t\u00e4nulik kastmisvee eest. Vihmavett soendada ei ole vaja, kuid kaevuvesi v\u00f5iks enne kastmist nt. \u00e4mbris, kastekannus, t\u00fcnnis v\u00f5i vannis soojeneda. Kastmisvett tuleks arvestada v\u00e4hemalt 20 liitrit 1 m2 kohta. Kasta tuleks korraga nii palju, et vesi j\u00f5uaks ilusti mulda imbuda \u2013 j\u00e4rk-j\u00e4rgult kastes imbubki kogu veenorm mulda. Kui kasta v\u00e4hem, siis teeme m\u00e4rjaks vaid \u00fclemise \u00f5hukese kihi \u2013 sellisel juhul v\u00f5ib vesi enne juurteni j\u00f5udmist pinnasest \u00e4ra aurustuda ning taimed saavad v\u00e4hese vee vaid t\u00e4nu oma lehtedele.<\/p>\n<p>Niiske ja sooja suve tingimustes r\u00f5\u00f5mustavad meid kurgid esimese saagiga juba kuu aja p\u00e4rast peale taimede v\u00e4ljaistutust peenrasse. Seej\u00e4rel tuleb olla virk ja t\u00e4helepanelik &#8211; kurgisaaki tuleks korjata \u00fclep\u00e4eviti &#8211; siis ei kasva kurgi viljad peenras liiga suureks ning sobivad v\u00e4rskelt s\u00f6\u00f6miseks, marineerimiseks ja ka soolamiseks. K\u00f5ige maitsvamad on kurgid siis, kui nad on ise kasvatatud ning s\u00f6\u00f6ja nopib t\u00e4pselt talle paraja kurgi oma peenralt ja s\u00f6\u00f6b ta seal samas \u00e4ra.<\/p>\n<div id=\"attachment_93\" style=\"width: 1034px\" class=\"wp-caption alignnone\"><img loading=\"lazy\" decoding=\"async\" aria-describedby=\"caption-attachment-93\" class=\"wp-image-93 size-large\" src=\"http:\/\/aianduskool.ee\/kurgisobrad\/wp-content\/uploads\/2018\/02\/KURGID-TEKSTIILMULT\u0160IL-PILT-4-1024x768.jpg\" alt=\"\" width=\"1024\" height=\"768\" srcset=\"https:\/\/aianduskool.ee\/kurgisobrad\/wp-content\/uploads\/2018\/02\/KURGID-TEKSTIILMULT\u0160IL-PILT-4-1024x768.jpg 1024w, https:\/\/aianduskool.ee\/kurgisobrad\/wp-content\/uploads\/2018\/02\/KURGID-TEKSTIILMULT\u0160IL-PILT-4-300x225.jpg 300w, https:\/\/aianduskool.ee\/kurgisobrad\/wp-content\/uploads\/2018\/02\/KURGID-TEKSTIILMULT\u0160IL-PILT-4-768x576.jpg 768w\" sizes=\"auto, (max-width: 1024px) 100vw, 1024px\" \/><p id=\"caption-attachment-93\" class=\"wp-caption-text\">Foto 4. Tekstiilmult\u0161il kasvavatelt kurkidelt saab juba saaki<\/p><\/div>\n<p>&nbsp;<\/p>\n<p>Tegelikult jagatakse nn. &#8220;l\u00fchiviljalise&#8221; kurgid viljad suuruse j\u00e4rgi erinevatesse r\u00fchmadesse:<\/p>\n<ul>\n<li>3&#8230;5 cm &#8211; korni\u0161onid (ehk nn &#8220;minikurgid&#8221; v\u00f5i &#8220;delikatesskurgid&#8221; (n\u00e4evad marineerituna purgis v\u00e4ga ahvatlevad v\u00e4lja ning kr\u00f5mpsuvad suus suurep\u00e4raselt)<\/li>\n<li>6&#8230;9 cm cm pikkused viljad \u2013 v\u00e4rskelt tarbimiseks ja marineerimiseks<\/li>\n<li>vili 9&#8230;12 cm pikk ja \u00d8 6 cm &#8211; v\u00e4rskelt tarbimiseks ning soolamiseks<\/li>\n<\/ul>\n<p>L\u00f5petuseks veel \u00fcks nipp &#8211; k\u00f5ik mis teed, tee r\u00f5\u00f5muga ning siis kasvabki peenras \u00f5nnelik ja r\u00f5\u00f5mus kurk!<\/p>\n<div id=\"attachment_94\" style=\"width: 459px\" class=\"wp-caption alignnone\"><img loading=\"lazy\" decoding=\"async\" aria-describedby=\"caption-attachment-94\" class=\"wp-image-94 size-full\" src=\"http:\/\/aianduskool.ee\/kurgisobrad\/wp-content\/uploads\/2018\/02\/kurginaeratus-pilt-4-1.jpg\" alt=\"\" width=\"449\" height=\"337\" srcset=\"https:\/\/aianduskool.ee\/kurgisobrad\/wp-content\/uploads\/2018\/02\/kurginaeratus-pilt-4-1.jpg 449w, https:\/\/aianduskool.ee\/kurgisobrad\/wp-content\/uploads\/2018\/02\/kurginaeratus-pilt-4-1-300x225.jpg 300w\" sizes=\"auto, (max-width: 449px) 100vw, 449px\" \/><p id=\"caption-attachment-94\" class=\"wp-caption-text\">Foto 5. Kurginaeratus<\/p><\/div>\n<p>&nbsp;<\/p>\n<p><strong>Tarkused pani kirja \u00f5petaja Tairi Albert<\/strong><\/p>\n","protected":false},"excerpt":{"rendered":"<p>Kurgi kasvatamine avamaal Terve, tugeva ja saagika kurgi kasvatamiseks on vaja sooja, tuulte eest kaitstud ning p\u00e4ikesepaistelist kasvukohta. Kurgipeenra v\u00f5iks rajada kohale, kus eelmisel aastal ei ole kasvanud k\u00f5rvitsalised (kurk, k\u00f5rvitsad, arbuus v\u00f5i melon)- siis on meie kurgid tervemad ning suure t\u00f5en\u00e4osusega ei lange kahjustajate r\u00fcnnaku alla. Pinnas peaks olema viljakas ja huumusrikas. Kodustes tingimustes v\u00f5iks enne kurgi k\u00fclvi v\u00f5i istutust pinnasesse lisada komposti normiga 1 \u00e4mber (10 l) 1 m2 kohta. Kurgi juured armastavad sooja mulda \u2013 kui mullatemperatuur on alla +14 \u00b0C, siis ei saa kurk mullast fosforit k\u00e4tte ning taim kolletub ja h\u00e4vineb. Mulda aitab kurgi \u00fcmber..<\/p>\n","protected":false},"author":2,"featured_media":0,"parent":10,"menu_order":0,"comment_status":"closed","ping_status":"closed","template":"","meta":{"footnotes":""},"class_list":["post-89","page","type-page","status-publish","hentry"],"_links":{"self":[{"href":"https:\/\/aianduskool.ee\/kurgisobrad\/wp-json\/wp\/v2\/pages\/89","targetHints":{"allow":["GET"]}}],"collection":[{"href":"https:\/\/aianduskool.ee\/kurgisobrad\/wp-json\/wp\/v2\/pages"}],"about":[{"href":"https:\/\/aianduskool.ee\/kurgisobrad\/wp-json\/wp\/v2\/types\/page"}],"author":[{"embeddable":true,"href":"https:\/\/aianduskool.ee\/kurgisobrad\/wp-json\/wp\/v2\/users\/2"}],"replies":[{"embeddable":true,"href":"https:\/\/aianduskool.ee\/kurgisobrad\/wp-json\/wp\/v2\/comments?post=89"}],"version-history":[{"count":1,"href":"https:\/\/aianduskool.ee\/kurgisobrad\/wp-json\/wp\/v2\/pages\/89\/revisions"}],"predecessor-version":[{"id":95,"href":"https:\/\/aianduskool.ee\/kurgisobrad\/wp-json\/wp\/v2\/pages\/89\/revisions\/95"}],"up":[{"embeddable":true,"href":"https:\/\/aianduskool.ee\/kurgisobrad\/wp-json\/wp\/v2\/pages\/10"}],"wp:attachment":[{"href":"https:\/\/aianduskool.ee\/kurgisobrad\/wp-json\/wp\/v2\/media?parent=89"}],"curies":[{"name":"wp","href":"https:\/\/api.w.org\/{rel}","templated":true}]}}