{"id":19,"date":"2018-01-17T09:43:37","date_gmt":"2018-01-17T07:43:37","guid":{"rendered":"https:\/\/aianduskool.ee\/kurgisobrad2021\/?page_id=19"},"modified":"2021-05-26T11:32:57","modified_gmt":"2021-05-26T08:32:57","slug":"konkursid","status":"publish","type":"page","link":"https:\/\/aianduskool.ee\/kurgisobrad2021\/konkursid\/","title":{"rendered":"Konkursid"},"content":{"rendered":"\r\n<p>Taimeprojekti \u201cKurgis\u00f5brad\u201d ajal toimub mitmeid konkursse. N\u00f5uded leiad linkide alt.<\/p>\r\n\r\n\r\n\r\n<p>Projektip\u00e4eviku konkurss.\u00a0 <a href=\"https:\/\/aianduskool.ee\/kurgisobrad2021\/blogid\/499-2\/\">N\u00d5UDED.<\/a><\/p><p>Projektip\u00e4eviku konkursi <a href=\"https:\/\/aianduskool.ee\/kurgisobrad2021\/konkursid\/670-2\/\">tulemused.<\/a><br \/>Loomingukonkurss (joonistus, meem)- <a href=\"https:\/\/aianduskool.ee\/kurgisobrad2021\/loomingu-konkurs-joonistus\/\">N\u00d5UDED.<\/a><br \/>Loomingukonkursi <a href=\"https:\/\/aianduskool.ee\/kurgisobrad2021\/konkursid\/loomingu-konkurs-joonistus\/loomingukonkursi-tulemused\/\">tulemused.<\/a><\/p>\r\n<p>&nbsp;<\/p>\r\n\r\n\r\n\r\n\r\n\r\n<p>&nbsp;<\/p>\r\n","protected":false},"excerpt":{"rendered":"<p>Taimeprojekti \u201cKurgis\u00f5brad\u201d ajal toimub mitmeid konkursse. N\u00f5uded leiad linkide alt. Projektip\u00e4eviku konkurss.\u00a0 N\u00d5UDED. Projektip\u00e4eviku konkursi tulemused.Loomingukonkurss (joonistus, meem)- N\u00d5UDED.Loomingukonkursi tulemused. &nbsp; &nbsp;<\/p>\n","protected":false},"author":2,"featured_media":0,"parent":0,"menu_order":6,"comment_status":"closed","ping_status":"closed","template":"","meta":{"footnotes":""},"class_list":["post-19","page","type-page","status-publish","hentry"],"_links":{"self":[{"href":"https:\/\/aianduskool.ee\/kurgisobrad2021\/wp-json\/wp\/v2\/pages\/19","targetHints":{"allow":["GET"]}}],"collection":[{"href":"https:\/\/aianduskool.ee\/kurgisobrad2021\/wp-json\/wp\/v2\/pages"}],"about":[{"href":"https:\/\/aianduskool.ee\/kurgisobrad2021\/wp-json\/wp\/v2\/types\/page"}],"author":[{"embeddable":true,"href":"https:\/\/aianduskool.ee\/kurgisobrad2021\/wp-json\/wp\/v2\/users\/2"}],"replies":[{"embeddable":true,"href":"https:\/\/aianduskool.ee\/kurgisobrad2021\/wp-json\/wp\/v2\/comments?post=19"}],"version-history":[{"count":5,"href":"https:\/\/aianduskool.ee\/kurgisobrad2021\/wp-json\/wp\/v2\/pages\/19\/revisions"}],"predecessor-version":[{"id":680,"href":"https:\/\/aianduskool.ee\/kurgisobrad2021\/wp-json\/wp\/v2\/pages\/19\/revisions\/680"}],"wp:attachment":[{"href":"https:\/\/aianduskool.ee\/kurgisobrad2021\/wp-json\/wp\/v2\/media?parent=19"}],"curies":[{"name":"wp","href":"https:\/\/api.w.org\/{rel}","templated":true}]}}