{"id":491,"date":"2021-02-12T15:22:52","date_gmt":"2021-02-12T13:22:52","guid":{"rendered":"https:\/\/aianduskool.ee\/kurgisobrad2021\/?page_id=491"},"modified":"2021-02-22T12:07:39","modified_gmt":"2021-02-22T10:07:39","slug":"loomingu-konkurs-joonistus","status":"publish","type":"page","link":"https:\/\/aianduskool.ee\/kurgisobrad2021\/konkursid\/loomingu-konkurs-joonistus\/","title":{"rendered":"Loomingu konkurss"},"content":{"rendered":"<p>Loomingukonkursi t\u00f6\u00f6deks ootame joonistusi ja meeme kurgist, s\u00f5pradest ja s\u00f5prusest.<\/p>\n<p>V\u00e4ga hea konkursit\u00f6\u00f6:<\/p>\n<p>* on originaallooming,<br \/>\n* on pealkirjastatud,<br \/>\n* vastab etteantud temaatikale.<\/p>\n<p>T\u00f6\u00f6le lisa kindlasti:<\/p>\n<p>* autori ja juhendaja nimed,<br \/>\n* kooli v\u00f5i lasteaia nimi,<br \/>\n* klassi number v\u00f5i r\u00fchma nimi.<\/p>\n<p><strong>Kvaliteetseid fotosid konkursit\u00f6\u00f6dest<\/strong>\u00a0ootame e-posti aadressile:\u00a0<strong>sobrad@aianduskool.ee<\/strong> hiljemalt <strong>18<\/strong><strong>. aprillil<\/strong>.<\/p>\n<p>Parimatele t\u00f6\u00f6dele paneb R\u00e4pina Aianduskool v\u00e4lja v\u00e4ikesed auhinnad.\u00a0\ud83d\ude42<\/p>\n<div id=\"footable_parent_260\" class=\"footable_parent ninja_table_wrapper wp_table_data_press_parent bootstrap3\">\n<table id=\"footable_260\" class=\"foo-table ninja_footable foo_table_260 ninja_table_unique_id_1754380060_260 table nt_type_ table-bordered footable-paging-right ninja_table_search_disabled footable footable-1 footable-paging breakpoint-lg\" data-ninja_table_instance=\"ninja_table_instance_0\" data-footable_id=\"260\" data-filter-delay=\"500\" aria-label=\"Joonistusv\u00f5istluse kategooriad\" data-unique_identifier=\"ninja_table_unique_id_1754380060_260\">\n<thead>\n<tr class=\"footable-header\">\n<th class=\"ninja_column_0 ninja_clmn_nm_kategooriad footable-first-visible\" scope=\"col\">Kategooriad<\/th>\n<th class=\"ninja_column_1 ninja_clmn_nm_konkursitoo_tuup footable-last-visible\" scope=\"col\">Konkursit\u00f6\u00f6 t\u00fc\u00fcp<\/th>\n<\/tr>\n<\/thead>\n<colgroup>\n<col class=\"ninja_column_0 \" \/>\n<col class=\"ninja_column_1 \" \/><\/colgroup>\n<tfoot><\/tfoot>\n<tbody>\n<tr class=\"ninja_table_row_0 nt_row_id_4\">\n<td class=\"ninja_column_0 ninja_clmn_nm_kategooriad footable-first-visible\">Kool<\/td>\n<td class=\"ninja_column_1 ninja_clmn_nm_konkursitoo_tuup footable-last-visible\">meem v\u00f5i joonistus<\/td>\n<\/tr>\n<tr class=\"ninja_table_row_1 nt_row_id_3\">\n<td class=\"ninja_column_0 ninja_clmn_nm_kategooriad footable-first-visible\"><\/td>\n<td class=\"ninja_column_1 ninja_clmn_nm_konkursitoo_tuup footable-last-visible\"><\/td>\n<\/tr>\n<tr class=\"ninja_table_row_2 nt_row_id_2\">\n<td class=\"ninja_column_0 ninja_clmn_nm_kategooriad footable-first-visible\">Lasteaed<\/td>\n<td class=\"ninja_column_1 ninja_clmn_nm_konkursitoo_tuup footable-last-visible\">joonistus<\/td>\n<\/tr>\n<\/tbody>\n<\/table>\n<\/div>\n<p>Konkursit\u00f6\u00f6de hindamis\u017e\u00fcriil on \u00f5igus v\u00e4lja anda ka eripreemiaid.<\/p>\n","protected":false},"excerpt":{"rendered":"<p>Loomingukonkursi t\u00f6\u00f6deks ootame joonistusi ja meeme kurgist, s\u00f5pradest ja s\u00f5prusest. V\u00e4ga hea konkursit\u00f6\u00f6: * on originaallooming, * on pealkirjastatud, * vastab etteantud temaatikale. T\u00f6\u00f6le lisa kindlasti: * autori ja juhendaja nimed, * kooli v\u00f5i lasteaia nimi, * klassi number v\u00f5i r\u00fchma nimi. Kvaliteetseid fotosid konkursit\u00f6\u00f6dest\u00a0ootame e-posti aadressile:\u00a0sobrad@aianduskool.ee hiljemalt 18. aprillil. Parimatele t\u00f6\u00f6dele paneb R\u00e4pina Aianduskool v\u00e4lja v\u00e4ikesed auhinnad.\u00a0\ud83d\ude42 Kategooriad Konkursit\u00f6\u00f6 t\u00fc\u00fcp Kool meem v\u00f5i joonistus Lasteaed joonistus Konkursit\u00f6\u00f6de hindamis\u017e\u00fcriil on \u00f5igus v\u00e4lja anda ka eripreemiaid.<\/p>\n","protected":false},"author":3,"featured_media":0,"parent":19,"menu_order":0,"comment_status":"closed","ping_status":"closed","template":"","meta":{"footnotes":""},"class_list":["post-491","page","type-page","status-publish","hentry"],"_links":{"self":[{"href":"https:\/\/aianduskool.ee\/kurgisobrad2021\/wp-json\/wp\/v2\/pages\/491","targetHints":{"allow":["GET"]}}],"collection":[{"href":"https:\/\/aianduskool.ee\/kurgisobrad2021\/wp-json\/wp\/v2\/pages"}],"about":[{"href":"https:\/\/aianduskool.ee\/kurgisobrad2021\/wp-json\/wp\/v2\/types\/page"}],"author":[{"embeddable":true,"href":"https:\/\/aianduskool.ee\/kurgisobrad2021\/wp-json\/wp\/v2\/users\/3"}],"replies":[{"embeddable":true,"href":"https:\/\/aianduskool.ee\/kurgisobrad2021\/wp-json\/wp\/v2\/comments?post=491"}],"version-history":[{"count":5,"href":"https:\/\/aianduskool.ee\/kurgisobrad2021\/wp-json\/wp\/v2\/pages\/491\/revisions"}],"predecessor-version":[{"id":510,"href":"https:\/\/aianduskool.ee\/kurgisobrad2021\/wp-json\/wp\/v2\/pages\/491\/revisions\/510"}],"up":[{"embeddable":true,"href":"https:\/\/aianduskool.ee\/kurgisobrad2021\/wp-json\/wp\/v2\/pages\/19"}],"wp:attachment":[{"href":"https:\/\/aianduskool.ee\/kurgisobrad2021\/wp-json\/wp\/v2\/media?parent=491"}],"curies":[{"name":"wp","href":"https:\/\/api.w.org\/{rel}","templated":true}]}}