{"id":511,"date":"2021-02-22T12:21:53","date_gmt":"2021-02-22T10:21:53","guid":{"rendered":"https:\/\/aianduskool.ee\/kurgisobrad2021\/?page_id=511"},"modified":"2021-02-22T12:32:40","modified_gmt":"2021-02-22T10:32:40","slug":"esimese-nadala-kokkuvote","status":"publish","type":"page","link":"https:\/\/aianduskool.ee\/kurgisobrad2021\/blogid\/esimese-nadala-kokkuvote\/","title":{"rendered":"Esimese n\u00e4dala kokkuv\u00f5te"},"content":{"rendered":"<p>Armsad kurgis\u00f5brad! On aeg esimene projektin\u00e4dal kokku v\u00f5tta.<\/p>\n<p>Esimene projektin\u00e4dal (15.-21.02) oli t\u00e4is p\u00f5nevust, palju uut ja huvitavat!<strong> 15. veebruarist<\/strong> algas meie \u00fchine kurgi kasvatamine- k\u00fclvasime maha kurgi seemned.<\/p>\n<p>Esimese n\u00e4dala alustasime ka katseandmete kogumist (leia tabel &#8220;Katse&#8221; lehelt). Tabelisse tuli kirja panna seemnete k\u00fclvamise kuup\u00e4ev, taimede t\u00e4rkamise kuup\u00e4ev ja teha v\u00e4ikesed arvutused (mitu p\u00e4eva kulus taimede t\u00e4rkamiseks). Oluline on, et igal n\u00e4dalal katseandmeid kogute. Nii saame teada, kuidas ja kui kiiresti kurgid kasvavad.\u00a0 Esialgu kurke \u00fcmber istutada ei ole tarvis- seda teeme, siis kui on tekkinud esineme p\u00e4risleht- selle \u00e4ratundmiseks tuleb appi video nr. 2.<\/p>\n<p>Taimi ei ole tarvis praegu v\u00e4etada. V\u00e4etamise kohta jagame t\u00e4psemaid \u00f5petusi siis, kui v\u00e4etamise aeg hakkab k\u00e4tte j\u00f5udma. Praegu on oluline, et taim veepuudusesse ei j\u00e4\u00e4ks ning p\u00e4ikeselistel p\u00e4evadel p\u00e4ikesep\u00f5letust ei saaks &#8211; kurgitaimed vajavad palju valgust aga ei talu otsest p\u00e4ikesevalgust. P\u00e4ikeselisel p\u00e4eval t\u00f5stke taimed aknast veidi eemale. Kurgitaimed vajavad k\u00fcll palju vett kuid liigniiskus p\u00f5hjustab juurem\u00e4danikku. Liigniiskuse v\u00e4ltimiseks tuleb p\u00e4rast kastmist alustaldrikule valgunud vesi \u00e4ra kallata. Liigniiskuses kurgitaimede juured j\u00e4\u00e4vad hapnikupuudusesse ning tekivad m\u00e4danikud, mille tagaj\u00e4rjel juured h\u00e4vivad. Juurte h\u00e4vimine toob omakorda kaasa aga kogu taime h\u00e4vimise. Kastmisvajadus s\u00f5ltub ruumi temperatuurist. Soojemas ruumis tuleb kasta tihedamalt, veidi jahedamas ruumis harvem. Kastmisel l\u00e4htume ikka reeglist \u2013 \u00fcks kord ja korralikult, mitte iga p\u00e4ev ja natuke.\u00a0Samuti ei sobi kurgile kui juurte piirkond on k\u00fclmas (nt aknalaual v\u00f5ib praegu \u00fcsna k\u00fclm olla- j\u00e4lgi oma taimede kasvukohta!). <strong>Soovitus &#8211; pane termomeeter aknalauale. Kui temperatuur on alla +20 kraadi (seda ka \u00f6\u00f6sel), siis ongi kurgil k\u00fclm. Liiga k\u00fclm temperatuur pikendab seemnete idanemise perioodi, p\u00f5hjustab taimede kidurat kasvu jne.\u00a0<\/strong><\/p>\n<p>Lisaks taimede kasvatamisele algas meil ka viktoriin. Kellel on veel viktoriini esimesele k\u00fcsimusele vastamata, siis teisel n\u00e4dalal saab seda veel teha. Kuna koolides algas vaheaeg, siis uut k\u00fcsimust me teisel \u00a0projektin\u00e4dalal ei esita.<\/p>\n<p>Algas <a href=\"https:\/\/aianduskool.ee\/kurgisobrad2021\/projekti-paevik\/\">projektip\u00e4eviku konkurss<\/a> &#8211; see kestab projekti l\u00f5puni.<\/p>\n<p>Mida aga toob teine projekti n\u00e4dal (22.-28.02.)? Kuna kooli\u00f5pilastel on vaheaeg, siis uut viktoriini k\u00fcsimust me ei esita. Kindlasti j\u00e4lgige taimede kastmisvajadus ja t\u00e4itke katse tabelit (kui seda veel tehtud pole). T\u00e4itke projektip\u00e4evikut, et meiegi saaksime aimu, kuidas projektis osalemine kulgeb. Otsige projekti kodulehelt \u00fcles uus n\u00e4dala nipp.<\/p>\n<p>Igasuguste k\u00fcsimuste ja murede korral p\u00f6\u00f6rduge ikka projekti meeskonna poole (sobrad@aianduskool.ee).<\/p>\n<p>&nbsp;<\/p>\n<p>Projekti meeskond soovib k\u00f5igile m\u00f5nusat taimede kasvatamise katsetamist!<\/p>\n","protected":false},"excerpt":{"rendered":"<p>Armsad kurgis\u00f5brad! On aeg esimene projektin\u00e4dal kokku v\u00f5tta. Esimene projektin\u00e4dal (15.-21.02) oli t\u00e4is p\u00f5nevust, palju uut ja huvitavat! 15. veebruarist algas meie \u00fchine kurgi kasvatamine- k\u00fclvasime maha kurgi seemned. Esimese n\u00e4dala alustasime ka katseandmete kogumist (leia tabel &#8220;Katse&#8221; lehelt). Tabelisse tuli kirja panna seemnete k\u00fclvamise kuup\u00e4ev, taimede t\u00e4rkamise kuup\u00e4ev ja teha v\u00e4ikesed arvutused (mitu p\u00e4eva kulus taimede t\u00e4rkamiseks). Oluline on, et igal n\u00e4dalal katseandmeid kogute. Nii saame teada, kuidas ja kui kiiresti kurgid kasvavad.\u00a0 Esialgu kurke \u00fcmber istutada ei ole tarvis- seda teeme, siis kui on tekkinud esineme p\u00e4risleht- selle \u00e4ratundmiseks tuleb appi video nr. 2. Taimi ei ole tarvis..<\/p>\n","protected":false},"author":3,"featured_media":0,"parent":23,"menu_order":0,"comment_status":"closed","ping_status":"closed","template":"","meta":{"footnotes":""},"class_list":["post-511","page","type-page","status-publish","hentry"],"_links":{"self":[{"href":"https:\/\/aianduskool.ee\/kurgisobrad2021\/wp-json\/wp\/v2\/pages\/511","targetHints":{"allow":["GET"]}}],"collection":[{"href":"https:\/\/aianduskool.ee\/kurgisobrad2021\/wp-json\/wp\/v2\/pages"}],"about":[{"href":"https:\/\/aianduskool.ee\/kurgisobrad2021\/wp-json\/wp\/v2\/types\/page"}],"author":[{"embeddable":true,"href":"https:\/\/aianduskool.ee\/kurgisobrad2021\/wp-json\/wp\/v2\/users\/3"}],"replies":[{"embeddable":true,"href":"https:\/\/aianduskool.ee\/kurgisobrad2021\/wp-json\/wp\/v2\/comments?post=511"}],"version-history":[{"count":4,"href":"https:\/\/aianduskool.ee\/kurgisobrad2021\/wp-json\/wp\/v2\/pages\/511\/revisions"}],"predecessor-version":[{"id":516,"href":"https:\/\/aianduskool.ee\/kurgisobrad2021\/wp-json\/wp\/v2\/pages\/511\/revisions\/516"}],"up":[{"embeddable":true,"href":"https:\/\/aianduskool.ee\/kurgisobrad2021\/wp-json\/wp\/v2\/pages\/23"}],"wp:attachment":[{"href":"https:\/\/aianduskool.ee\/kurgisobrad2021\/wp-json\/wp\/v2\/media?parent=511"}],"curies":[{"name":"wp","href":"https:\/\/api.w.org\/{rel}","templated":true}]}}