{"id":527,"date":"2021-03-01T13:21:17","date_gmt":"2021-03-01T11:21:17","guid":{"rendered":"https:\/\/aianduskool.ee\/kurgisobrad2021\/?page_id=527"},"modified":"2021-03-01T13:23:39","modified_gmt":"2021-03-01T11:23:39","slug":"2-nadala-kokkuvote","status":"publish","type":"page","link":"https:\/\/aianduskool.ee\/kurgisobrad2021\/blogid\/2-nadala-kokkuvote\/","title":{"rendered":"2.n\u00e4dala kokkuv\u00f5te"},"content":{"rendered":"<h2><\/h2>\n<div class=\"post-content\">\n<p>Head s\u00f5brad!<\/p>\n<p>Aeg on teine projekti n\u00e4dal kokku v\u00f5tta.<\/p>\n<p>Koolides oli vaheaeg, mist\u00f5ttu m\u00f6\u00f6dus teine projekti n\u00e4dal rahulikumalt. Suuremat t\u00e4helepanu p\u00f6\u00f6rati taimede uurimisele, katseandmete kogumisele ja osa gruppe sai kurgitaimi ka juba suuremasse potti \u00fcmber istutada. Abiks \u00fcmberistutamisele on projekti Facebooki gruppi ja kodulehele lisandunud \u00f5ppevideo.<\/p>\n<p><strong>Mis juhtub projekti kolmandal n\u00e4dalal?<\/strong><\/p>\n<p>Projekti kodulehele ilmus uus n\u00e4dala nipp ja ka uus viktoriini k\u00fcsimus.<\/p>\n<p>Vajadusel istutage kurgitaimed \u00fcmber. Kindlasti j\u00e4lgige, et taimed saaksid piisavalt vett. V\u00e4etamisega tasub veel oodata. Esimene v\u00e4etamine tuleks ette v\u00f5tta 2-3 n\u00e4dalat p\u00e4rast kurgitaimede \u00fcmberistutamist. Taimede \u00fcmberistutamise kohta leiate juhiseid \u00f5ppevideost.<\/p>\n<p>M\u00e4rts on ka emakeelekuu- lugege oma kurgitaimedele ette lugusid ja luuletusi \ud83d\ude42<\/p>\n<p>Seniks aga j\u00e4lgige n\u00e4dala nippe, vastake viktoriini k\u00fcsimusele, j\u00e4lgige taimi (vajadusel kastke, kaitske p\u00e4ikese eest v\u00f5i istutage \u00fcmber).<\/p>\n<p>Samuti k\u00fclastage meie Facebooki gruppi. \u00c4rge unustage katseandmeid koguda!<\/p>\n<p>&nbsp;<\/p>\n<p>Igasuguste k\u00fcsimuste ja murede korral p\u00f6\u00f6rduge ikka projekti meeskonna poole (sobrad@aianduskool.ee).<\/p>\n<p>Projekti meeskond soovib k\u00f5igile m\u00f5nusat ja p\u00e4ikeselist kevade ootust!<\/p>\n<\/div>\n","protected":false},"excerpt":{"rendered":"<p>Head s\u00f5brad! Aeg on teine projekti n\u00e4dal kokku v\u00f5tta. Koolides oli vaheaeg, mist\u00f5ttu m\u00f6\u00f6dus teine projekti n\u00e4dal rahulikumalt. Suuremat t\u00e4helepanu p\u00f6\u00f6rati taimede uurimisele, katseandmete kogumisele ja osa gruppe sai kurgitaimi ka juba suuremasse potti \u00fcmber istutada. Abiks \u00fcmberistutamisele on projekti Facebooki gruppi ja kodulehele lisandunud \u00f5ppevideo. Mis juhtub projekti kolmandal n\u00e4dalal? Projekti kodulehele ilmus uus n\u00e4dala nipp ja ka uus viktoriini k\u00fcsimus. Vajadusel istutage kurgitaimed \u00fcmber. Kindlasti j\u00e4lgige, et taimed saaksid piisavalt vett. V\u00e4etamisega tasub veel oodata. Esimene v\u00e4etamine tuleks ette v\u00f5tta 2-3 n\u00e4dalat p\u00e4rast kurgitaimede \u00fcmberistutamist. Taimede \u00fcmberistutamise kohta leiate juhiseid \u00f5ppevideost. M\u00e4rts on ka emakeelekuu- lugege oma kurgitaimedele..<\/p>\n","protected":false},"author":3,"featured_media":0,"parent":23,"menu_order":0,"comment_status":"closed","ping_status":"closed","template":"","meta":{"footnotes":""},"class_list":["post-527","page","type-page","status-publish","hentry"],"_links":{"self":[{"href":"https:\/\/aianduskool.ee\/kurgisobrad2021\/wp-json\/wp\/v2\/pages\/527","targetHints":{"allow":["GET"]}}],"collection":[{"href":"https:\/\/aianduskool.ee\/kurgisobrad2021\/wp-json\/wp\/v2\/pages"}],"about":[{"href":"https:\/\/aianduskool.ee\/kurgisobrad2021\/wp-json\/wp\/v2\/types\/page"}],"author":[{"embeddable":true,"href":"https:\/\/aianduskool.ee\/kurgisobrad2021\/wp-json\/wp\/v2\/users\/3"}],"replies":[{"embeddable":true,"href":"https:\/\/aianduskool.ee\/kurgisobrad2021\/wp-json\/wp\/v2\/comments?post=527"}],"version-history":[{"count":3,"href":"https:\/\/aianduskool.ee\/kurgisobrad2021\/wp-json\/wp\/v2\/pages\/527\/revisions"}],"predecessor-version":[{"id":530,"href":"https:\/\/aianduskool.ee\/kurgisobrad2021\/wp-json\/wp\/v2\/pages\/527\/revisions\/530"}],"up":[{"embeddable":true,"href":"https:\/\/aianduskool.ee\/kurgisobrad2021\/wp-json\/wp\/v2\/pages\/23"}],"wp:attachment":[{"href":"https:\/\/aianduskool.ee\/kurgisobrad2021\/wp-json\/wp\/v2\/media?parent=527"}],"curies":[{"name":"wp","href":"https:\/\/api.w.org\/{rel}","templated":true}]}}