{"id":557,"date":"2021-03-08T10:51:38","date_gmt":"2021-03-08T08:51:38","guid":{"rendered":"https:\/\/aianduskool.ee\/kurgisobrad2021\/?page_id=557"},"modified":"2021-03-08T10:54:54","modified_gmt":"2021-03-08T08:54:54","slug":"3-nadala-kokkuvote","status":"publish","type":"page","link":"https:\/\/aianduskool.ee\/kurgisobrad2021\/blogid\/3-nadala-kokkuvote\/","title":{"rendered":"3.n\u00e4dala kokkuv\u00f5te"},"content":{"rendered":"<p>Armsad s\u00f5brad!<\/p>\n<p>Aeg on juba kolmas projekti n\u00e4dal kokku v\u00f5tta.<\/p>\n<p>Kolmas projekti n\u00e4dal m\u00f6\u00f6dus p\u00f5nevalt ja kiirelt! Taimi istutati \u00fcmber, neid uuriti ja koguti katse andmeid. Erinevatel r\u00fchmadel v\u00f5ivad taimed olla erinevas kasvu- ja arengufaasis. Taimede kasvu- ja arengu kiirus s\u00f5ltub v\u00e4ga paljudest teguritest. Kindlasti m\u00f5jutab seemnete k\u00fclvamise aeg. J\u00e4rgnevalt m\u00f5jutab taimede kasvu ja arengut kasvuruumi tingimused \u2013 valgus, temperatuur, \u00f5huniiskus jms.<br \/>\n<strong>Kui m\u00e4rkate oma taimede juures leinas\u00e4\u00e4ski, tuleks need kinni p\u00fc\u00fcda.<\/strong> Leinas\u00e4\u00e4sed on \u00e4\u00e4dikak\u00e4rbse taolised, pisikesed lendavad putukad, kes ise taimi ei kahjusta. Taimede juuri kahjustavad leinas\u00e4\u00e4skede vaglad, mis paiknevad mullas ja on v\u00e4ga raskesti m\u00e4rgatavad. Leinas\u00e4\u00e4sed saab kinni p\u00fc\u00fcda kollase liimp\u00fc\u00fcnisega. Neid saab osta aianduskauplustest.<\/p>\n<p><strong>Mis juhtub projekti neljandal n\u00e4dalal?<\/strong><\/p>\n<p>Projekti kodulehele ilmus taas uus n\u00e4dala nipp. Vastata saab viktoriini k\u00fcsimustele.<br \/>\nUurime kurgitaimi ja kogume katseandmeid.<\/p>\n<p>14. m\u00e4rts on emakeelep\u00e4ev!<\/p>\n<p>T\u00f6\u00f6d, mida tuleb teha vajadusep\u00f5hiselt on taimede \u00fcmberistutamine (kui veel ei ole teinud), taimede kastmine, taimede varjutamine p\u00e4ikeselisel p\u00e4eval. Kevadine ere p\u00e4ike kipub taimi \u201cp\u00f5letama\u201d. Selle tulemusena tekivad lehtedele pleekinud laigud, hiljem lehed kuivavad.<br \/>\nV\u00e4etamise juurde asudes, arvesta, et \u00fcmberistutamisest on m\u00f6\u00f6dunud 2-3 n\u00e4dalat. V\u00e4etiselahuste tegemisel kindlasti loe paki peal olev juhend t\u00e4helepanelikult l\u00e4bi.<br \/>\nVajadusel, huvi korral lugege meie projekti kodulehel olevaid artikleid ja vaadake videoid ning uurige blogidest, kuidas kaaslastel kurgitaimede kasvatamine \u00f5nnestunud on.<\/p>\n<p>Igasuguste k\u00fcsimuste ja murede korral p\u00f6\u00f6rduge ikka projekti meeskonna poole (sobrad@aianduskool.ee).<\/p>\n<p>Projekti meeskond soovib k\u00f5igile teadmisterohket emakeelep\u00e4eva ja p\u00e4ikeselist kevadeootust!<\/p>\n","protected":false},"excerpt":{"rendered":"<p>Armsad s\u00f5brad! Aeg on juba kolmas projekti n\u00e4dal kokku v\u00f5tta. Kolmas projekti n\u00e4dal m\u00f6\u00f6dus p\u00f5nevalt ja kiirelt! Taimi istutati \u00fcmber, neid uuriti ja koguti katse andmeid. Erinevatel r\u00fchmadel v\u00f5ivad taimed olla erinevas kasvu- ja arengufaasis. Taimede kasvu- ja arengu kiirus s\u00f5ltub v\u00e4ga paljudest teguritest. Kindlasti m\u00f5jutab seemnete k\u00fclvamise aeg. J\u00e4rgnevalt m\u00f5jutab taimede kasvu ja arengut kasvuruumi tingimused \u2013 valgus, temperatuur, \u00f5huniiskus jms. Kui m\u00e4rkate oma taimede juures leinas\u00e4\u00e4ski, tuleks need kinni p\u00fc\u00fcda. Leinas\u00e4\u00e4sed on \u00e4\u00e4dikak\u00e4rbse taolised, pisikesed lendavad putukad, kes ise taimi ei kahjusta. Taimede juuri kahjustavad leinas\u00e4\u00e4skede vaglad, mis paiknevad mullas ja on v\u00e4ga raskesti m\u00e4rgatavad. Leinas\u00e4\u00e4sed saab kinni..<\/p>\n","protected":false},"author":3,"featured_media":0,"parent":23,"menu_order":0,"comment_status":"closed","ping_status":"closed","template":"","meta":{"footnotes":""},"class_list":["post-557","page","type-page","status-publish","hentry"],"_links":{"self":[{"href":"https:\/\/aianduskool.ee\/kurgisobrad2021\/wp-json\/wp\/v2\/pages\/557","targetHints":{"allow":["GET"]}}],"collection":[{"href":"https:\/\/aianduskool.ee\/kurgisobrad2021\/wp-json\/wp\/v2\/pages"}],"about":[{"href":"https:\/\/aianduskool.ee\/kurgisobrad2021\/wp-json\/wp\/v2\/types\/page"}],"author":[{"embeddable":true,"href":"https:\/\/aianduskool.ee\/kurgisobrad2021\/wp-json\/wp\/v2\/users\/3"}],"replies":[{"embeddable":true,"href":"https:\/\/aianduskool.ee\/kurgisobrad2021\/wp-json\/wp\/v2\/comments?post=557"}],"version-history":[{"count":2,"href":"https:\/\/aianduskool.ee\/kurgisobrad2021\/wp-json\/wp\/v2\/pages\/557\/revisions"}],"predecessor-version":[{"id":560,"href":"https:\/\/aianduskool.ee\/kurgisobrad2021\/wp-json\/wp\/v2\/pages\/557\/revisions\/560"}],"up":[{"embeddable":true,"href":"https:\/\/aianduskool.ee\/kurgisobrad2021\/wp-json\/wp\/v2\/pages\/23"}],"wp:attachment":[{"href":"https:\/\/aianduskool.ee\/kurgisobrad2021\/wp-json\/wp\/v2\/media?parent=557"}],"curies":[{"name":"wp","href":"https:\/\/api.w.org\/{rel}","templated":true}]}}