{"id":578,"date":"2021-03-22T10:10:50","date_gmt":"2021-03-22T08:10:50","guid":{"rendered":"https:\/\/aianduskool.ee\/kurgisobrad2021\/?page_id=578"},"modified":"2021-03-22T10:23:51","modified_gmt":"2021-03-22T08:23:51","slug":"4-ja-5-nadala-kokkuvote","status":"publish","type":"page","link":"https:\/\/aianduskool.ee\/kurgisobrad2021\/blogid\/4-ja-5-nadala-kokkuvote\/","title":{"rendered":"4. ja 5. n\u00e4dala kokkuv\u00f5te"},"content":{"rendered":"<p>Armsad s\u00f5brad!<\/p>\n<p>Kaks n\u00e4dalat on m\u00f6\u00f6dunud linnutiivul ning aeg on need kokku v\u00f5tta.<\/p>\n<p>Neljas ja viies projektin\u00e4dal m\u00f6\u00f6dusid t\u00f6iselt ja kevade ootuses. Meile saabus hulgaliselt r\u00f5\u00f5msaid teateid kurkide hoogsast kasvamisest. Taimi m\u00f5\u00f5deti, istutati \u00fcmber, kasteti ja v\u00e4etati.<\/p>\n<p>M\u00f5nedel gruppidel oli probleeme kahjuritega, kes tahtsid kurgitaimedest oma osa saada- tegeldi kahjurite kindlaks tegemise ja t\u00f5rjumisega (selle tarbeks sai kodulehele lisatud vastavad infomaterjalid).<\/p>\n<p>Algas kevad ja \u00f5uest otsiti kevade m\u00e4rke.<\/p>\n<p>&nbsp;<\/p>\n<p><strong>Mis juhtub projekti kuuendal n\u00e4dalal?\u00a0<\/strong><\/p>\n<p>Kuigi kevade algus oli pisut lumine ja k\u00fclm, siis v\u00f5ib kinnitada, et esimesed r\u00e4ndlinnud (kuldnokk, l\u00f5oke) on juba tagasi j\u00f5udnud- see t\u00e4hendab, et kevad on siiski talvest v\u00f5itu saanud ja oodata on soojemaid ilmasid- taimede kasvuks ja arenguks vajalikku valgust on iga p\u00e4evaga \u00fcha enam \ud83d\ude42 \u00dcha enam tuleb hakata <strong>t\u00e4helepanu p\u00f6\u00f6rama p\u00e4ikesele<\/strong>. Kindlasti j\u00e4lgi, et taimed p\u00e4ikesep\u00f5letust ei saa. Selleks t\u00f5sta taimed p\u00e4ikeselisel p\u00e4eval aknalaualt eemale.<\/p>\n<p>Soojemate ilmade t\u00f5ttu p\u00f6\u00f6ra enam t\u00e4helepanu ka <strong>kastmisele.<\/strong> Soojas ruumis, sooja ilmaga kuivab muld potis kiiremini, mist\u00f5ttu on tarvis ka rohkem kasta. Kastmisel l\u00e4htu reeglist: v\u00e4hem on rohkem. See t\u00e4hendab, et kasta \u00fche korraga rohkem, mitte iga p\u00e4ev ja natuke. J\u00e4lgi, et muld t\u00e4ielikult m\u00e4rguks. Alustaldrikule valgunud \u00fcleliigne vesi kalla \u00e4ra. See soodustab liigniiskuse tekkimist, samuti leinas\u00e4\u00e4sklaste levikut.<\/p>\n<p><strong>Aeg on alustada v\u00e4etamisega<\/strong>. Kindlasti vaata j\u00e4rele, millal taimed \u00fcmber istutasid. Esimene v\u00e4etamine tasuks ette v\u00f5tta kui \u00fcmberistutamisest on m\u00f6\u00f6dunud 2-3 n\u00e4dalat. V\u00e4etislahuse tegemisel loe kindlasti v\u00e4etisepakendil olevat juhist.<\/p>\n<p>Vajadusel v\u00f5id taimedele toestused panna. Toestamiseks v\u00f5ib kasutada puu oksi v\u00f5i kaupluses m\u00fc\u00fcdavaid toestuskeppe. Toestus tuleb kindlasti mulda suruda taime varrest eemal, et v\u00e4hendada juurte vigastamist.<\/p>\n<p>Endiselt on k\u00e4imas projektip\u00e4eviku konkurss. Kui sa ei ole oma projektip\u00e4eviku linki veel saatnud, siis saada see aadressile: <a href=\"mailto:sobrad@aianduskool.ee\">sobrad@aianduskool.ee<\/a><\/p>\n<p>Ja \u00e4ra unusta n\u00e4dala k\u00fcsimusele vastamast!<\/p>\n<p>&nbsp;<\/p>\n<p><strong>Projekti meeskond soovib kurgis\u00f5pradele r\u00f5\u00f5mu igasse p\u00e4eva ning palju vahvaid tegevusi,<br \/>\n<\/strong><strong>mida s\u00f5prade ja vanematega jagada.\u00a0<\/strong><\/p>\n","protected":false},"excerpt":{"rendered":"<p>Armsad s\u00f5brad! Kaks n\u00e4dalat on m\u00f6\u00f6dunud linnutiivul ning aeg on need kokku v\u00f5tta. Neljas ja viies projektin\u00e4dal m\u00f6\u00f6dusid t\u00f6iselt ja kevade ootuses. Meile saabus hulgaliselt r\u00f5\u00f5msaid teateid kurkide hoogsast kasvamisest. Taimi m\u00f5\u00f5deti, istutati \u00fcmber, kasteti ja v\u00e4etati. M\u00f5nedel gruppidel oli probleeme kahjuritega, kes tahtsid kurgitaimedest oma osa saada- tegeldi kahjurite kindlaks tegemise ja t\u00f5rjumisega (selle tarbeks sai kodulehele lisatud vastavad infomaterjalid). Algas kevad ja \u00f5uest otsiti kevade m\u00e4rke. &nbsp; Mis juhtub projekti kuuendal n\u00e4dalal?\u00a0 Kuigi kevade algus oli pisut lumine ja k\u00fclm, siis v\u00f5ib kinnitada, et esimesed r\u00e4ndlinnud (kuldnokk, l\u00f5oke) on juba tagasi j\u00f5udnud- see t\u00e4hendab, et kevad on siiski..<\/p>\n","protected":false},"author":3,"featured_media":0,"parent":23,"menu_order":0,"comment_status":"closed","ping_status":"closed","template":"","meta":{"footnotes":""},"class_list":["post-578","page","type-page","status-publish","hentry"],"_links":{"self":[{"href":"https:\/\/aianduskool.ee\/kurgisobrad2021\/wp-json\/wp\/v2\/pages\/578","targetHints":{"allow":["GET"]}}],"collection":[{"href":"https:\/\/aianduskool.ee\/kurgisobrad2021\/wp-json\/wp\/v2\/pages"}],"about":[{"href":"https:\/\/aianduskool.ee\/kurgisobrad2021\/wp-json\/wp\/v2\/types\/page"}],"author":[{"embeddable":true,"href":"https:\/\/aianduskool.ee\/kurgisobrad2021\/wp-json\/wp\/v2\/users\/3"}],"replies":[{"embeddable":true,"href":"https:\/\/aianduskool.ee\/kurgisobrad2021\/wp-json\/wp\/v2\/comments?post=578"}],"version-history":[{"count":3,"href":"https:\/\/aianduskool.ee\/kurgisobrad2021\/wp-json\/wp\/v2\/pages\/578\/revisions"}],"predecessor-version":[{"id":582,"href":"https:\/\/aianduskool.ee\/kurgisobrad2021\/wp-json\/wp\/v2\/pages\/578\/revisions\/582"}],"up":[{"embeddable":true,"href":"https:\/\/aianduskool.ee\/kurgisobrad2021\/wp-json\/wp\/v2\/pages\/23"}],"wp:attachment":[{"href":"https:\/\/aianduskool.ee\/kurgisobrad2021\/wp-json\/wp\/v2\/media?parent=578"}],"curies":[{"name":"wp","href":"https:\/\/api.w.org\/{rel}","templated":true}]}}