{"id":587,"date":"2021-03-29T11:27:43","date_gmt":"2021-03-29T08:27:43","guid":{"rendered":"https:\/\/aianduskool.ee\/kurgisobrad2021\/?page_id=587"},"modified":"2021-03-29T11:37:32","modified_gmt":"2021-03-29T08:37:32","slug":"6-nadala-kokkuvote","status":"publish","type":"page","link":"https:\/\/aianduskool.ee\/kurgisobrad2021\/blogid\/6-nadala-kokkuvote\/","title":{"rendered":"6.n\u00e4dala kokkuv\u00f5te"},"content":{"rendered":"<p>Head s\u00f5brad!<\/p>\n<p>Kuues projektin\u00e4dal t\u00f5i meile taaskord hulgaliselt teateid usinalt kasvavatest kurgitaimedest.<br \/>\nOli ka neid, kes taimede \u00fcmberistutamisega tegelesid, uuriti kurgitaimi ja t\u00e4ideti projektip\u00e4evikut. Samuti tegeldi kurgitaimede toestamisega- kasutati nii poest ostetud taimetugesid kui ka looduses leiduvaid materjale.<\/p>\n<p>Mis juhtub projekti seitsmendal n\u00e4dalal?<\/p>\n<p>Seitsmendal n\u00e4dalal j\u00e4tkame kurgitaimede kasvatamise ja j\u00e4lgimisega. Kindlasti on n\u00fc\u00fcd paljudele kurgis\u00f5pradele <strong>k\u00e4tte j\u00f5udnud aeg, mil peab hakkama taimi v\u00e4etama.<\/strong> V\u00e4etislahuste tegemisel tutvuge kindlasti hoolikalt v\u00e4etisepakendil olevate juhistega, et lahus saaks just selline, mis aitaks taimel edasi kasvada (toitaineid ei tohiks lahuses olla liiga v\u00e4he v\u00f5i vastupidi liiga palju).<\/p>\n<p>Kurgiprojekti 7.n\u00e4dalal algab ka loomekonkurss, mis kestab 18.aprillini. Loomekonkursi tingimusi ja kategooriaid vaata rubriigist <a href=\"https:\/\/aianduskool.ee\/kurgisobrad2021\/konkursid\/\">&#8220;Konkursid&#8221;<\/a>.<\/p>\n","protected":false},"excerpt":{"rendered":"<p>Head s\u00f5brad! Kuues projektin\u00e4dal t\u00f5i meile taaskord hulgaliselt teateid usinalt kasvavatest kurgitaimedest. Oli ka neid, kes taimede \u00fcmberistutamisega tegelesid, uuriti kurgitaimi ja t\u00e4ideti projektip\u00e4evikut. Samuti tegeldi kurgitaimede toestamisega- kasutati nii poest ostetud taimetugesid kui ka looduses leiduvaid materjale. Mis juhtub projekti seitsmendal n\u00e4dalal? Seitsmendal n\u00e4dalal j\u00e4tkame kurgitaimede kasvatamise ja j\u00e4lgimisega. Kindlasti on n\u00fc\u00fcd paljudele kurgis\u00f5pradele k\u00e4tte j\u00f5udnud aeg, mil peab hakkama taimi v\u00e4etama. V\u00e4etislahuste tegemisel tutvuge kindlasti hoolikalt v\u00e4etisepakendil olevate juhistega, et lahus saaks just selline, mis aitaks taimel edasi kasvada (toitaineid ei tohiks lahuses olla liiga v\u00e4he v\u00f5i vastupidi liiga palju). Kurgiprojekti 7.n\u00e4dalal algab ka loomekonkurss, mis kestab 18.aprillini&#8230;<\/p>\n","protected":false},"author":3,"featured_media":0,"parent":23,"menu_order":0,"comment_status":"closed","ping_status":"closed","template":"","meta":{"footnotes":""},"class_list":["post-587","page","type-page","status-publish","hentry"],"_links":{"self":[{"href":"https:\/\/aianduskool.ee\/kurgisobrad2021\/wp-json\/wp\/v2\/pages\/587","targetHints":{"allow":["GET"]}}],"collection":[{"href":"https:\/\/aianduskool.ee\/kurgisobrad2021\/wp-json\/wp\/v2\/pages"}],"about":[{"href":"https:\/\/aianduskool.ee\/kurgisobrad2021\/wp-json\/wp\/v2\/types\/page"}],"author":[{"embeddable":true,"href":"https:\/\/aianduskool.ee\/kurgisobrad2021\/wp-json\/wp\/v2\/users\/3"}],"replies":[{"embeddable":true,"href":"https:\/\/aianduskool.ee\/kurgisobrad2021\/wp-json\/wp\/v2\/comments?post=587"}],"version-history":[{"count":3,"href":"https:\/\/aianduskool.ee\/kurgisobrad2021\/wp-json\/wp\/v2\/pages\/587\/revisions"}],"predecessor-version":[{"id":591,"href":"https:\/\/aianduskool.ee\/kurgisobrad2021\/wp-json\/wp\/v2\/pages\/587\/revisions\/591"}],"up":[{"embeddable":true,"href":"https:\/\/aianduskool.ee\/kurgisobrad2021\/wp-json\/wp\/v2\/pages\/23"}],"wp:attachment":[{"href":"https:\/\/aianduskool.ee\/kurgisobrad2021\/wp-json\/wp\/v2\/media?parent=587"}],"curies":[{"name":"wp","href":"https:\/\/api.w.org\/{rel}","templated":true}]}}