{"id":612,"date":"2021-04-12T11:01:37","date_gmt":"2021-04-12T08:01:37","guid":{"rendered":"https:\/\/aianduskool.ee\/kurgisobrad2021\/?page_id=612"},"modified":"2021-04-12T11:06:59","modified_gmt":"2021-04-12T08:06:59","slug":"8-nadala-kokkuvote","status":"publish","type":"page","link":"https:\/\/aianduskool.ee\/kurgisobrad2021\/blogid\/8-nadala-kokkuvote\/","title":{"rendered":"8.n\u00e4dala kokkuv\u00f5te"},"content":{"rendered":"<p>Head s\u00f5brad!<\/p>\n<p>Taas on aeg on \u00fcks n\u00e4dal kokku v\u00f5tta.<br \/>\n8. projektin\u00e4dalal tegelesime taas tavap\u00e4raste tegevustega \u2013 hooldasime ja uurisime taimi. Saime teateid esimestest moodustunud viljadest.<br \/>\nKuna kurgitaimede kasv on hoos \u2013 kasvavad ju varred, lehed, \u00f5ied ja viljad \u2013 vajavad taimed ka enam toitaineid. Sellep\u00e4rast on n\u00fc\u00fcd tarvis rohkem v\u00e4etamisega tegeleda. Pange aga t\u00e4hele, et <strong>kuivas mullas kasvavat taime v\u00e4etada ei tohi<\/strong>. See p\u00f5hjustab rohkem kahju kui kasu. Kuivas mullas kasvava taime juurtele tekib v\u00e4etamise j\u00e4rel v\u00e4etise p\u00f5letus. Samuti ei omasta taim kuivast mullast toitaineid. Seega, enne v\u00e4etamist tuleb muld veega m\u00e4rjaks kasta. Alles siis v\u00f5ib v\u00e4etislahusega v\u00e4etama hakata.<\/p>\n<p>Eelmisel n\u00e4dalal saadeti meile ka toredaid konkursit\u00f6id \u2013 joonistusi ja meeme.<\/p>\n<p>Mis juhtub j\u00e4rgmisel n\u00e4dalal?<\/p>\n<p>\u00dcheksandal n\u00e4dalal j\u00e4tkame kurgitaimede kasvatamise ja j\u00e4lgimisega.<br \/>\nJ\u00e4tkuvad konkursid:<br \/>\n* projektip\u00e4eviku konkurss (kestab projekti l\u00f5puni)<br \/>\n* joonistamise ja meemi konkurss\u00a0 (kestab 18. aprillini)<\/p>\n<p>Kindlasti uurige, mida \u00fctleb n\u00e4dala nipp ning vastake viktoriini k\u00fcsimusele. Valmistuge kevadvaheajaks.<\/p>\n<p>Taimeprojekti \u201cKurgis\u00f5brad\u201d meeskond soovib p\u00f5nevat n\u00e4dalat!<\/p>\n","protected":false},"excerpt":{"rendered":"<p>Head s\u00f5brad! Taas on aeg on \u00fcks n\u00e4dal kokku v\u00f5tta. 8. projektin\u00e4dalal tegelesime taas tavap\u00e4raste tegevustega \u2013 hooldasime ja uurisime taimi. Saime teateid esimestest moodustunud viljadest. Kuna kurgitaimede kasv on hoos \u2013 kasvavad ju varred, lehed, \u00f5ied ja viljad \u2013 vajavad taimed ka enam toitaineid. Sellep\u00e4rast on n\u00fc\u00fcd tarvis rohkem v\u00e4etamisega tegeleda. Pange aga t\u00e4hele, et kuivas mullas kasvavat taime v\u00e4etada ei tohi. See p\u00f5hjustab rohkem kahju kui kasu. Kuivas mullas kasvava taime juurtele tekib v\u00e4etamise j\u00e4rel v\u00e4etise p\u00f5letus. Samuti ei omasta taim kuivast mullast toitaineid. Seega, enne v\u00e4etamist tuleb muld veega m\u00e4rjaks kasta. Alles siis v\u00f5ib v\u00e4etislahusega v\u00e4etama hakata&#8230;<\/p>\n","protected":false},"author":3,"featured_media":0,"parent":23,"menu_order":0,"comment_status":"closed","ping_status":"closed","template":"","meta":{"footnotes":""},"class_list":["post-612","page","type-page","status-publish","hentry"],"_links":{"self":[{"href":"https:\/\/aianduskool.ee\/kurgisobrad2021\/wp-json\/wp\/v2\/pages\/612","targetHints":{"allow":["GET"]}}],"collection":[{"href":"https:\/\/aianduskool.ee\/kurgisobrad2021\/wp-json\/wp\/v2\/pages"}],"about":[{"href":"https:\/\/aianduskool.ee\/kurgisobrad2021\/wp-json\/wp\/v2\/types\/page"}],"author":[{"embeddable":true,"href":"https:\/\/aianduskool.ee\/kurgisobrad2021\/wp-json\/wp\/v2\/users\/3"}],"replies":[{"embeddable":true,"href":"https:\/\/aianduskool.ee\/kurgisobrad2021\/wp-json\/wp\/v2\/comments?post=612"}],"version-history":[{"count":3,"href":"https:\/\/aianduskool.ee\/kurgisobrad2021\/wp-json\/wp\/v2\/pages\/612\/revisions"}],"predecessor-version":[{"id":616,"href":"https:\/\/aianduskool.ee\/kurgisobrad2021\/wp-json\/wp\/v2\/pages\/612\/revisions\/616"}],"up":[{"embeddable":true,"href":"https:\/\/aianduskool.ee\/kurgisobrad2021\/wp-json\/wp\/v2\/pages\/23"}],"wp:attachment":[{"href":"https:\/\/aianduskool.ee\/kurgisobrad2021\/wp-json\/wp\/v2\/media?parent=612"}],"curies":[{"name":"wp","href":"https:\/\/api.w.org\/{rel}","templated":true}]}}