{"id":619,"date":"2021-04-19T10:35:12","date_gmt":"2021-04-19T07:35:12","guid":{"rendered":"https:\/\/aianduskool.ee\/kurgisobrad2021\/?page_id=619"},"modified":"2021-04-19T10:41:30","modified_gmt":"2021-04-19T07:41:30","slug":"9-nadala-kokkuvote","status":"publish","type":"page","link":"https:\/\/aianduskool.ee\/kurgisobrad2021\/blogid\/9-nadala-kokkuvote\/","title":{"rendered":"9.n\u00e4dala kokkuv\u00f5te"},"content":{"rendered":"<p>Armsad s\u00f5brad!<\/p>\n<p>9. projektin\u00e4dalal tegelesime j\u00e4lle tavap\u00e4raste tegevustega \u2013 hooldasime ja uurisime taimi. Taas saabus mitmeid teateid viljadest. L\u00f5ppes projekti loomekonkurss -saadeti viimaseid joonistusi ja meeme. Konkursi tulemused tehakse teatavaks projekti viimasel p\u00e4eval, 16.mail 2021.<\/p>\n<p>Kuna kurgitaimede kasv on j\u00e4tkuvalt hoos \u2013 kasvavad ju varred, lehed, \u00f5ied ja viljad \u2013 vajavad nad enam enam toitaineid ja vett. J\u00e4lgige, et taimed toitainetepuudusesse ei j\u00e4\u00e4ks. Esimesed m\u00e4rgid toitainetepuudusest on pikad ja peenikesed varred ning helerohelised lehed.<\/p>\n<p><strong>Mis juhtub j\u00e4rgmisel n\u00e4dalal?\u00a0<\/strong><\/p>\n<p>Kuna algas koolivaheaeg, siis tegeleme tavap\u00e4raste tegevustega. Projekti k\u00fcmnendal n\u00e4dalal j\u00e4tkame kurgitaimede kasvatamise ja j\u00e4lgimisega.<br \/>\nJ\u00e4tkub projektip\u00e4eviku konkurss- kes veel ei ole oma projektip\u00e4eviku linki jaganud olete oodatud seda jagama \ud83d\ude42<\/p>\n<p>Seda, kas link on meieni j\u00f5udnud saate kontrollida\u00a0 meie projekti kodulehelt: BLOGID -&gt; OSALEJATE PROJEKTIP\u00c4EVIKUD- kui teie r\u00fchma nimele klikates avaneb teie projektip\u00e4evik, siis on see meil kenasti olemas. Kui see nii ei ole, siis ei ole link meieni j\u00f5unud \ud83d\ude41<\/p>\n<p>Uut viktoriini k\u00fcsimust sel n\u00e4dala ei ole. Vastata saab eelnevatele, kellel on see tegemata.<br \/>\nProjekti ja katse l\u00f5puni on j\u00e4\u00e4nud k\u00f5igest 4 n\u00e4dalat.<\/p>\n<p>&nbsp;<\/p>\n<p><strong>Taimeprojekti \u201cKurgis\u00f5brad\u201d meeskond soovib m\u00f5nusat vaheaega! Nautige kevadet ja puhake looduses!<\/strong><\/p>\n","protected":false},"excerpt":{"rendered":"<p>Armsad s\u00f5brad! 9. projektin\u00e4dalal tegelesime j\u00e4lle tavap\u00e4raste tegevustega \u2013 hooldasime ja uurisime taimi. Taas saabus mitmeid teateid viljadest. L\u00f5ppes projekti loomekonkurss -saadeti viimaseid joonistusi ja meeme. Konkursi tulemused tehakse teatavaks projekti viimasel p\u00e4eval, 16.mail 2021. Kuna kurgitaimede kasv on j\u00e4tkuvalt hoos \u2013 kasvavad ju varred, lehed, \u00f5ied ja viljad \u2013 vajavad nad enam enam toitaineid ja vett. J\u00e4lgige, et taimed toitainetepuudusesse ei j\u00e4\u00e4ks. Esimesed m\u00e4rgid toitainetepuudusest on pikad ja peenikesed varred ning helerohelised lehed. Mis juhtub j\u00e4rgmisel n\u00e4dalal?\u00a0 Kuna algas koolivaheaeg, siis tegeleme tavap\u00e4raste tegevustega. Projekti k\u00fcmnendal n\u00e4dalal j\u00e4tkame kurgitaimede kasvatamise ja j\u00e4lgimisega. J\u00e4tkub projektip\u00e4eviku konkurss- kes veel ei ole..<\/p>\n","protected":false},"author":3,"featured_media":0,"parent":23,"menu_order":0,"comment_status":"closed","ping_status":"closed","template":"","meta":{"footnotes":""},"class_list":["post-619","page","type-page","status-publish","hentry"],"_links":{"self":[{"href":"https:\/\/aianduskool.ee\/kurgisobrad2021\/wp-json\/wp\/v2\/pages\/619","targetHints":{"allow":["GET"]}}],"collection":[{"href":"https:\/\/aianduskool.ee\/kurgisobrad2021\/wp-json\/wp\/v2\/pages"}],"about":[{"href":"https:\/\/aianduskool.ee\/kurgisobrad2021\/wp-json\/wp\/v2\/types\/page"}],"author":[{"embeddable":true,"href":"https:\/\/aianduskool.ee\/kurgisobrad2021\/wp-json\/wp\/v2\/users\/3"}],"replies":[{"embeddable":true,"href":"https:\/\/aianduskool.ee\/kurgisobrad2021\/wp-json\/wp\/v2\/comments?post=619"}],"version-history":[{"count":3,"href":"https:\/\/aianduskool.ee\/kurgisobrad2021\/wp-json\/wp\/v2\/pages\/619\/revisions"}],"predecessor-version":[{"id":624,"href":"https:\/\/aianduskool.ee\/kurgisobrad2021\/wp-json\/wp\/v2\/pages\/619\/revisions\/624"}],"up":[{"embeddable":true,"href":"https:\/\/aianduskool.ee\/kurgisobrad2021\/wp-json\/wp\/v2\/pages\/23"}],"wp:attachment":[{"href":"https:\/\/aianduskool.ee\/kurgisobrad2021\/wp-json\/wp\/v2\/media?parent=619"}],"curies":[{"name":"wp","href":"https:\/\/api.w.org\/{rel}","templated":true}]}}