{"id":630,"date":"2021-04-26T12:39:59","date_gmt":"2021-04-26T09:39:59","guid":{"rendered":"https:\/\/aianduskool.ee\/kurgisobrad2021\/?page_id=630"},"modified":"2021-04-26T12:39:59","modified_gmt":"2021-04-26T09:39:59","slug":"10-nadala-kokkuvote","status":"publish","type":"page","link":"https:\/\/aianduskool.ee\/kurgisobrad2021\/blogid\/10-nadala-kokkuvote\/","title":{"rendered":"10.n\u00e4dala kokkuv\u00f5te"},"content":{"rendered":"<p>Head s\u00f5brad!<\/p>\n<p>10. projektin\u00e4dalal oli koolivaheaeg, mist\u00f5ttu said koolilapsed aja maha v\u00f5tta ning puhata ja kevadet nautida. Vaheajast hoolimata vajasid taimed siiski hooldamist. Samuti saabus meile palju teateid maitsvatest viljadest. Taimede kasvu ja arengu suured erinevused on p\u00f5hjustatud erinevatest kasvukohtatingimustest ja hooldusv\u00f5tetest. Iga ruum on erinev! Kurgitaime kasvu m\u00f5jutab nii valgus, temperatuur, niiskus kui ka substraadi omadused.<\/p>\n<p>Uut viktoriini k\u00fcsimust me vaheaja t\u00f5ttu ei esitanud. K\u00fcll aga sai vastata eelnevatele, kui see veel tegemata oli \ud83d\ude42<\/p>\n<p><strong>Mis juhtub j\u00e4rgmisel n\u00e4dalal?\u00a0<\/strong><\/p>\n<p>Tegeleme tavap\u00e4raste tegevustega \u2013 kastame ja v\u00e4etame taimi, kogume katseandmeid ja \u00fcha enam uurime ning maitseme valmivaid vilju. Kui taimed \u00f5itsevad aga vilju eriti ei teki, siis tasuks \u00f5isi tolmeldada. Looduses teevad seda kimalased. Toas meil aga kimalasi ei ole. Nii tulebki pintslikese abil \u00f5isi tolmeldada. Aitab ka taimede kerge raputamine.<br \/>\nJ\u00e4tkub projektip\u00e4eviku konkurss (kestab 16. maini).<\/p>\n<p>Sel n\u00e4dalal saab taas vastata uuele viktoriinik\u00fcsimusele.<\/p>\n<p>Projekti ja katse l\u00f5puni on j\u00e4\u00e4nud ainult 3 n\u00e4dalat.<\/p>\n<p>&nbsp;<\/p>\n<p><strong>Taimeprojekti \u201cKurgis\u00f5brad\u201d meeskond soovib p\u00e4ikeselist n\u00e4dalat ja toredat kevadp\u00fcha!<\/strong><\/p>\n","protected":false},"excerpt":{"rendered":"<p>Head s\u00f5brad! 10. projektin\u00e4dalal oli koolivaheaeg, mist\u00f5ttu said koolilapsed aja maha v\u00f5tta ning puhata ja kevadet nautida. Vaheajast hoolimata vajasid taimed siiski hooldamist. Samuti saabus meile palju teateid maitsvatest viljadest. Taimede kasvu ja arengu suured erinevused on p\u00f5hjustatud erinevatest kasvukohtatingimustest ja hooldusv\u00f5tetest. Iga ruum on erinev! Kurgitaime kasvu m\u00f5jutab nii valgus, temperatuur, niiskus kui ka substraadi omadused. Uut viktoriini k\u00fcsimust me vaheaja t\u00f5ttu ei esitanud. K\u00fcll aga sai vastata eelnevatele, kui see veel tegemata oli \ud83d\ude42 Mis juhtub j\u00e4rgmisel n\u00e4dalal?\u00a0 Tegeleme tavap\u00e4raste tegevustega \u2013 kastame ja v\u00e4etame taimi, kogume katseandmeid ja \u00fcha enam uurime ning maitseme valmivaid vilju. Kui taimed..<\/p>\n","protected":false},"author":3,"featured_media":0,"parent":23,"menu_order":0,"comment_status":"closed","ping_status":"closed","template":"","meta":{"footnotes":""},"class_list":["post-630","page","type-page","status-publish","hentry"],"_links":{"self":[{"href":"https:\/\/aianduskool.ee\/kurgisobrad2021\/wp-json\/wp\/v2\/pages\/630","targetHints":{"allow":["GET"]}}],"collection":[{"href":"https:\/\/aianduskool.ee\/kurgisobrad2021\/wp-json\/wp\/v2\/pages"}],"about":[{"href":"https:\/\/aianduskool.ee\/kurgisobrad2021\/wp-json\/wp\/v2\/types\/page"}],"author":[{"embeddable":true,"href":"https:\/\/aianduskool.ee\/kurgisobrad2021\/wp-json\/wp\/v2\/users\/3"}],"replies":[{"embeddable":true,"href":"https:\/\/aianduskool.ee\/kurgisobrad2021\/wp-json\/wp\/v2\/comments?post=630"}],"version-history":[{"count":1,"href":"https:\/\/aianduskool.ee\/kurgisobrad2021\/wp-json\/wp\/v2\/pages\/630\/revisions"}],"predecessor-version":[{"id":631,"href":"https:\/\/aianduskool.ee\/kurgisobrad2021\/wp-json\/wp\/v2\/pages\/630\/revisions\/631"}],"up":[{"embeddable":true,"href":"https:\/\/aianduskool.ee\/kurgisobrad2021\/wp-json\/wp\/v2\/pages\/23"}],"wp:attachment":[{"href":"https:\/\/aianduskool.ee\/kurgisobrad2021\/wp-json\/wp\/v2\/media?parent=630"}],"curies":[{"name":"wp","href":"https:\/\/api.w.org\/{rel}","templated":true}]}}