{"id":637,"date":"2021-05-10T19:02:18","date_gmt":"2021-05-10T16:02:18","guid":{"rendered":"https:\/\/aianduskool.ee\/kurgisobrad2021\/?page_id=637"},"modified":"2021-05-10T19:05:19","modified_gmt":"2021-05-10T16:05:19","slug":"11-ja-12-nadala-kokkuvote","status":"publish","type":"page","link":"https:\/\/aianduskool.ee\/kurgisobrad2021\/blogid\/11-ja-12-nadala-kokkuvote\/","title":{"rendered":"11. ja 12. n\u00e4dala kokkuv\u00f5te"},"content":{"rendered":"<p>Head s\u00f5brad!<\/p>\n<p>11. ja 12. projektin\u00e4dalal tegelesime j\u00e4lle tavap\u00e4raste tegevustega \u2013 hooldasime ja uurisime taimi, maitsesime kurgisaaki. Kes korjas juba mitmendat saaki ja kes esimest \ud83d\ude42<\/p>\n<p>Saime ka teate, et meie Terevisioonis k\u00fclvatud kurgitaim andis esimese vilja 23.aprillil.<\/p>\n<p>Kuna kurgitaimede kasv on j\u00e4tkuvalt hoos, vajavad nad enam enam toitaineid ja vett. J\u00e4lgige, et taimed toitainetepuudusesse ei j\u00e4\u00e4ks. Esimesed m\u00e4rgid toitainetepuudusest on pikad ja peenikesed varred ning helerohelised lehed.<\/p>\n<p><strong>Algas projekti viimane n\u00e4dal!<\/strong><\/p>\n<p>J\u00e4tkame tavap\u00e4raste tegevustega \u2013 kastame ja v\u00e4etame taimi, kogume katse andmeid.<\/p>\n<p>Valmistume kokkuv\u00f5tete tegemiseks.<br \/>\n\u017d\u00fcrii on alustanud konkursit\u00f6\u00f6de hindamist. Kuna t\u00f6id esitati palju, siis hindamine v\u00f5tab oma jagu aega.<br \/>\nSellel n\u00e4dalal l\u00f5peb ka meie projektip\u00e4eviku konkurss (kestab 16.maini).<\/p>\n<p>Kui teil on veel oma projektip\u00e4eviku link meile edastamata, siis on viimane aeg seda teha \ud83d\ude42<\/p>\n<p>Sel n\u00e4dalal saab vastata viimasele viktoriinik\u00fcsimusele ja tegutseda viimase n\u00e4dala nipi n\u00e4pun\u00e4idete j\u00e4rele.<\/p>\n<p><strong>Taimeprojekti \u201cKurgis\u00f5brad\u201d meeskond soovib p\u00e4ikeselist n\u00e4dalat!<\/strong><\/p>\n<p>&nbsp;<\/p>\n<p>&nbsp;<\/p>\n<p>&nbsp;<\/p>\n<p>&nbsp;<\/p>\n","protected":false},"excerpt":{"rendered":"<p>Head s\u00f5brad! 11. ja 12. projektin\u00e4dalal tegelesime j\u00e4lle tavap\u00e4raste tegevustega \u2013 hooldasime ja uurisime taimi, maitsesime kurgisaaki. Kes korjas juba mitmendat saaki ja kes esimest \ud83d\ude42 Saime ka teate, et meie Terevisioonis k\u00fclvatud kurgitaim andis esimese vilja 23.aprillil. Kuna kurgitaimede kasv on j\u00e4tkuvalt hoos, vajavad nad enam enam toitaineid ja vett. J\u00e4lgige, et taimed toitainetepuudusesse ei j\u00e4\u00e4ks. Esimesed m\u00e4rgid toitainetepuudusest on pikad ja peenikesed varred ning helerohelised lehed. Algas projekti viimane n\u00e4dal! J\u00e4tkame tavap\u00e4raste tegevustega \u2013 kastame ja v\u00e4etame taimi, kogume katse andmeid. Valmistume kokkuv\u00f5tete tegemiseks. \u017d\u00fcrii on alustanud konkursit\u00f6\u00f6de hindamist. Kuna t\u00f6id esitati palju, siis hindamine v\u00f5tab oma jagu..<\/p>\n","protected":false},"author":3,"featured_media":0,"parent":23,"menu_order":0,"comment_status":"closed","ping_status":"closed","template":"","meta":{"footnotes":""},"class_list":["post-637","page","type-page","status-publish","hentry"],"_links":{"self":[{"href":"https:\/\/aianduskool.ee\/kurgisobrad2021\/wp-json\/wp\/v2\/pages\/637","targetHints":{"allow":["GET"]}}],"collection":[{"href":"https:\/\/aianduskool.ee\/kurgisobrad2021\/wp-json\/wp\/v2\/pages"}],"about":[{"href":"https:\/\/aianduskool.ee\/kurgisobrad2021\/wp-json\/wp\/v2\/types\/page"}],"author":[{"embeddable":true,"href":"https:\/\/aianduskool.ee\/kurgisobrad2021\/wp-json\/wp\/v2\/users\/3"}],"replies":[{"embeddable":true,"href":"https:\/\/aianduskool.ee\/kurgisobrad2021\/wp-json\/wp\/v2\/comments?post=637"}],"version-history":[{"count":2,"href":"https:\/\/aianduskool.ee\/kurgisobrad2021\/wp-json\/wp\/v2\/pages\/637\/revisions"}],"predecessor-version":[{"id":640,"href":"https:\/\/aianduskool.ee\/kurgisobrad2021\/wp-json\/wp\/v2\/pages\/637\/revisions\/640"}],"up":[{"embeddable":true,"href":"https:\/\/aianduskool.ee\/kurgisobrad2021\/wp-json\/wp\/v2\/pages\/23"}],"wp:attachment":[{"href":"https:\/\/aianduskool.ee\/kurgisobrad2021\/wp-json\/wp\/v2\/media?parent=637"}],"curies":[{"name":"wp","href":"https:\/\/api.w.org\/{rel}","templated":true}]}}