{"id":658,"date":"2021-05-17T11:14:21","date_gmt":"2021-05-17T08:14:21","guid":{"rendered":"https:\/\/aianduskool.ee\/kurgisobrad2021\/?page_id=658"},"modified":"2021-05-17T11:22:45","modified_gmt":"2021-05-17T08:22:45","slug":"loomingukonkursi-tulemused","status":"publish","type":"page","link":"https:\/\/aianduskool.ee\/kurgisobrad2021\/konkursid\/loomingu-konkurs-joonistus\/loomingukonkursi-tulemused\/","title":{"rendered":"Loomingukonkursi tulemused"},"content":{"rendered":"<p>Loomingukonkursile ootasime\u00a0 joonistusi ja koomikseid kurkidest ja nendega seonduvast.<\/p>\n<p>Auv\u00e4\u00e4rt \u017e\u00fcrii on oma t\u00f6\u00f6 kokku v\u00f5tnud j\u00e4rgmised:<\/p>\n<div class=\"kvgmc6g5 cxmmr5t8 oygrvhab hcukyx3x c1et5uql ii04i59q\">\n<div dir=\"auto\"><strong>Joonistused lasteaed:<\/strong><\/div>\n<div dir=\"auto\">1.koht: Karl Tristan Kalmus, P\u00f5lgaste Lasteaed, Aiar\u00fchm<\/div>\n<div dir=\"auto\">2.koht: Katrin Sofia Mihhejeva, Tallinna Lepatriinu LA, Pilvetriinud<\/div>\n<div dir=\"auto\">3.koht: Kristelle Kivistik, Pangapealse LA, Lainekratid<\/div>\n<\/div>\n<div dir=\"auto\"><\/div>\n<div dir=\"auto\"><\/div>\n<div class=\"o9v6fnle cxmmr5t8 oygrvhab hcukyx3x c1et5uql ii04i59q\">\n<div dir=\"auto\"><strong>Joonistused kool:<\/strong><\/div>\n<div dir=\"auto\">1.koht: Hanna Hiielo, VKRK<\/div>\n<div dir=\"auto\">2.koht: Lenna Vesiallik, Kohila G\u00fcmnaasium, Hageri 4h<\/div>\n<div dir=\"auto\">3.koht: Nelly-Ly Bri\u0161ujev, V\u00f5ru Kreutzwaldi Kool<\/div>\n<\/div>\n<div dir=\"auto\"><\/div>\n<div dir=\"auto\"><\/div>\n<div class=\"o9v6fnle cxmmr5t8 oygrvhab hcukyx3x c1et5uql ii04i59q\">\n<div dir=\"auto\"><strong>Meemid:<\/strong><\/div>\n<div dir=\"auto\">Meem (ingl. k. MEME) on pildist, mitmest pildist v\u00f5i l\u00fchikesest videost (gif) koosnev naljakas ja lihtne visuaalne materjal, mida jagatakse eelk\u00f5ige internetis, sotsiaalmeedias.<\/div>\n<div dir=\"auto\"><\/div>\n<div dir=\"auto\">1.koht: Karmo Kosk, P\u00f5lva Kool, 5E<\/div>\n<\/div>\n<div dir=\"auto\"><img loading=\"lazy\" decoding=\"async\" class=\"alignnone size-medium wp-image-659\" src=\"https:\/\/aianduskool.ee\/kurgisobrad2021\/wp-content\/uploads\/2021\/05\/karmo-300x253.jpg\" alt=\"\" width=\"300\" height=\"253\" srcset=\"https:\/\/aianduskool.ee\/kurgisobrad2021\/wp-content\/uploads\/2021\/05\/karmo-300x253.jpg 300w, https:\/\/aianduskool.ee\/kurgisobrad2021\/wp-content\/uploads\/2021\/05\/karmo.jpg 544w\" sizes=\"auto, (max-width: 300px) 100vw, 300px\" \/><\/div>\n<div dir=\"auto\"><\/div>\n<div class=\"o9v6fnle cxmmr5t8 oygrvhab hcukyx3x c1et5uql ii04i59q\">\n<div dir=\"auto\">2.koht: Ode-Eliisabet Elias, P\u00f5lva Kool, 5E<\/div>\n<\/div>\n<div dir=\"auto\"><img loading=\"lazy\" decoding=\"async\" class=\"alignnone size-medium wp-image-660\" src=\"https:\/\/aianduskool.ee\/kurgisobrad2021\/wp-content\/uploads\/2021\/05\/elisabet-288x300.png\" alt=\"\" width=\"288\" height=\"300\" srcset=\"https:\/\/aianduskool.ee\/kurgisobrad2021\/wp-content\/uploads\/2021\/05\/elisabet-288x300.png 288w, https:\/\/aianduskool.ee\/kurgisobrad2021\/wp-content\/uploads\/2021\/05\/elisabet-768x801.png 768w, https:\/\/aianduskool.ee\/kurgisobrad2021\/wp-content\/uploads\/2021\/05\/elisabet.png 805w\" sizes=\"auto, (max-width: 288px) 100vw, 288px\" \/><\/div>\n<div dir=\"auto\"><\/div>\n<div class=\"o9v6fnle cxmmr5t8 oygrvhab hcukyx3x c1et5uql ii04i59q\">\n<div dir=\"auto\">3.koht: Henri Haabma, P\u00f5lva Kool, 5E<\/div>\n<\/div>\n<div dir=\"auto\"><\/div>\n<div dir=\"auto\"><img loading=\"lazy\" decoding=\"async\" class=\"alignnone size-medium wp-image-661\" src=\"https:\/\/aianduskool.ee\/kurgisobrad2021\/wp-content\/uploads\/2021\/05\/henri-300x225.jpg\" alt=\"\" width=\"300\" height=\"225\" srcset=\"https:\/\/aianduskool.ee\/kurgisobrad2021\/wp-content\/uploads\/2021\/05\/henri-300x225.jpg 300w, https:\/\/aianduskool.ee\/kurgisobrad2021\/wp-content\/uploads\/2021\/05\/henri-768x576.jpg 768w, https:\/\/aianduskool.ee\/kurgisobrad2021\/wp-content\/uploads\/2021\/05\/henri.jpg 960w\" sizes=\"auto, (max-width: 300px) 100vw, 300px\" \/><\/div>\n<div dir=\"auto\"><\/div>\n<div dir=\"auto\"><\/div>\n<div dir=\"auto\"><\/div>\n<div class=\"o9v6fnle cxmmr5t8 oygrvhab hcukyx3x c1et5uql ii04i59q\">\n<div dir=\"auto\"><strong>Lisaks eripreemiad: <\/strong><\/div>\n<div dir=\"auto\">Varbola Lasteaed, r\u00fchm \u00d5nneseened ja Tallinna Lepatriinu Lasteaed Pilvetriinude r\u00fchm.<\/div>\n<\/div>\n<div dir=\"auto\"><\/div>\n<div class=\"o9v6fnle cxmmr5t8 oygrvhab hcukyx3x c1et5uql ii04i59q\">\n<div dir=\"auto\"><strong>Suur, suur ait\u00e4h k\u00f5igile osalejatele ja palju \u00f5nne v\u00f5itjatele!<br \/>\nOlete k\u00f5ik v\u00e4ga tublid ja n\u00e4gite nii palju vaeva! Meie oleme teie \u00fcle uhked!\u00a0<\/strong><\/div>\n<div dir=\"auto\"><\/div>\n<\/div>\n","protected":false},"excerpt":{"rendered":"<p>Loomingukonkursile ootasime\u00a0 joonistusi ja koomikseid kurkidest ja nendega seonduvast. Auv\u00e4\u00e4rt \u017e\u00fcrii on oma t\u00f6\u00f6 kokku v\u00f5tnud j\u00e4rgmised: Joonistused lasteaed: 1.koht: Karl Tristan Kalmus, P\u00f5lgaste Lasteaed, Aiar\u00fchm 2.koht: Katrin Sofia Mihhejeva, Tallinna Lepatriinu LA, Pilvetriinud 3.koht: Kristelle Kivistik, Pangapealse LA, Lainekratid Joonistused kool: 1.koht: Hanna Hiielo, VKRK 2.koht: Lenna Vesiallik, Kohila G\u00fcmnaasium, Hageri 4h 3.koht: Nelly-Ly Bri\u0161ujev, V\u00f5ru Kreutzwaldi Kool Meemid: Meem (ingl. k. MEME) on pildist, mitmest pildist v\u00f5i l\u00fchikesest videost (gif) koosnev naljakas ja lihtne visuaalne materjal, mida jagatakse eelk\u00f5ige internetis, sotsiaalmeedias. 1.koht: Karmo Kosk, P\u00f5lva Kool, 5E 2.koht: Ode-Eliisabet Elias, P\u00f5lva Kool, 5E 3.koht: Henri Haabma, P\u00f5lva Kool,..<\/p>\n","protected":false},"author":3,"featured_media":0,"parent":491,"menu_order":0,"comment_status":"closed","ping_status":"closed","template":"","meta":{"footnotes":""},"class_list":["post-658","page","type-page","status-publish","hentry"],"_links":{"self":[{"href":"https:\/\/aianduskool.ee\/kurgisobrad2021\/wp-json\/wp\/v2\/pages\/658","targetHints":{"allow":["GET"]}}],"collection":[{"href":"https:\/\/aianduskool.ee\/kurgisobrad2021\/wp-json\/wp\/v2\/pages"}],"about":[{"href":"https:\/\/aianduskool.ee\/kurgisobrad2021\/wp-json\/wp\/v2\/types\/page"}],"author":[{"embeddable":true,"href":"https:\/\/aianduskool.ee\/kurgisobrad2021\/wp-json\/wp\/v2\/users\/3"}],"replies":[{"embeddable":true,"href":"https:\/\/aianduskool.ee\/kurgisobrad2021\/wp-json\/wp\/v2\/comments?post=658"}],"version-history":[{"count":4,"href":"https:\/\/aianduskool.ee\/kurgisobrad2021\/wp-json\/wp\/v2\/pages\/658\/revisions"}],"predecessor-version":[{"id":667,"href":"https:\/\/aianduskool.ee\/kurgisobrad2021\/wp-json\/wp\/v2\/pages\/658\/revisions\/667"}],"up":[{"embeddable":true,"href":"https:\/\/aianduskool.ee\/kurgisobrad2021\/wp-json\/wp\/v2\/pages\/491"}],"wp:attachment":[{"href":"https:\/\/aianduskool.ee\/kurgisobrad2021\/wp-json\/wp\/v2\/media?parent=658"}],"curies":[{"name":"wp","href":"https:\/\/api.w.org\/{rel}","templated":true}]}}