{"id":670,"date":"2021-05-26T11:11:41","date_gmt":"2021-05-26T08:11:41","guid":{"rendered":"https:\/\/aianduskool.ee\/kurgisobrad2021\/?page_id=670"},"modified":"2021-05-26T11:12:09","modified_gmt":"2021-05-26T08:12:09","slug":"670-2","status":"publish","type":"page","link":"https:\/\/aianduskool.ee\/kurgisobrad2021\/konkursid\/670-2\/","title":{"rendered":"Projektip\u00e4eviku konkursi tulemused"},"content":{"rendered":"<p style=\"text-align: center;\">Projektip\u00e4eviku konkursile laekus palju toredaid ja sisukaid blogisid. Sel aastal selguseid l\u00f5plikud tulemused loosi teel: meie vahvad meeskonnaliikmed tegid oma valikud ja siis p\u00f6\u00f6rles loosiratas&#8230;<\/p>\n<p style=\"text-align: center;\"><strong>Projektip\u00e4eviku konkursi parimad on:\u00a0<\/strong><\/p>\n<p style=\"text-align: center;\"><a href=\"https:\/\/read.bookcreator.com\/yW37eyVBFVOzknF6i6pFQzgdM6y1\/Ywz029v6RoOWDYlvn1bing\">V\u00e4ndra G\u00fcmnaasium, 4. klass<\/a><\/p>\n<p style=\"text-align: center;\"><a href=\"https:\/\/padlet.com\/helerysagaja\/Marakratid\">Sillaotsa Kool-Lasteaed, Marakrattide r\u00fchm<\/a><\/p>\n<p style=\"text-align: center;\"><a href=\"https:\/\/varbolalasteaed.ee\/blogi\/?fbclid=IwAR1uCEdFEQMnxunM4IRvMHqO7WxZjFoPEncl8Uggx4qzu0wjQqQWFIgW9Zs\">Varbola Lasteaed Algkool, \u00d5nneseente r\u00fchm<\/a><\/p>\n<p style=\"text-align: center;\"><strong>Eriauhind: <\/strong><\/p>\n<p style=\"text-align: center;\"><a href=\"https:\/\/read.bookcreator.com\/uDCtBPR5r9eiRhft3ePBNJ9Zgm13\/WghW0CW5SLitbpCUOB-_TA\">Kohila G\u00fcmnaasiumi Hageri klassid, 4.h<\/a><\/p>\n<p style=\"text-align: center;\"><strong>\u00c4ram\u00e4rkimist leidsid veel j\u00e4rgmised p\u00e4evikud:<\/strong><\/p>\n<p style=\"text-align: center;\"><a href=\"https:\/\/pelgurannalasteaed.blogspot.com\/?fbclid=IwAR12lfxPGl39gGjW6rFjA_Kf1rnS8PrBEmU-NRR3_mOkgUWeEBzeHioVSmo\">Pelguranna Lastead<\/a><\/p>\n<p style=\"text-align: center;\"><a href=\"https:\/\/kurgiblogi.weebly.com\/\">Meriv\u00e4lja Lastead, Jussi r\u00fchm<\/a><\/p>\n<p style=\"text-align: center;\"><a href=\"https:\/\/www.facebook.com\/groups\/763889080685809\">Tallinna Mustakivi LA, Lepatriinu r\u00fchm<\/a><\/p>\n<p style=\"text-align: center;\"><a href=\"https:\/\/kohilamannimuumid.blogspot.com\/?fbclid=IwAR1589MvEbfvwa7HdhVImESuf6xBhJ1Ku_aAEAydGKJFvpWVSaNwYcl3ZiI\">Kohila M\u00e4nni LA, Muumide r\u00fchm<\/a><\/p>\n<p style=\"text-align: center;\"><a href=\"https:\/\/tpkkurgisobrad.weebly.com\/\">Kohtla-J\u00e4rve Tammiku P\u00f5hikool, 6.klass<\/a><\/p>\n<p style=\"text-align: center;\"><a href=\"https:\/\/read.bookcreator.com\/kYur7wwJ9HNcKahAsJt0DVAD6502\/bBWIx7nsTKCEGtRb6dz9VA?fbclid=IwAR2JLOt6t0pmK0E-WAKLWM43sVY0m67PUYT7mvmu59EsNUGTSSkhChUCTSg\">Viljandi Kesklinna Lastead, Tihaste r\u00fchm<\/a><\/p>\n<p style=\"text-align: center;\"><a href=\"https:\/\/teokesedonkurgisobrad.blogspot.com\/\">Konguta Kool, Teokeste r\u00fchm<\/a><\/p>\n<p>&nbsp;<\/p>\n<p style=\"text-align: center;\"><strong>Projekti meeskond t\u00e4nab k\u00f5iki konkursil osalejaid. Projektip\u00e4evikud olid v\u00e4ga huvitavad, materjalirohked, mitmekesised, innovaatilised ja t\u00e4is teie m\u00f5tteid, ideid ning emotsioone.<\/strong><br \/>\n<strong>Suur suur t\u00e4nu!<\/strong>\u00a0\ud83d\ude42<\/p>\n<p>&nbsp;<\/p>\n<p>&nbsp;<\/p>\n","protected":false},"excerpt":{"rendered":"<p>Projektip\u00e4eviku konkursile laekus palju toredaid ja sisukaid blogisid. Sel aastal selguseid l\u00f5plikud tulemused loosi teel: meie vahvad meeskonnaliikmed tegid oma valikud ja siis p\u00f6\u00f6rles loosiratas&#8230; Projektip\u00e4eviku konkursi parimad on:\u00a0 V\u00e4ndra G\u00fcmnaasium, 4. klass Sillaotsa Kool-Lasteaed, Marakrattide r\u00fchm Varbola Lasteaed Algkool, \u00d5nneseente r\u00fchm Eriauhind: Kohila G\u00fcmnaasiumi Hageri klassid, 4.h \u00c4ram\u00e4rkimist leidsid veel j\u00e4rgmised p\u00e4evikud: Pelguranna Lastead Meriv\u00e4lja Lastead, Jussi r\u00fchm Tallinna Mustakivi LA, Lepatriinu r\u00fchm Kohila M\u00e4nni LA, Muumide r\u00fchm Kohtla-J\u00e4rve Tammiku P\u00f5hikool, 6.klass Viljandi Kesklinna Lastead, Tihaste r\u00fchm Konguta Kool, Teokeste r\u00fchm &nbsp; Projekti meeskond t\u00e4nab k\u00f5iki konkursil osalejaid. Projektip\u00e4evikud olid v\u00e4ga huvitavad, materjalirohked, mitmekesised, innovaatilised ja t\u00e4is teie m\u00f5tteid,..<\/p>\n","protected":false},"author":3,"featured_media":0,"parent":19,"menu_order":0,"comment_status":"closed","ping_status":"closed","template":"","meta":{"footnotes":""},"class_list":["post-670","page","type-page","status-publish","hentry"],"_links":{"self":[{"href":"https:\/\/aianduskool.ee\/kurgisobrad2021\/wp-json\/wp\/v2\/pages\/670","targetHints":{"allow":["GET"]}}],"collection":[{"href":"https:\/\/aianduskool.ee\/kurgisobrad2021\/wp-json\/wp\/v2\/pages"}],"about":[{"href":"https:\/\/aianduskool.ee\/kurgisobrad2021\/wp-json\/wp\/v2\/types\/page"}],"author":[{"embeddable":true,"href":"https:\/\/aianduskool.ee\/kurgisobrad2021\/wp-json\/wp\/v2\/users\/3"}],"replies":[{"embeddable":true,"href":"https:\/\/aianduskool.ee\/kurgisobrad2021\/wp-json\/wp\/v2\/comments?post=670"}],"version-history":[{"count":2,"href":"https:\/\/aianduskool.ee\/kurgisobrad2021\/wp-json\/wp\/v2\/pages\/670\/revisions"}],"predecessor-version":[{"id":672,"href":"https:\/\/aianduskool.ee\/kurgisobrad2021\/wp-json\/wp\/v2\/pages\/670\/revisions\/672"}],"up":[{"embeddable":true,"href":"https:\/\/aianduskool.ee\/kurgisobrad2021\/wp-json\/wp\/v2\/pages\/19"}],"wp:attachment":[{"href":"https:\/\/aianduskool.ee\/kurgisobrad2021\/wp-json\/wp\/v2\/media?parent=670"}],"curies":[{"name":"wp","href":"https:\/\/api.w.org\/{rel}","templated":true}]}}