{"id":125,"date":"2016-03-30T11:49:18","date_gmt":"2016-03-30T08:49:18","guid":{"rendered":"http:\/\/aianduskool.ee\/lilled\/?page_id=125"},"modified":"2017-09-27T09:48:48","modified_gmt":"2017-09-27T06:48:48","slug":"hindamine","status":"publish","type":"page","link":"https:\/\/aianduskool.ee\/lilled\/hindamine\/","title":{"rendered":"Hindamine"},"content":{"rendered":"<p>Osalejatele v\u00e4ljastab R\u00e4pina Aianduskool tunnistuse kursuse l\u00e4bimise kohta.<br \/>\n<strong>N\u00f5uded kursuse l\u00e4bimiseks:<\/strong><\/p>\n<ul>\n<li>100 %line osalemine teoreetilises ja praktilises \u00f5ppetegevuses;<\/li>\n<li>virtuaalse \u00f5pimapi, \u00f5pikeskkonna loomine ja e-\u00f5ppe \u00fclesannete tegemine<\/li>\n<li>teoreetiliste teadmiste arvestustest ja praktiline arvestust\u00f6\u00f6.<\/li>\n<\/ul>\n<p><strong>N\u00f5uded virtuaalsele \u00f5pimapile:<\/strong><\/p>\n<ul>\n<li>e-\u00f5ppe k\u00e4igus koostatud \u00fclesanded on esitatud t\u00e4haegselt ja vastavad etteantud sisun\u00f5uetele;<\/li>\n<li>sisaldab illustreeriva materjaliga reflekteerivaid kokkuv\u00f5tteid R\u00e4pinas toimunud kontaktp\u00e4evadest (v.a viimane \u00f5ppep\u00e4ev);<\/li>\n<li>refleksioon peegeldab kursuse l\u00e4bija enesearengut, teadmiste ja oskuste t\u00e4ienemist;<\/li>\n<li>sisaldab nii tekste kui ka illustreerivat materjali (joonised, visandid, fotod, tabelid vms);<\/li>\n<li>on vormistatud veebikeskkonnas (nt blogger.com, wordpress.com, Weebly, GoogleDrive, Office 365 vms)<\/li>\n<li>on sidus ja struktureeritud, korrektses eesti keeles, materjalid on loogilises j\u00e4rjestuses ja moodustavad \u00fchtse terviku;<\/li>\n<li>k\u00f5ikidele abi- ja allikmaterjalidele on viidatud;<\/li>\n<li>on esitatud lingina kursuse l\u00e4biviijale e-kirja teel (<a href=\"mailto:katrin.uurman@aianduskool.ee\">katrin.uurman@aianduskool.ee<\/a>).<\/li>\n<\/ul>\n","protected":false},"excerpt":{"rendered":"<p>Osalejatele v\u00e4ljastab R\u00e4pina Aianduskool tunnistuse kursuse l\u00e4bimise kohta. N\u00f5uded kursuse l\u00e4bimiseks: 100 %line osalemine teoreetilises ja praktilises \u00f5ppetegevuses; virtuaalse \u00f5pimapi, \u00f5pikeskkonna loomine ja e-\u00f5ppe \u00fclesannete tegemine teoreetiliste teadmiste arvestustest ja [&hellip;]<\/p>\n","protected":false},"author":2,"featured_media":0,"parent":0,"menu_order":0,"comment_status":"closed","ping_status":"closed","template":"","meta":{"footnotes":""},"class_list":["post-125","page","type-page","status-publish","hentry"],"_links":{"self":[{"href":"https:\/\/aianduskool.ee\/lilled\/wp-json\/wp\/v2\/pages\/125","targetHints":{"allow":["GET"]}}],"collection":[{"href":"https:\/\/aianduskool.ee\/lilled\/wp-json\/wp\/v2\/pages"}],"about":[{"href":"https:\/\/aianduskool.ee\/lilled\/wp-json\/wp\/v2\/types\/page"}],"author":[{"embeddable":true,"href":"https:\/\/aianduskool.ee\/lilled\/wp-json\/wp\/v2\/users\/2"}],"replies":[{"embeddable":true,"href":"https:\/\/aianduskool.ee\/lilled\/wp-json\/wp\/v2\/comments?post=125"}],"version-history":[{"count":4,"href":"https:\/\/aianduskool.ee\/lilled\/wp-json\/wp\/v2\/pages\/125\/revisions"}],"predecessor-version":[{"id":212,"href":"https:\/\/aianduskool.ee\/lilled\/wp-json\/wp\/v2\/pages\/125\/revisions\/212"}],"wp:attachment":[{"href":"https:\/\/aianduskool.ee\/lilled\/wp-json\/wp\/v2\/media?parent=125"}],"curies":[{"name":"wp","href":"https:\/\/api.w.org\/{rel}","templated":true}]}}