{"id":144,"date":"2016-04-08T10:09:15","date_gmt":"2016-04-08T07:09:15","guid":{"rendered":"http:\/\/aianduskool.ee\/lilled\/?page_id=144"},"modified":"2017-09-27T21:44:13","modified_gmt":"2017-09-27T18:44:13","slug":"ulesanne-1-2","status":"publish","type":"page","link":"https:\/\/aianduskool.ee\/lilled\/ulesanne-1-2\/","title":{"rendered":"\u00dclesanne 1"},"content":{"rendered":"<p>Esimene \u00fclesanne koosneb kahest osast. Teemaks on oma \u00f5pikeskkonna loomine ja nn t\u00f6\u00f6sse rakendamine. \u00dclesande p\u00f5hiteemaks on aga p\u00fcsilillede m\u00f5iste, olemus, \u00fcldine klassifikatsioon ja n\u00f5uded kasvukohale.<\/p>\n<p>Esimeseks \u00fclesandeks:<\/p>\n<ol>\n<li>looge oma veebip\u00f5hine \u00f5pikeskkond (nt Weebly koduleht, Google Drive&#8217;i kaust, Dropboxi kaust vms) ja edastage selle aadress kursuse l\u00e4biviijale (katrin.uurman@aianduskool.ee). Juhendid leiate <a href=\"http:\/\/aianduskool.ee\/lilled\/juhendid\/\">siit<\/a>;<\/li>\n<li>koostage reflekteeriv kokkuv\u00f5te esimesest \u00f5ppep\u00e4evast R\u00e4pinas, milles andke \u00fclevaade, mida \u00f5ppisite, mis oli uus, mis oli huvitav, mis oli juba teada, millised k\u00fcsimused \u00f5hku j\u00e4id jms. Soovi korral v\u00f5ite lisada fotosid vms illustreerivat materjali.<\/li>\n<\/ol>\n<p>T\u00f6\u00f6 esitamise t\u00e4htaeg on <span style=\"color: #ff6600;\">1. oktoober.<\/span><\/p>\n<p>K\u00fcsimustest ja tekkinud probleemidest andke m\u00e4rku e-kirja teel kursuse juhendajale (katrin.uurman@aianduskool.ee).<\/p>\n","protected":false},"excerpt":{"rendered":"<p>Esimene \u00fclesanne koosneb kahest osast. Teemaks on oma \u00f5pikeskkonna loomine ja nn t\u00f6\u00f6sse rakendamine. \u00dclesande p\u00f5hiteemaks on aga p\u00fcsilillede m\u00f5iste, olemus, \u00fcldine klassifikatsioon ja n\u00f5uded kasvukohale. Esimeseks \u00fclesandeks: looge oma [&hellip;]<\/p>\n","protected":false},"author":2,"featured_media":0,"parent":0,"menu_order":0,"comment_status":"closed","ping_status":"closed","template":"","meta":{"footnotes":""},"class_list":["post-144","page","type-page","status-publish","hentry"],"_links":{"self":[{"href":"https:\/\/aianduskool.ee\/lilled\/wp-json\/wp\/v2\/pages\/144","targetHints":{"allow":["GET"]}}],"collection":[{"href":"https:\/\/aianduskool.ee\/lilled\/wp-json\/wp\/v2\/pages"}],"about":[{"href":"https:\/\/aianduskool.ee\/lilled\/wp-json\/wp\/v2\/types\/page"}],"author":[{"embeddable":true,"href":"https:\/\/aianduskool.ee\/lilled\/wp-json\/wp\/v2\/users\/2"}],"replies":[{"embeddable":true,"href":"https:\/\/aianduskool.ee\/lilled\/wp-json\/wp\/v2\/comments?post=144"}],"version-history":[{"count":5,"href":"https:\/\/aianduskool.ee\/lilled\/wp-json\/wp\/v2\/pages\/144\/revisions"}],"predecessor-version":[{"id":216,"href":"https:\/\/aianduskool.ee\/lilled\/wp-json\/wp\/v2\/pages\/144\/revisions\/216"}],"wp:attachment":[{"href":"https:\/\/aianduskool.ee\/lilled\/wp-json\/wp\/v2\/media?parent=144"}],"curies":[{"name":"wp","href":"https:\/\/api.w.org\/{rel}","templated":true}]}}