{"id":2,"date":"2015-07-21T14:01:22","date_gmt":"2015-07-21T11:01:22","guid":{"rendered":"http:\/\/aianduskool.ee\/lilled\/?page_id=2"},"modified":"2018-12-06T17:06:34","modified_gmt":"2018-12-06T15:06:34","slug":"demoleht","status":"publish","type":"page","link":"https:\/\/aianduskool.ee\/lilled\/","title":{"rendered":""},"content":{"rendered":"<h1><span style=\"color: #ff6600;\"><strong>Tere tulemast p\u00fcsilillede kursusele, head osalejad!<\/strong><\/span><\/h1>\n<p><strong><span style=\"color: #ff6600;\">P\u00fcsilillede kursus alustab taas!<\/span><\/strong><br \/>\n<span style=\"color: #000000;\">Mul on hea meel, et otsustasite osaleda R\u00e4pina Aianduskooli p\u00fcsilillede kursusel. <\/span><\/p>\n<p><span style=\"color: #000000;\">\u00d5ppep\u00e4evad R\u00e4pinas <\/span><\/p>\n<ul>\n<li><span style=\"color: #000000;\">27. september 2017<\/span><\/li>\n<li><span style=\"color: #000000;\">25. oktoober 2017<\/span><\/li>\n<li><span style=\"color: #000000;\">21. november 2017.<\/span><\/li>\n<\/ul>\n<p><span style=\"color: #ff6600;\">Ajakava 21. novembril<\/span><br \/>\n<span style=\"color: #000000;\"> 9.30-11.00 \u00f5ppetegevus (kohtume klassis 329) <\/span><br \/>\n<span style=\"color: #000000;\"> 11.00-11.15 paus<\/span><br \/>\n<span style=\"color: #000000;\"> 11.15-12.45 \u00f5ppetegevus<\/span><br \/>\n<span style=\"color: #000000;\"> 12.45-13.15 l\u00f5una<\/span><br \/>\n<span style=\"color: #000000;\"> 13.15-14.45 \u00f5ppetegevus ja arvestust\u00f6\u00f6<\/span><\/p>\n<p><span style=\"color: #000000;\">Kohtumiseni R\u00e4pinas!<\/span><br \/>\n<span style=\"color: #000000;\"> \u00d5petaja Katrin Uurman<\/span><\/p>\n<hr \/>\n<p>Kursus annab \u00fclevaate haljastuses kasutatavatest p\u00fcsililledest, nende omadustest, n\u00f5uetest kasvukohale; p\u00fcsilillede sortimendist, kasvatamisest ja hooldamisest ning paljundamisest.<\/p>\n<p><strong>\u00d5ppe maht ja \u00fclesehitus<\/strong><\/p>\n<p>Kursuse kogumaht on 38 tundi, mis l\u00e4bitakse j\u00e4rgmiselt:<\/p>\n<ul>\n<li>teoreetiline \u00f5pe R\u00e4pinas &#8211; 4 tundi;<\/li>\n<li>praktiline \u00f5pe R\u00e4pinas &#8211; 13 tundi;<\/li>\n<li>e-\u00f5pe &#8211; 19 tundi;<\/li>\n<li>arvestust\u00f6\u00f6 &#8211; 2 tundi.<\/li>\n<\/ul>\n<p><strong>\u00d5ppep\u00e4evad R\u00e4pinas<\/strong><\/p>\n<p>I \u00f5ppep\u00e4ev &#8211; 27. september 2017 (6 tundi)<br \/>\nII \u00f5ppep\u00e4ev &#8211; 25. oktoober (7 tundi)<br \/>\nIII \u00f5ppep\u00e4ev &#8211; <span style=\"color: #ff6600;\">21. november<\/span>\u00a02016 (6 tundi)<\/p>\n<p><strong>Kursuse l\u00e4biviija<\/strong><br \/>\nKatrin Uurman<br \/>\nR\u00e4pina Aianduskooli kutse\u00f5petaja<br \/>\nkatrin.uurman@aianduskool.ee<\/p>\n","protected":false},"excerpt":{"rendered":"<p>Tere tulemast p\u00fcsilillede kursusele, head osalejad! P\u00fcsilillede kursus alustab taas! Mul on hea meel, et otsustasite osaleda R\u00e4pina Aianduskooli p\u00fcsilillede kursusel. \u00d5ppep\u00e4evad R\u00e4pinas 27. september 2017 25. oktoober 2017 21. [&hellip;]<\/p>\n","protected":false},"author":1,"featured_media":0,"parent":0,"menu_order":0,"comment_status":"open","ping_status":"open","template":"","meta":{"footnotes":""},"class_list":["post-2","page","type-page","status-publish","hentry"],"_links":{"self":[{"href":"https:\/\/aianduskool.ee\/lilled\/wp-json\/wp\/v2\/pages\/2","targetHints":{"allow":["GET"]}}],"collection":[{"href":"https:\/\/aianduskool.ee\/lilled\/wp-json\/wp\/v2\/pages"}],"about":[{"href":"https:\/\/aianduskool.ee\/lilled\/wp-json\/wp\/v2\/types\/page"}],"author":[{"embeddable":true,"href":"https:\/\/aianduskool.ee\/lilled\/wp-json\/wp\/v2\/users\/1"}],"replies":[{"embeddable":true,"href":"https:\/\/aianduskool.ee\/lilled\/wp-json\/wp\/v2\/comments?post=2"}],"version-history":[{"count":5,"href":"https:\/\/aianduskool.ee\/lilled\/wp-json\/wp\/v2\/pages\/2\/revisions"}],"predecessor-version":[{"id":305,"href":"https:\/\/aianduskool.ee\/lilled\/wp-json\/wp\/v2\/pages\/2\/revisions\/305"}],"wp:attachment":[{"href":"https:\/\/aianduskool.ee\/lilled\/wp-json\/wp\/v2\/media?parent=2"}],"curies":[{"name":"wp","href":"https:\/\/api.w.org\/{rel}","templated":true}]}}