{"id":228,"date":"2017-10-02T12:37:58","date_gmt":"2017-10-02T09:37:58","guid":{"rendered":"http:\/\/aianduskool.ee\/lilled\/?page_id=228"},"modified":"2017-10-02T12:37:58","modified_gmt":"2017-10-02T09:37:58","slug":"ulesanne-2_2017","status":"publish","type":"page","link":"https:\/\/aianduskool.ee\/lilled\/ulesanne-2_2017\/","title":{"rendered":"\u00dclesanne 2_2017"},"content":{"rendered":"<p>Teine \u00fclesanne koosneb kahest osast:<\/p>\n<p><strong>\u00dcL 1<\/strong><\/p>\n<p>Esimese \u00fclesande tegemiseks tutvuge \u00f5ppematerjalidega:<\/p>\n<ul>\n<li><a href=\"http:\/\/aianduskool.ee\/lilled\/pusilillede-klassifikatsioon\/\" target=\"_blank\" rel=\"noopener\">p\u00fcsilillede klassifikatsioon<\/a>,<\/li>\n<li><a href=\"http:\/\/aianduskool.ee\/lilled\/sibullilled\/\" target=\"_blank\" rel=\"noopener\">sibullilled<\/a>,<\/li>\n<li><a href=\"http:\/\/aianduskool.ee\/lilled\/vee-ja-kaldataimed\/\" target=\"_blank\" rel=\"noopener\">vee- ja kaldataimed<\/a>.<\/li>\n<\/ul>\n<p>Koostage p\u00fcsililli, sh sibullilli, vee- ja kaldataimi \u00fchendav m\u00f5istekaart. M\u00f5istekaart peab sisaldama taimede eluiga, n\u00f5udeid kasvukohale, samuti n\u00e4iteid (taimede nimed) (vt Joonis 1).<\/p>\n<div id=\"attachment_232\" style=\"width: 690px\" class=\"wp-caption alignnone\"><a href=\"http:\/\/aianduskool.ee\/lilled\/wp-content\/uploads\/2017\/10\/Screen-Shot-2017-10-02-at-12.22.51.png\"><img loading=\"lazy\" decoding=\"async\" aria-describedby=\"caption-attachment-232\" class=\"wp-image-232 size-full\" src=\"http:\/\/aianduskool.ee\/lilled\/wp-content\/uploads\/2017\/10\/Screen-Shot-2017-10-02-at-12.22.51.png\" alt=\"\" width=\"680\" height=\"419\" srcset=\"https:\/\/aianduskool.ee\/lilled\/wp-content\/uploads\/2017\/10\/Screen-Shot-2017-10-02-at-12.22.51.png 680w, https:\/\/aianduskool.ee\/lilled\/wp-content\/uploads\/2017\/10\/Screen-Shot-2017-10-02-at-12.22.51-300x185.png 300w, https:\/\/aianduskool.ee\/lilled\/wp-content\/uploads\/2017\/10\/Screen-Shot-2017-10-02-at-12.22.51-624x384.png 624w\" sizes=\"auto, (max-width: 680px) 100vw, 680px\" \/><\/a><p id=\"caption-attachment-232\" class=\"wp-caption-text\">Joonis 1. M\u00f5itsekaardi n\u00e4ide.<\/p><\/div>\n<p>M\u00f5istekaardi v\u00f5ib koostada k\u00e4sitsi, Wordis, Excelis, PowerPointis v\u00f5i m\u00f5nes sepetsiaalses veebikeskkonnas. Minu n\u00e4ide on koostatud t\u00f6\u00f6riistaga\u00a0<a href=\"https:\/\/bubbl.us\" target=\"_blank\" rel=\"noopener\">https:\/\/bubbl.us<\/a>. Kui on soovi, v\u00f5ib seda keskkonda katsetada. Kasutajakontot looma ei pea. Avalehel vajutada nuppu Start Brainstorming. Tehtud t\u00f6\u00f6 saab pildina salvestada. Aga selle \u00fclesande juures on vormistamine vaba. V\u00f5ite ise valida variandi, mis sobib. K\u00e4sitsi tehtud m\u00f5istekaart tuleb esitamiseks pildistada v\u00f5i skanneerida.<\/p>\n<p><strong>\u00dcL 2<\/strong><\/p>\n<p>Teiseks \u00fclesandeks on koolis kogutud seemnete puhastamine ja pakendamine. Taimede ladinakeelsed nimed leiate <a href=\"http:\/\/taimenimed.ut.ee\" target=\"_blank\" rel=\"noopener\">taimenimede andmebaasist<\/a>. Tutvu ka seemnete kogumise ja pakendamise <a href=\"http:\/\/aianduskool.ee\/lilled\/pusilillede-paljundamine\/\" target=\"_blank\" rel=\"noopener\">\u00f5ppematerjaliga<\/a>.\u00a0Pildista oma t\u00f6\u00f6d (t\u00f6\u00f6 erinevaid etappe). Esita oma virtuaalsesse \u00f5pikeskkonda fotosid\u00a0volditud seemnepakkidest koos infoga ning seemnetest, mis kogutud sai. Puhastatud ja pakendatud seemned v\u00f5ta R\u00e4pinasse kaasa, nii nagu kokkulepitud sai.<\/p>\n<p>\u00dclesande 1 ja 2 esitamise t\u00e4htaeg on <span style=\"color: #ff6600;\">8. oktoober<\/span>.<\/p>\n<p>K\u00fcsimustest andke m\u00e4rku e-kirja teel katrin.uurman@aianduskool.ee<\/p>\n","protected":false},"excerpt":{"rendered":"<p>Teine \u00fclesanne koosneb kahest osast: \u00dcL 1 Esimese \u00fclesande tegemiseks tutvuge \u00f5ppematerjalidega: p\u00fcsilillede klassifikatsioon, sibullilled, vee- ja kaldataimed. Koostage p\u00fcsililli, sh sibullilli, vee- ja kaldataimi \u00fchendav m\u00f5istekaart. M\u00f5istekaart peab sisaldama [&hellip;]<\/p>\n","protected":false},"author":2,"featured_media":0,"parent":0,"menu_order":0,"comment_status":"closed","ping_status":"closed","template":"","meta":{"footnotes":""},"class_list":["post-228","page","type-page","status-publish","hentry"],"_links":{"self":[{"href":"https:\/\/aianduskool.ee\/lilled\/wp-json\/wp\/v2\/pages\/228","targetHints":{"allow":["GET"]}}],"collection":[{"href":"https:\/\/aianduskool.ee\/lilled\/wp-json\/wp\/v2\/pages"}],"about":[{"href":"https:\/\/aianduskool.ee\/lilled\/wp-json\/wp\/v2\/types\/page"}],"author":[{"embeddable":true,"href":"https:\/\/aianduskool.ee\/lilled\/wp-json\/wp\/v2\/users\/2"}],"replies":[{"embeddable":true,"href":"https:\/\/aianduskool.ee\/lilled\/wp-json\/wp\/v2\/comments?post=228"}],"version-history":[{"count":4,"href":"https:\/\/aianduskool.ee\/lilled\/wp-json\/wp\/v2\/pages\/228\/revisions"}],"predecessor-version":[{"id":233,"href":"https:\/\/aianduskool.ee\/lilled\/wp-json\/wp\/v2\/pages\/228\/revisions\/233"}],"wp:attachment":[{"href":"https:\/\/aianduskool.ee\/lilled\/wp-json\/wp\/v2\/media?parent=228"}],"curies":[{"name":"wp","href":"https:\/\/api.w.org\/{rel}","templated":true}]}}