{"id":24,"date":"2015-08-24T11:01:21","date_gmt":"2015-08-24T08:01:21","guid":{"rendered":"http:\/\/aianduskool.ee\/lilled\/?page_id=24"},"modified":"2015-09-01T17:49:19","modified_gmt":"2015-09-01T14:49:19","slug":"oppematerjalid","status":"publish","type":"page","link":"https:\/\/aianduskool.ee\/lilled\/oppematerjalid\/","title":{"rendered":"\u00d5ppematerjalid"},"content":{"rendered":"<p><strong>K\u00e4sitletavad teemad<\/strong><\/p>\n<ul>\n<li>e-\u00f5ppe \u00f5pikeskkonna tutvustamine ja n\u00f5uded kursuse l\u00e4bimiseks (R\u00e4pinas)<\/li>\n<li>p\u00fcsilillede, sh sibullillede olemus ja klassifikatsioon (R\u00e4pinas)<\/li>\n<li>p\u00fcsilillede \u00fcldised n\u00f5uded kasvukohale (R\u00e4pinas)<\/li>\n<li>p\u00fcsilillepeenarde (sh kiviktaimla) planeerimise lihtsamad p\u00f5him\u00f5tted (R\u00e4pinas)<\/li>\n<li>haljastuses kasutatav p\u00fcsilillede sortiment, nende omadused ja n\u00f5uded kasvukohale (e-\u00f5ppena)<\/li>\n<li>p\u00fcsilillede paljundamine ja noorendamine (e-\u00f5ppena ja R\u00e4pinas)<\/li>\n<li>p\u00fcsilillepeenarde (sh kiviktaimla) rajamine ja hooldamine, kasutatavad vahendid, t\u00f6\u00f6riistad ja materjalid (e-\u00f5ppena ja R\u00e4pinas)<\/li>\n<\/ul>\n","protected":false},"excerpt":{"rendered":"<p>K\u00e4sitletavad teemad e-\u00f5ppe \u00f5pikeskkonna tutvustamine ja n\u00f5uded kursuse l\u00e4bimiseks (R\u00e4pinas) p\u00fcsilillede, sh sibullillede olemus ja klassifikatsioon (R\u00e4pinas) p\u00fcsilillede \u00fcldised n\u00f5uded kasvukohale (R\u00e4pinas) p\u00fcsilillepeenarde (sh kiviktaimla) planeerimise lihtsamad p\u00f5him\u00f5tted (R\u00e4pinas) haljastuses [&hellip;]<\/p>\n","protected":false},"author":2,"featured_media":0,"parent":0,"menu_order":0,"comment_status":"closed","ping_status":"closed","template":"","meta":{"footnotes":""},"class_list":["post-24","page","type-page","status-publish","hentry"],"_links":{"self":[{"href":"https:\/\/aianduskool.ee\/lilled\/wp-json\/wp\/v2\/pages\/24","targetHints":{"allow":["GET"]}}],"collection":[{"href":"https:\/\/aianduskool.ee\/lilled\/wp-json\/wp\/v2\/pages"}],"about":[{"href":"https:\/\/aianduskool.ee\/lilled\/wp-json\/wp\/v2\/types\/page"}],"author":[{"embeddable":true,"href":"https:\/\/aianduskool.ee\/lilled\/wp-json\/wp\/v2\/users\/2"}],"replies":[{"embeddable":true,"href":"https:\/\/aianduskool.ee\/lilled\/wp-json\/wp\/v2\/comments?post=24"}],"version-history":[{"count":3,"href":"https:\/\/aianduskool.ee\/lilled\/wp-json\/wp\/v2\/pages\/24\/revisions"}],"predecessor-version":[{"id":46,"href":"https:\/\/aianduskool.ee\/lilled\/wp-json\/wp\/v2\/pages\/24\/revisions\/46"}],"wp:attachment":[{"href":"https:\/\/aianduskool.ee\/lilled\/wp-json\/wp\/v2\/media?parent=24"}],"curies":[{"name":"wp","href":"https:\/\/api.w.org\/{rel}","templated":true}]}}