{"id":249,"date":"2017-10-08T09:29:13","date_gmt":"2017-10-08T06:29:13","guid":{"rendered":"http:\/\/aianduskool.ee\/lilled\/?page_id=249"},"modified":"2017-10-08T09:29:13","modified_gmt":"2017-10-08T06:29:13","slug":"korrelised","status":"publish","type":"page","link":"https:\/\/aianduskool.ee\/lilled\/korrelised\/","title":{"rendered":"K\u00f5rrelised"},"content":{"rendered":"<p align=\"justify\"><b>Botaaniliselt<\/b>\u00a0loetakse k\u00f5rreliste hulka ainult\u00a0<b>k\u00f5rreliste sugukond<\/b>a kuuluvad taimi.\u00a0<b>Aianduses<\/b>\u00a0k\u00e4sitletakse k\u00f5rreliste all ka mitmeid k\u00f5rrelistega sarnaseid taimi nagu\u00a0<b>loalised<\/b>\u00a0(nt luga, piiphein),\u00a0<b>l\u00f5ikheinalised<\/b>\u00a0(nt tarn),\u00a0<b>hundinuialised<\/b>\u00a0(nt hundinui), mis aiakujunduses t\u00e4idavad k\u00f5rrelistega samu \u00fclesandeid.<\/p>\n<p align=\"justify\">Suurem osa k\u00f5rrelisi kasvab kuivas toitainetevaeses mullas ja vajab t\u00e4isp\u00e4ikest, pool- v\u00f5i t\u00e4isvarjus kaotavad nad oma iseloomuliku tiheduse ja v\u00e4rvi. Rammusas mullas hakkab lehestik vohama ja puhmiku v\u00f5lu kaob. Samas leidub ka k\u00f5rrelisi, kes paremini kasvavad just niiskemas mullas ning taluvad varju. M\u00f5ned liigid kasvavad suisa veekogude \u00e4\u00e4res.<\/p>\n<p align=\"justify\">K\u00f5rrelised on enamasti mitmeaastased v\u00f5i \u00fcheaastased rohttaimed.\u00a0<b>Vars<\/b>\u00a0on enamasti silindriline, s\u00f5lmevahedes \u00f5\u00f5nes, v\u00f5ib olla ka s\u00e4sikas. Harunemine toimub ainult s\u00f5lme kohast. S\u00f5ltuvalt v\u00f5sundite horisontaalse osa pikkusest eristatakse tihedapuhmikulisi, h\u00f5redapuhmikulisi ja v\u00f5sundilisi k\u00f5rrelisi.\u00a0<b>Tarnadel<\/b>\u00a0on vars enamasti kolmekandiline, \u00f5\u00f5neta, n\u00f5rgalt eristunud s\u00f5lmede ja s\u00f5lmevahedega.\u00a0<b>Lehed<\/b>\u00a0vahelduvad, koosnevad lehelabast ja tupest.\u00a0<b>\u00d5ied<\/b>\u00a0on koondunud hulga\u00f5ielisteks t\u00e4hkadeks v\u00f5i \u2013p\u00f6\u00f6risteks. \u00d5ied on v\u00e4ikesed ja enamasti silmapaistmatud.<\/p>\n<h1 align=\"center\"><span style=\"color: #ff6600;\">ILUK\u00d5RRELISTE KLASSIFIKATSIOON<\/span><\/h1>\n<p align=\"justify\"><span style=\"color: #ff6600;\"><b>ELUEA PIKKUS<\/b><\/span><\/p>\n<ol>\n<li><b>\u00fcheaastased<\/b>\u00a0&#8211;\u00a0udu-kastenein, suur v\u00e4rihein, laiuv luste, siil-sugapea, lakkoder, j\u00e4nesesaba, p\u00f6\u00f6rishirss, hiidhirss (erinevad liigid), kanaari paelrohi, itaalia kukeleib<\/li>\n<li><b>mitmeaastased<\/b>\u00a0\u2013\u00a0kastik-stepirohi, aas-rebasesaba, k\u00f5rge raikaerik, harilik preeriarohi, terava\u00f5iene kastik, keskmine v\u00e4rihein, tarnad, luht-kastevars, argentiina pamparohi, aruheinad, suur parthein, igihaljas kaerand, pehme mesihein, luga, haguhein, liiv-vareskaer, lumi-piiphein, helmikas, siidp\u00f6\u00f6ris, sinihelmikas, vitshirss, hiidhirss (erinevad liigid), p\u00e4ideroog, nurmikas, lubikas, stepirohi, hundinui<\/li>\n<\/ol>\n<p><span style=\"color: #ff6600;\"><b>K\u00dcLMAKINDLUS<\/b><\/span><\/p>\n<ol>\n<li><b>k\u00fclmakindlad<\/b>\u00a0&#8211; p\u00e4ideroog, liiv-vareskaer, terava\u00f5iene kastik, pehme mesihein jt<\/li>\n<li><b>k\u00fclma\u00f5rnad\u00a0<\/b><\/li>\n<\/ol>\n<ul>\n<li><b>siseruumides talvituvad\u00a0<\/b>&#8211; pamparohi, sidrunhein<\/li>\n<li><b>talvekatet vajavad\u00a0<\/b>&#8211; sirmbambus, pungbambus, hiina siidp\u00f6\u00f6rise sordid<b>\u00a0\u00a0<\/b><\/li>\n<\/ul>\n<p><span style=\"color: #ff6600;\"><b>VALGUSE VAJADUS<\/b><\/span><\/p>\n<ol>\n<li><b>p\u00e4ikesele kasvukohale sobivad\u00a0<\/b>\u2013\u00a0terava\u00f5ieline kastik \u2019Overdam\u2019, \u2019Karl Foerster\u2019, luht-kastevars, aruheinad, suur parthein, igihaljas kaerand, haguheinad, liiv-vareskaer, siidp\u00f6\u00f6rised, rood-sinihelmikas, harilik sinihelmikas, vitshirss, austraalia hiidhirss, l\u00e4iklubikas, rohelubikas, stepirohud<\/li>\n<li><b>varju taluvad k\u00f5rrelised<\/b>\u00a0\u2013\u00a0l\u00fchikarvane kastik, tarnad, luht-kastevars, v\u00f5nk-kastevars, vaip-aruhein, ainuroog, piipheinad, harilik saluhein, harilik sinihelmikas, p\u00e4ideroog, rohelubikas<\/li>\n<\/ol>\n<p><span style=\"color: #ff6600;\"><b>MULLA OMADUSED<\/b><\/span><\/p>\n<p align=\"justify\"><b>1.\u00a0<\/b><b>happesus (pH)<\/b><b>:<\/b><\/p>\n<ul type=\"DISC\">\n<li><b>happelist mulda vajavad \u2013\u00a0<\/b>luht-kastevars, v\u00f5nk-kastevars, harilik sinihelmikas \u2019Variegata\u2019<\/li>\n<li><b>lubjalembesed\u00a0<\/b>\u2013 luste, vesihaljas tarn, varvastarn, hall haguhein, ripshelmikas, lubikas<\/li>\n<\/ul>\n<p><b>2.\u00a0<\/b><b>niiskusesisaldus:<\/b><\/p>\n<ul type=\"DISC\">\n<li><b>kuivale kasvukohale sobivad\u00a0<\/b>\u2013<b>\u00a0<\/b>kastik-stepirohi, suur habehein, sale preeriarohi, terava\u00f5iene kastik, l\u00fchikarvane kastik, aruheinad, igihaljas kaerand, haguheinad, liiv-vareskaer, ripshelmikas, harilik sinihelmikas, ida-hiidhirss, rohelubikas, stepirohud<\/li>\n<li><b>niiskele kasvukohale sobivad<\/b>\u00a0\u2013 aas-rebasesaba, keskmine v\u00e4rihein, haruline luste, tarnad, suur parthein, load, siidp\u00f6\u00f6rised, p\u00e4ideroog, kaisel, kamm-soohein, hundinuiad<\/li>\n<\/ul>\n<p><span style=\"color: #ff6600;\"><b>KASVUKUJU JA LEVIMINE<\/b><\/span><\/p>\n<ol>\n<li><b>madalad pinnakatjad\u00a0<\/b>\u2013\u00a0vesihaljas tarn, laialehine tarn, vaip-aruhein, harilik lubikas, mets-piiphein<\/li>\n<li><b>p\u00fcstised\u00a0<\/b>\u2013<b>\u00a0<\/b>terava\u00f5ieline kastik, amet\u00fcst-aruhein, hiina siidp\u00f6\u00f6ris, roog-sinihelmikas, harilik sinihelmikas, ahtalehine hundinui, hiidhirss<\/li>\n<li><b>puhmikuid moodustavad\u00a0<\/b>\u2013\u00a0kastik-stepirohi, k\u00f5rge raikaerik, tarnad, luht-kastevars, hall aruhein, igihaljas kaerand, ainuroog, hall haguhein, ripshelmikas, mets-piiphein, sinihall nurmikas, stepirohi<\/li>\n<li><b>v\u00f5sunditega levivad\u00a0<\/b>\u2013<b>\u00a0<\/b>suur parthein, liiv-vareskaer, amuuri siidp\u00f6\u00f6ris, p\u00e4ideroog, kamm-soohein \u2019Aureomarginata\u2019, hundinuiad<\/li>\n<\/ol>\n<p><span style=\"color: #ff6600;\"><b>K\u00d5RGUS<\/b><\/span><\/p>\n<ol>\n<li><b>madalakasvulised<\/b>\u00a0\u2013\u00a0kuni 30cm (nt paruktarn, koonustarn, nipponi tarn, jaapani tarn, laialehine tarn, vaip-aruhein, ainuroog, pehme mesihein, luga, hall haguhein, sinihall nurmikas, udu \u2013 kastehein)<\/li>\n<li><b>keskmise k\u00f5rgusega\u00a0<\/b>\u2013\u00a030&#8230;50cm (nt keerdlehine tarn, k\u00f5rge raikaerik, keskmine v\u00e4rihein, igihaljas sirmbambus, hall aruhein, rohelubikas, suur v\u00e4rihein, j\u00e4nesesaba, lakkoder, kanaari paelrohi)<\/li>\n<li><b>k\u00f5rgekasvulised<\/b>\u00a0\u2013\u00a0\u00fcle 50cm (nt terava\u00f5iene kastik, l\u00fchikarvane kastik, suur parthein, liiv vareskaer, k\u00f5rge helmikas, siidp\u00f6\u00f6ris, sinihelmikas, vitshirss, p\u00e4ideroog, stepirohi, hundinui, laiuv luste, siil sugapea, p\u00f6\u00f6rishirss, hiidhirss, itaalia kukeleib)<\/li>\n<\/ol>\n<p align=\"justify\"><span style=\"color: #ff6600;\"><b>LEHTEDE V\u00c4RVUS<\/b><\/span><\/p>\n<ol>\n<li><b>hallide ja siniste lehtedega k\u00f5rrelised\u00a0<\/b>\u2013\u00a0patagoonia sardhein, aruheinad, igihaljas kaerand, sinihall luga, hall haguhein, liiv-vareskaer, vitshirss \u2019Heavy Metal\u2019, sinihall nurmikas, l\u00e4iklubikas<\/li>\n<li><b>kollaste ja kollasetriibuliste lehtedega k\u00f5rrelised\u00a0<\/b>\u2013\u00a0aas-rebasesaba \u2019Variegatus\u2019, v\u00f5nk-kastevars \u2019Tatra Gold\u2019, luhttarn \u2019Aurea\u2019, nipponi tarn \u2019Evergold\u2019, suur parthein \u2019Variegata\u2019, ainuroog \u2019Aureola\u2019, harilik saluhein \u2019Aureum\u2019, harilik sinihelmikas \u2019Variegata\u2019, harilik pilliroog \u2019Variegatus\u2019<\/li>\n<li><b>valgetriibuliste lehtedega k\u00f5rrelised\u00a0<\/b>\u2013<b>\u00a0<\/b>k\u00f5rge raikaerik \u2019Variegatum\u2019, terava\u00f5ieline kastik \u2019Overdam\u2019, koonustarn \u2019Snowline\u2019, jaapani tarn \u2019Variegata\u2019, varvastarn \u2019Variegata\u2019, pehme mesihein \u2019Albovariegatus\u2019, hiina siidp\u00f6\u00f6ris \u2019Morning Light\u2019, \u2019Variegatus\u2019, p\u00e4ideroog \u2019Picta\u2019<\/li>\n<li><b>pruunide ja punaste lehtedega\u00a0<\/b>\u2013<b>\u00a0<\/b>ruske tarn, keerdlehine tarn, paruktarn, vasktarn<\/li>\n<\/ol>\n<p>KASUTUSV\u00d5IMALUSED<\/p>\n<ol>\n<li><b>anumatesse sobivad k\u00f5rrelised\u00a0<\/b>\u2013<b>\u00a0<\/b>ruske tarn, keerdlehine tarn, laialehine tarn, aruheinad, ainuroog, harilik luga \u2019Spiralis\u2019, hall haguhein, siidp\u00f6\u00f6rise sordid, harilik sinihelmikas \u2019Variegata\u2019, hiidhirss sordid, lubikas<\/li>\n<li><b>kuivatamiseks sobivad k\u00f5rrelised\u00a0<\/b>\u2013\u00a0suur v\u00e4rihein, laiuv luste,<b>\u00a0<\/b>siil\u2013sugapea, lakkoder, j\u00e4nesesaba, p\u00f6\u00f6rishirss, hiidhirss, kanaari paelrohi, itaalia kukeleib<\/li>\n<\/ol>\n<p><span style=\"color: #ff6600;\"><b>SUGUKONNAD<\/b><\/span><\/p>\n<ol>\n<li><b>k\u00f5rrelised<\/b>\u00a0(<i>Poaceae<\/i>) \u2013 v\u00e4riheinad, aruheinad, helmikad, sinihelmikad, stepirohud, kastikud, siidp\u00f6\u00f6rised<\/li>\n<li><b>l\u00f5ikheinalised<\/b>\u00a0(<i>Cyperaceae<\/i>) \u2013 tarnad, kaisel, villpea, k\u00f5rkjas<\/li>\n<li><b>loalised<\/b>\u00a0(<i>Juncaceae<\/i>) \u2013 load, piipheinad<\/li>\n<li><b>hundinuialised<\/b>\u00a0(<i>Typhaceae<\/i>) \u2013 hundinuiad<\/li>\n<\/ol>\n<p><span style=\"color: #ff6600;\"><b>P\u00c4RITOLUMAA<\/b><\/span><\/p>\n<ol>\n<li><b>Euroopa<\/b>\u00a0\u2013\u00a0k\u00f5rge raikaerik, terava\u00f5iene kastik, suur parthein, hirss, p\u00e4ideroog, stepirohi, kevadtarn, varvastarn, ripptarn, mets-piiphein<\/li>\n<li><b>P\u00f5hja-Euroopa<\/b>\u00a0\u2013\u00a0rukkiluste, luht-kastevars, liiv-vareskaer<\/li>\n<li><b>Kesk- ja L\u00e4\u00e4ne-Euroopa<\/b>\u00a0\u2013\u00a0hall aruhein, roog-sinihelmikas<\/li>\n<li><b>L\u00f5una-Euroopa<\/b>\u00a0\u2013\u00a0suur v\u00e4rihein, alang-alang, sile l\u00f5ikhein, lumi-piiphein<\/li>\n<li><b>Itaalia<\/b>\u00a0\u2013\u00a0l\u00e4iklubikas, stepirohi, stepirohi<\/li>\n<li><b>Vahemeremaad<\/b>\u00a0\u2013\u00a0harilik hiidroog, suur v\u00e4rihein, j\u00e4nesesaba<\/li>\n<li><b>Kaukaasia<\/b>\u00a0\u2013\u00a0aas-rebasesaba, harilik hiidroog, mets-piiphein<\/li>\n<li><b>P\u00f5hja-Aafrika<\/b>\u00a0\u2013\u00a0rukkiluste, ameerika hiidhirss, ripptarn<\/li>\n<li><b>Ida-Aafrika<\/b>\u00a0\u2013\u00a0luth-kastevars, korkaani s\u00f5rmhirss<\/li>\n<li><b>P\u00f5hja-Aasia<\/b>\u00a0\u2013\u00a0liiv-vareskaer<\/li>\n<li><b>L\u00e4\u00e4ne-Aasia<\/b>\u00a0\u2013\u00a0rukkiluste<\/li>\n<li><b>Ida-Aasia<\/b>\u00a0\u2013\u00a0itaalia kukeleib<\/li>\n<li><b>V\u00e4ike-Aasia<\/b>\u00a0\u2013\u00a0harilik sinihelmikas, mets-piiphein<\/li>\n<li><b>P\u00f5hja-Ameerika<\/b>\u00a0\u2013\u00a0lakkoder, p\u00e4ideroog, kamm-soohein, pugutarn, palmlehine tarn<\/li>\n<li><b>Kesk-Ameerika<\/b>\u00a0\u2013\u00a0mais<\/li>\n<li><b>L\u00f5una-Ameerika<\/b>\u00a0\u2013\u00a0patagoonia sardhein<\/li>\n<li><b>Brasiilia<\/b>\u00a0\u2013\u00a0\u00f5rn lembehein<\/li>\n<li><b>Argentiina<\/b>\u00a0\u2013\u00a0halfa stepirohi<\/li>\n<li><b>Mehhiko<\/b>\u00a0\u2013\u00a0halfa stepirohi<\/li>\n<li><b>Hiina<\/b>\u00a0\u2013\u00a0igihaljas sirmbambus, siidp\u00f6\u00f6ris, laialehine tarn<\/li>\n<li><b>Jaapan<\/b>\u00a0\u2013\u00a0ainuroog, siidp\u00f6\u00f6ris, jaapani tarn, laialehine tarn<\/li>\n<li><b>Uus-Meremaa<\/b>\u00a0\u2013\u00a0paruktarn, keerdlehine tarn, harilik luga<\/li>\n<li><b>Austraalia<\/b>\u00a0\u2013\u00a0harilik luga<\/li>\n<\/ol>\n","protected":false},"excerpt":{"rendered":"<p>Botaaniliselt\u00a0loetakse k\u00f5rreliste hulka ainult\u00a0k\u00f5rreliste sugukonda kuuluvad taimi.\u00a0Aianduses\u00a0k\u00e4sitletakse k\u00f5rreliste all ka mitmeid k\u00f5rrelistega sarnaseid taimi nagu\u00a0loalised\u00a0(nt luga, piiphein),\u00a0l\u00f5ikheinalised\u00a0(nt tarn),\u00a0hundinuialised\u00a0(nt hundinui), mis aiakujunduses t\u00e4idavad k\u00f5rrelistega samu \u00fclesandeid. Suurem osa k\u00f5rrelisi kasvab kuivas [&hellip;]<\/p>\n","protected":false},"author":2,"featured_media":0,"parent":0,"menu_order":0,"comment_status":"closed","ping_status":"closed","template":"","meta":{"footnotes":""},"class_list":["post-249","page","type-page","status-publish","hentry"],"_links":{"self":[{"href":"https:\/\/aianduskool.ee\/lilled\/wp-json\/wp\/v2\/pages\/249","targetHints":{"allow":["GET"]}}],"collection":[{"href":"https:\/\/aianduskool.ee\/lilled\/wp-json\/wp\/v2\/pages"}],"about":[{"href":"https:\/\/aianduskool.ee\/lilled\/wp-json\/wp\/v2\/types\/page"}],"author":[{"embeddable":true,"href":"https:\/\/aianduskool.ee\/lilled\/wp-json\/wp\/v2\/users\/2"}],"replies":[{"embeddable":true,"href":"https:\/\/aianduskool.ee\/lilled\/wp-json\/wp\/v2\/comments?post=249"}],"version-history":[{"count":2,"href":"https:\/\/aianduskool.ee\/lilled\/wp-json\/wp\/v2\/pages\/249\/revisions"}],"predecessor-version":[{"id":251,"href":"https:\/\/aianduskool.ee\/lilled\/wp-json\/wp\/v2\/pages\/249\/revisions\/251"}],"wp:attachment":[{"href":"https:\/\/aianduskool.ee\/lilled\/wp-json\/wp\/v2\/media?parent=249"}],"curies":[{"name":"wp","href":"https:\/\/api.w.org\/{rel}","templated":true}]}}