{"id":253,"date":"2017-10-08T10:03:30","date_gmt":"2017-10-08T07:03:30","guid":{"rendered":"http:\/\/aianduskool.ee\/lilled\/?page_id=253"},"modified":"2017-10-15T16:41:28","modified_gmt":"2017-10-15T13:41:28","slug":"ulesanne-3-3","status":"publish","type":"page","link":"https:\/\/aianduskool.ee\/lilled\/ulesanne-3-3\/","title":{"rendered":"\u00dclesanne 3_2017"},"content":{"rendered":"<p>Eelmisel n\u00e4dalal uurisime p\u00fcsililli l\u00e4hemalt ning tegelesime seemnete puhastamise ja pakendamisega.<\/p>\n<p>Kolmanda \u00fclesande teemaks on k\u00f5rrelised. \u00dclesande sooritamiseks tutvuge esmalt <a href=\"http:\/\/aianduskool.ee\/lilled\/korrelised\/\" target=\"_blank\" rel=\"noopener\">\u00f5ppematerjalidega.\u00a0<\/a>Samuti tuletage meelde p\u00fcsilillede osa. Koostage k\u00f5rrelisi ja p\u00fcsililli v\u00f5rdlev materjal. Tooge v\u00e4lja k\u00f5rreliste ja p\u00fcsilillede sarnasused, erinevused ja haljastuses kasutamise v\u00f5imalused.<\/p>\n<p>T\u00f6\u00f6 v\u00f5ib vormistada tabelina v\u00f5i endale muul soblikul viisil. Kindlasti lisage t\u00f6\u00f6sse n\u00e4iteid.<\/p>\n<p>N\u00c4IDE<\/p>\n<p>V\u00f5rdlen k\u00f5rreliste ja p\u00fcsilillede eluiga.<\/p>\n<p>Sarnasused: p\u00fcsililed on mitmeaastased taimed ja enamik neist v\u00f5ivad \u00fchel kohal kasvada aastak\u00fcmneid, nt hosta, bergeenia, astrid. K\u00f5rreliste hulgas on mitmeaastaseid taimi, kes samuti v\u00f5ivad aastak\u00fcmneid samal kohal kasvada, nt tarnad, liiv-vareskaer, load, aruheinad, kastikud jt.<br \/>\nErinevused: k\u00f5rreliste hulgas on ka \u00fcheaastaseid taimi, nt itaalia kukeleid, j\u00e4nesesaba, kanaari paelrohi jt. P\u00fcsikute hulgas \u00fcheaastaseid taimi ei ole. \u00dcheaastaseid lilli nimetatakse enamasti suvelilledeks ja neid k\u00e4sitletakse t\u00e4iesti eraldi lillede grupina.<\/p>\n<p>T\u00f6\u00f6 esitamise t\u00e4htaeg on <span style=\"color: #ff6600;\">15. oktoober<\/span>.<\/p>\n","protected":false},"excerpt":{"rendered":"<p>Eelmisel n\u00e4dalal uurisime p\u00fcsililli l\u00e4hemalt ning tegelesime seemnete puhastamise ja pakendamisega. Kolmanda \u00fclesande teemaks on k\u00f5rrelised. \u00dclesande sooritamiseks tutvuge esmalt \u00f5ppematerjalidega.\u00a0Samuti tuletage meelde p\u00fcsilillede osa. Koostage k\u00f5rrelisi ja p\u00fcsililli v\u00f5rdlev [&hellip;]<\/p>\n","protected":false},"author":2,"featured_media":0,"parent":0,"menu_order":0,"comment_status":"closed","ping_status":"closed","template":"","meta":{"footnotes":""},"class_list":["post-253","page","type-page","status-publish","hentry"],"_links":{"self":[{"href":"https:\/\/aianduskool.ee\/lilled\/wp-json\/wp\/v2\/pages\/253","targetHints":{"allow":["GET"]}}],"collection":[{"href":"https:\/\/aianduskool.ee\/lilled\/wp-json\/wp\/v2\/pages"}],"about":[{"href":"https:\/\/aianduskool.ee\/lilled\/wp-json\/wp\/v2\/types\/page"}],"author":[{"embeddable":true,"href":"https:\/\/aianduskool.ee\/lilled\/wp-json\/wp\/v2\/users\/2"}],"replies":[{"embeddable":true,"href":"https:\/\/aianduskool.ee\/lilled\/wp-json\/wp\/v2\/comments?post=253"}],"version-history":[{"count":5,"href":"https:\/\/aianduskool.ee\/lilled\/wp-json\/wp\/v2\/pages\/253\/revisions"}],"predecessor-version":[{"id":266,"href":"https:\/\/aianduskool.ee\/lilled\/wp-json\/wp\/v2\/pages\/253\/revisions\/266"}],"wp:attachment":[{"href":"https:\/\/aianduskool.ee\/lilled\/wp-json\/wp\/v2\/media?parent=253"}],"curies":[{"name":"wp","href":"https:\/\/api.w.org\/{rel}","templated":true}]}}