{"id":26,"date":"2015-08-24T11:01:36","date_gmt":"2015-08-24T08:01:36","guid":{"rendered":"http:\/\/aianduskool.ee\/lilled\/?page_id=26"},"modified":"2017-09-27T21:42:27","modified_gmt":"2017-09-27T18:42:27","slug":"ulesanded","status":"publish","type":"page","link":"https:\/\/aianduskool.ee\/lilled\/ulesanded\/","title":{"rendered":"\u00dclesanded"},"content":{"rendered":"<p><strong>T\u00f6\u00f6de esitamise t\u00e4htajad:<\/strong><\/p>\n<ol>\n<li>\u00fclesanne e-\u00f5ppena (veebip\u00f5hise \u00f5pikeskkonna loomine, kokkuv\u00f5te esimesest \u00f5ppep\u00e4evast) \u2013 <span style=\"color: #ff6600;\">1. oktoober 2017<\/span><\/li>\n<\/ol>\n","protected":false},"excerpt":{"rendered":"<p>T\u00f6\u00f6de esitamise t\u00e4htajad: \u00fclesanne e-\u00f5ppena (veebip\u00f5hise \u00f5pikeskkonna loomine, kokkuv\u00f5te esimesest \u00f5ppep\u00e4evast) \u2013 1. oktoober 2017<\/p>\n","protected":false},"author":2,"featured_media":0,"parent":0,"menu_order":0,"comment_status":"closed","ping_status":"closed","template":"","meta":{"footnotes":""},"class_list":["post-26","page","type-page","status-publish","hentry"],"_links":{"self":[{"href":"https:\/\/aianduskool.ee\/lilled\/wp-json\/wp\/v2\/pages\/26","targetHints":{"allow":["GET"]}}],"collection":[{"href":"https:\/\/aianduskool.ee\/lilled\/wp-json\/wp\/v2\/pages"}],"about":[{"href":"https:\/\/aianduskool.ee\/lilled\/wp-json\/wp\/v2\/types\/page"}],"author":[{"embeddable":true,"href":"https:\/\/aianduskool.ee\/lilled\/wp-json\/wp\/v2\/users\/2"}],"replies":[{"embeddable":true,"href":"https:\/\/aianduskool.ee\/lilled\/wp-json\/wp\/v2\/comments?post=26"}],"version-history":[{"count":5,"href":"https:\/\/aianduskool.ee\/lilled\/wp-json\/wp\/v2\/pages\/26\/revisions"}],"predecessor-version":[{"id":215,"href":"https:\/\/aianduskool.ee\/lilled\/wp-json\/wp\/v2\/pages\/26\/revisions\/215"}],"wp:attachment":[{"href":"https:\/\/aianduskool.ee\/lilled\/wp-json\/wp\/v2\/media?parent=26"}],"curies":[{"name":"wp","href":"https:\/\/api.w.org\/{rel}","templated":true}]}}