{"id":262,"date":"2017-10-15T16:39:34","date_gmt":"2017-10-15T13:39:34","guid":{"rendered":"http:\/\/aianduskool.ee\/lilled\/?page_id=262"},"modified":"2017-10-15T16:39:34","modified_gmt":"2017-10-15T13:39:34","slug":"korreliste-paljundamine","status":"publish","type":"page","link":"https:\/\/aianduskool.ee\/lilled\/korreliste-paljundamine\/","title":{"rendered":"K\u00f5rreliste paljundamine"},"content":{"rendered":"<p>Dekoratiivsete k\u00f5rreliste paljundamisel kasutatakse peamiselt kahte viisi:<\/p>\n<ol>\n<li><span style=\"color: #ff6600;\"><strong> vegetatiivset<\/strong><\/span> \u2013 paljundamine jagamise teel<\/li>\n<li><span style=\"color: #ff6600;\"><strong> generatiivset<\/strong><\/span> \u2013 paljundamine seemnetega<\/li>\n<\/ol>\n<p><span style=\"color: #ff6600;\"><strong>PALJUNDAMINE JAGAMISE TEEL<\/strong><\/span><\/p>\n<p>M\u00f5ned k\u00f5rrelised, nagu n\u00e4iteks aruheinad moodustavad tihedaid puhmikuid, mille eluiga j\u00e4\u00e4b\u00a0suhteliselt l\u00fchikeseks. Sellet\u00f5ttu on neid tarvis jagada iga kahe v\u00f5i kolme aasta j\u00e4rel.<\/p>\n<p><span style=\"color: #ff6600;\"><strong>Kevadel<\/strong><\/span> ja<span style=\"color: #ff6600;\"><strong> suve esimesel poolel \u00f5itsevaid<\/strong><\/span> k\u00f5rrelisi (aruhein, lubikas jt) v\u00f5ib jagada nii\u00a0<span style=\"color: #ff6600;\"><strong>varakevadel<\/strong><\/span> kui ka<strong><span style=\"color: #ff6600;\"> s\u00fcgisel<\/span><\/strong>. Varakevadine aeg on siiski sobivam, kuna s\u00fcgisese jagamise\u00a0korral ei pruugi taim juurduda enne p\u00fcsivate \u00f6\u00f6k\u00fclmade saabumist.<span style=\"color: #ff6600;\"><strong> Hilja \u00f5itsvate<\/strong><\/span> k\u00f5rreliste\u00a0korral (nt siidp\u00f6\u00f6ris, helmikas jt) on otstarbekam oodata jagamisega<span style=\"color: #ff6600;\"><strong> mai-<\/strong><\/span> v\u00f5i <span style=\"color: #ff6600;\"><strong>juuni<\/strong><\/span>kuuni.<\/p>\n<p>V\u00f5sundiliste k\u00f5rreliste korral on jagamine lihtne v\u00f5imalus taimede noorendamiseks v\u00f5i paljundamiseks. Selleks tuleb taim\u00a0\u00fcles kaevata ja v\u00e4iksemateks osadeks k\u00e4te abil jagada. Suurte k\u00f5rreliste (nt siidp\u00f6\u00f6ris) korral\u00a0tuleb samuti taim \u00fcles kaevata, kuid selle v\u00e4iksemateks osadeks jagamiseks on tarvis\u00a0kasutada labidat v\u00f5i nuga.<\/p>\n<p>Jagatud taimed v\u00f5ib kohe kasvukohale istutada. Selleks kaevatakse sobiva suurusega auk, et\u00a0juured vabalt sellesse \u00e4ra mahuksid. Oluline on j\u00e4lgida, et taime ei istutataks s\u00fcgavamale, kui\u00a0ta enne kasvas. Juured peavad j\u00e4\u00e4ma sirgelt.<\/p>\n<p>Jagamist kasutatakse ka sortide paljundamisel, kuna seemnetega paljundades sordi tunnused uutel taimedel ei esine.<\/p>\n<p><span style=\"color: #ff6600;\"><strong>SEEMNETEGA PALJUNDAMINE<\/strong><\/span><\/p>\n<p>M\u00f5ned k\u00f5rrelised on jagamiseks tundlikud ning juurduvad halvasti. Sellised on n\u00e4iteks\u00a0stepirohud, kaerand. Isegi \u00fcmberistutamine v\u00f5ib nende puhul eba\u00f5nnestuda. Sellet\u00f5ttu on\u00a0m\u00f5istlik stepirohtusid paljundada seenmetega. Paljude stepirohtude k\u00fclvid tehakse s\u00fcgisel,\u00a0kuna nende seemned vajavad paremaks idanemiseks talvist l\u00e4bik\u00fclmumist. M\u00f5nede tarna\u00a0liikide (nt paruktarn) seemned idanevad kaua ning vajavad valgust. K\u00fclvi teostamisel tuleb\u00a0sellega arvestada.<\/p>\n<p>Seemnetega paljundatakse ka \u00fcheaastaseid k\u00f5rrelisi (nt j\u00e4nesesaba, kanaari paelrohi, itaalia\u00a0kukeleib jt). \u00dcheaastaste k\u00f5rreliste seemned k\u00fclvatakse kevadel, mais juunis avamaale,\u00a0kasvukohale v\u00f5i taimede ettekasvatamiseks kasvuhoonesse k\u00fclvikasti v\u00f5i v\u00e4iksemasse potti. Ettekasvatamisel v\u00f5ib seemned k\u00fclvata ka juba aprillis. Ettekasvatatud taimed istutatakse kasvukohale p\u00e4rast kevadiste \u00f6\u00f6k\u00fclmade m\u00f6\u00f6dumist.<\/p>\n","protected":false},"excerpt":{"rendered":"<p>Dekoratiivsete k\u00f5rreliste paljundamisel kasutatakse peamiselt kahte viisi: vegetatiivset \u2013 paljundamine jagamise teel generatiivset \u2013 paljundamine seemnetega PALJUNDAMINE JAGAMISE TEEL M\u00f5ned k\u00f5rrelised, nagu n\u00e4iteks aruheinad moodustavad tihedaid puhmikuid, mille eluiga j\u00e4\u00e4b\u00a0suhteliselt [&hellip;]<\/p>\n","protected":false},"author":2,"featured_media":0,"parent":0,"menu_order":0,"comment_status":"closed","ping_status":"closed","template":"","meta":{"footnotes":""},"class_list":["post-262","page","type-page","status-publish","hentry"],"_links":{"self":[{"href":"https:\/\/aianduskool.ee\/lilled\/wp-json\/wp\/v2\/pages\/262","targetHints":{"allow":["GET"]}}],"collection":[{"href":"https:\/\/aianduskool.ee\/lilled\/wp-json\/wp\/v2\/pages"}],"about":[{"href":"https:\/\/aianduskool.ee\/lilled\/wp-json\/wp\/v2\/types\/page"}],"author":[{"embeddable":true,"href":"https:\/\/aianduskool.ee\/lilled\/wp-json\/wp\/v2\/users\/2"}],"replies":[{"embeddable":true,"href":"https:\/\/aianduskool.ee\/lilled\/wp-json\/wp\/v2\/comments?post=262"}],"version-history":[{"count":1,"href":"https:\/\/aianduskool.ee\/lilled\/wp-json\/wp\/v2\/pages\/262\/revisions"}],"predecessor-version":[{"id":263,"href":"https:\/\/aianduskool.ee\/lilled\/wp-json\/wp\/v2\/pages\/262\/revisions\/263"}],"wp:attachment":[{"href":"https:\/\/aianduskool.ee\/lilled\/wp-json\/wp\/v2\/media?parent=262"}],"curies":[{"name":"wp","href":"https:\/\/api.w.org\/{rel}","templated":true}]}}