{"id":265,"date":"2017-10-15T17:18:48","date_gmt":"2017-10-15T14:18:48","guid":{"rendered":"http:\/\/aianduskool.ee\/lilled\/?page_id=265"},"modified":"2017-10-15T17:26:25","modified_gmt":"2017-10-15T14:26:25","slug":"ulesanne-4_2017","status":"publish","type":"page","link":"https:\/\/aianduskool.ee\/lilled\/ulesanne-4_2017\/","title":{"rendered":"\u00dclesanne 4_2017"},"content":{"rendered":"<p>Neljandas \u00fclesande teemaks on p\u00fcsilillede ja k\u00f5rreliste taimede paljundsuv\u00f5imalused.<\/p>\n<p>\u00dclesande tegemiseks tutvuge \u00f5ppematerjalidega:<\/p>\n<ul>\n<li><a href=\"http:\/\/aianduskool.ee\/lilled\/pusilillede-paljundamine\/\" target=\"_blank\" rel=\"noopener\">p\u00fcsilillede paljundamine<\/a><\/li>\n<li><a href=\"http:\/\/aianduskool.ee\/lilled\/korreliste-paljundamine\/\" target=\"_blank\" rel=\"noopener\">k\u00f5rreliste paljundamine<\/a>.<\/li>\n<\/ul>\n<p>&nbsp;<\/p>\n<p>Valige 3 endale huvipakkuvat p\u00fcsilille (sh 1 sibullill) ja 2 k\u00f5rrelist. Koostage valitud taimedele paljunussoovitused koos p\u00f5hjendusega, miks pakutud paljundusviisi v\u00f5iks nimetatud taime puhul kasutada. Lisage juurde, millal paljundamine tuleks teha ning milliseid materjale ja t\u00f6\u00f6riistu v\u00f5ib paljundusv\u00f5tte tegemisel tarvis minna. Lisage foto taimest. Foto v\u00f5ib olla kas autori foto v\u00f5i internetist v\u00f5etud. Kindlasti viidake kasutatud materjalidele. T\u00f6\u00f6 v\u00f5ib vormistada tekstina, tabelina, postrina v\u00f5i muul endale sobilikul \u00a0viisil.<\/p>\n<p>T\u00f6\u00f6 esitamise t\u00e4htaeg on <span style=\"color: #ff6600;\">22. oktoober<\/span>.<\/p>\n<p><strong><span style=\"color: #ff6600;\">N\u00c4IDE<\/span><\/strong><\/p>\n<table>\n<tbody>\n<tr>\n<td>Taime nimi<\/td>\n<td>Foto<\/td>\n<td>Soovituslik paljundusv\u00f5te<\/td>\n<td>Paljundusv\u00f5tte valiku p\u00f5hjendus<\/td>\n<td>Paljunduv\u00f5tte teostamise aeg<\/td>\n<td>Vajalikud t\u00f6\u00f6riistad<\/td>\n<td>Vajalikud materjalid<\/td>\n<td>M\u00e4rkused<\/td>\n<td>Viide fotole<\/td>\n<\/tr>\n<tr>\n<td>\n<p>\u00a0aed-p\u00e4evaliilia<\/p>\n<p><em>Hemerocallis hybrida<\/em><\/td>\n<td><a href=\"http:\/\/aianduskool.ee\/lilled\/wp-content\/uploads\/2017\/10\/1013348.jpg\"><img loading=\"lazy\" decoding=\"async\" class=\"alignnone wp-image-268\" src=\"http:\/\/aianduskool.ee\/lilled\/wp-content\/uploads\/2017\/10\/1013348-300x300.jpg\" alt=\"\" width=\"77\" height=\"77\" srcset=\"https:\/\/aianduskool.ee\/lilled\/wp-content\/uploads\/2017\/10\/1013348-300x300.jpg 300w, https:\/\/aianduskool.ee\/lilled\/wp-content\/uploads\/2017\/10\/1013348-150x150.jpg 150w, https:\/\/aianduskool.ee\/lilled\/wp-content\/uploads\/2017\/10\/1013348-768x768.jpg 768w, https:\/\/aianduskool.ee\/lilled\/wp-content\/uploads\/2017\/10\/1013348-624x624.jpg 624w, https:\/\/aianduskool.ee\/lilled\/wp-content\/uploads\/2017\/10\/1013348.jpg 1000w\" sizes=\"auto, (max-width: 77px) 100vw, 77px\" \/><\/a><\/td>\n<td>jagamine<\/td>\n<td>Aed-p\u00e4evaliilia suurem puhmas koosneb paljudest lehekodarikest. Jagamine v\u00f5imaldab \u00fchest puhmast eraldada lehekodarikke ning saada palju v\u00e4iksemaid taimi.<\/td>\n<td>august-september<\/td>\n<td>\n<p>Peenrale istutamisel: labidas, nuga, taimek\u00e4\u00e4rid, kastekann, reha<\/p>\n<p>Potti istutamisel: labidas, nuga, taimek\u00e4\u00e4rid, potid l\u00e4bim\u00f5\u00f5duga 15-20 cm, kastmistarvikud<\/td>\n<td>\n<p>Peenrale istutamisel: vesi<\/p>\n<p>Potti istutamisel: kasvusubstraat (pH \u00a05,6-6,5), vesi<\/td>\n<td>\n<p><a href=\"http:\/\/pdf.directindustry.com\/pdf\/poeppelmann\/catalogo-teku\/4894-621993-_4.html\" target=\"_blank\" rel=\"noopener\">TEKU toodete kataloog\u00a0<\/a><\/p>\n<p><a href=\"http:\/\/www.usna.usda.gov\/Gardens\/faqs\/DaylilyDivided.html\" target=\"_blank\" rel=\"noopener\">\u00dcks n\u00e4ide p\u00e4evaliilia jagamisest<\/a><\/p>\n<p><a href=\"http:\/\/taimenimed.ut.ee\" target=\"_blank\" rel=\"noopener\">Taimenimede andmebaas<\/a><\/td>\n<td><a href=\"http:\/\/www.jparkers.co.uk\/3-hemerocallis-bertie-ferris-1013348\" target=\"_blank\" rel=\"noopener\">http:\/\/www.jparkers.co.uk\/3-hemerocallis-bertie-ferris-1013348<\/a><\/td>\n<\/tr>\n<tr>\n<td>\u00a0&#8230;..<\/td>\n<td><\/td>\n<td><\/td>\n<td><\/td>\n<td><\/td>\n<td><\/td>\n<td><\/td>\n<td><\/td>\n<td><\/td>\n<\/tr>\n<tr>\n<td>\u00a0&#8230;&#8230;<\/td>\n<td><\/td>\n<td><\/td>\n<td><\/td>\n<td><\/td>\n<td><\/td>\n<td><\/td>\n<td><\/td>\n<td><\/td>\n<\/tr>\n<\/tbody>\n<\/table>\n<p>&nbsp;<\/p>\n","protected":false},"excerpt":{"rendered":"<p>Neljandas \u00fclesande teemaks on p\u00fcsilillede ja k\u00f5rreliste taimede paljundsuv\u00f5imalused. \u00dclesande tegemiseks tutvuge \u00f5ppematerjalidega: p\u00fcsilillede paljundamine k\u00f5rreliste paljundamine. &nbsp; Valige 3 endale huvipakkuvat p\u00fcsilille (sh 1 sibullill) ja 2 k\u00f5rrelist. Koostage [&hellip;]<\/p>\n","protected":false},"author":2,"featured_media":0,"parent":0,"menu_order":0,"comment_status":"closed","ping_status":"closed","template":"","meta":{"footnotes":""},"class_list":["post-265","page","type-page","status-publish","hentry"],"_links":{"self":[{"href":"https:\/\/aianduskool.ee\/lilled\/wp-json\/wp\/v2\/pages\/265","targetHints":{"allow":["GET"]}}],"collection":[{"href":"https:\/\/aianduskool.ee\/lilled\/wp-json\/wp\/v2\/pages"}],"about":[{"href":"https:\/\/aianduskool.ee\/lilled\/wp-json\/wp\/v2\/types\/page"}],"author":[{"embeddable":true,"href":"https:\/\/aianduskool.ee\/lilled\/wp-json\/wp\/v2\/users\/2"}],"replies":[{"embeddable":true,"href":"https:\/\/aianduskool.ee\/lilled\/wp-json\/wp\/v2\/comments?post=265"}],"version-history":[{"count":5,"href":"https:\/\/aianduskool.ee\/lilled\/wp-json\/wp\/v2\/pages\/265\/revisions"}],"predecessor-version":[{"id":278,"href":"https:\/\/aianduskool.ee\/lilled\/wp-json\/wp\/v2\/pages\/265\/revisions\/278"}],"wp:attachment":[{"href":"https:\/\/aianduskool.ee\/lilled\/wp-json\/wp\/v2\/media?parent=265"}],"curies":[{"name":"wp","href":"https:\/\/api.w.org\/{rel}","templated":true}]}}