{"id":284,"date":"2017-10-27T12:30:54","date_gmt":"2017-10-27T09:30:54","guid":{"rendered":"http:\/\/aianduskool.ee\/lilled\/?page_id=284"},"modified":"2017-10-27T12:30:54","modified_gmt":"2017-10-27T09:30:54","slug":"ulesanne-5_2017","status":"publish","type":"page","link":"https:\/\/aianduskool.ee\/lilled\/ulesanne-5_2017\/","title":{"rendered":"\u00dclesanne 5_2017"},"content":{"rendered":"<p><span style=\"color: #000000;\">R\u00e4pinas toimunud \u00f5ppep\u00e4eval alustasime p\u00fcsilillepeenra planeerimisega.\u00a0<\/span><\/p>\n<p><strong><span style=\"color: #000000;\">\u00dclesanne<\/span><\/strong><\/p>\n<p><span style=\"color: #000000;\">\u00dclesandeks on enda peenra kavandi tegemine. T\u00f6\u00f6 koosneb j\u00e4rgmistest etappidest: <\/span><\/p>\n<ol>\n<li><span style=\"color: #000000;\">Koostage olemasoleva olukorra (tingimuste) kirjeldus (valgus, muld, olemasolevad taimed, mis planeeritava peenra kohale j\u00e4\u00e4vad).\u00a0<\/span><\/li>\n<li><span style=\"color: #000000;\">Valige Teie poolt kirjeldatud olukorrast l\u00e4htuvalt taimed ja koostage tabel. Taimede valikul l\u00e4htuge, et oleks igal ajal \u00f5itsevaid (aprill-oktoober) ja erinevas kasvuk\u00f5rguses (madalad, keskmise k\u00f5rgusega, k\u00f5rged) taimed. Taimede valikul m\u00f5elge l\u00e4bi ka see, milliseid v\u00e4rve soovite peenras n\u00e4ha.\u00a0<\/span><\/li>\n<li><span style=\"color: #000000;\">Koostage planeeritava peenra kavand (m\u00f5\u00f5tkavata joonis), kuhu paigutage taimed. Taimed p<span style=\"font-size: 1rem;\">aigutage ringidena v\u00f5i laikudena oma peenra joonisele. J\u00e4lgige taimede k\u00f5rgusi l\u00e4htuvalt peenra vaadeldavusest, et k\u00f5rgemad ei hakkaks madalamaid varjama. Samuti j\u00e4lgige \u00f5itsemise aegu ja v\u00e4rve, et v\u00e4ltida olukorda, kus \u00fches peenra osas on ainult n\u00e4iteks kevadel \u00f5itsevad ja teises s\u00fcgisel \u00f5itsevad. Peenra kavandile ei pea paigutama k\u00f5iki taimi, mis v\u00e4lja said valitud. Kasutage kordust ehk sama taim paikneb peenral mitmes kohas.\u00a0<\/span><\/span><\/li>\n<\/ol>\n<p><span style=\"color: #000000;\">\u00d5ppematerjalid:<\/span><\/p>\n<ul>\n<li><span style=\"color: #000000;\"><a href=\"http:\/\/aianduskool.ee\/lilled\/peenrad-ja-nende-tuubid\/\" target=\"_blank\" rel=\"noopener\">peenarde t\u00fc\u00fcbid<\/a>\u00a0ja \u00a0<a href=\"http:\/\/aianduskool.ee\/lilled\/peenarde-planeerimine\/\" target=\"_blank\" rel=\"noopener\">planeerimine\u00a0<\/a><\/span><\/li>\n<li><span style=\"color: #000000;\"><a href=\"http:\/\/aianduskool.ee\/lilled\/peenarde-rajamine\/\" target=\"_blank\" rel=\"noopener\">peenarde rajamine<\/a>,<\/span><\/li>\n<li><span style=\"color: #000000;\"><a href=\"http:\/\/aianduskool.ee\/lilled\/peenarde-hooldamine\/\" target=\"_blank\" rel=\"noopener\">peenarde hooldamine<\/a>.<\/span><\/li>\n<\/ul>\n<p><strong><span style=\"color: #ff6600;\">Minu n\u00e4ide<\/span><\/strong><\/p>\n<p><span style=\"color: #000000;\">Valisin oma peenra taimestamiseks p\u00fcsikud, kelle \u00f5ied on kas valged v\u00f5i erinevates k\u00fclmades roosades-lillades toonides. Kasvukoht poolvarjuline, mullaks on tavaline, veidi raskema l\u00f5imisega aiamuld. Peenar paikneb murus, mist\u00f5ttu on mitmest k\u00fcljest vaadeldav. Taimede paigutamisel j\u00e4lgisin k\u00f5rgusi, samuti \u00f5itsemise aegu. Kasutasin ka kordust. V\u00e4rvustest valisin k\u00fclmad toonid.\u00a0<\/span><\/p>\n<div id=\"attachment_111\" style=\"width: 635px\" class=\"wp-caption alignnone\"><a href=\"http:\/\/aianduskool.ee\/lilled\/wp-content\/uploads\/2015\/09\/2015-09-20-14.53.06.jpg\"><img loading=\"lazy\" decoding=\"async\" aria-describedby=\"caption-attachment-111\" class=\"wp-image-111 size-large\" src=\"http:\/\/aianduskool.ee\/lilled\/wp-content\/uploads\/2015\/09\/2015-09-20-14.53.06-1024x765.jpg\" alt=\"n\u00e4ide\" width=\"625\" height=\"467\" srcset=\"https:\/\/aianduskool.ee\/lilled\/wp-content\/uploads\/2015\/09\/2015-09-20-14.53.06-1024x765.jpg 1024w, https:\/\/aianduskool.ee\/lilled\/wp-content\/uploads\/2015\/09\/2015-09-20-14.53.06-300x224.jpg 300w, https:\/\/aianduskool.ee\/lilled\/wp-content\/uploads\/2015\/09\/2015-09-20-14.53.06-624x466.jpg 624w\" sizes=\"auto, (max-width: 625px) 100vw, 625px\" \/><\/a><p id=\"caption-attachment-111\" class=\"wp-caption-text\"><span style=\"color: #000000;\">N\u00e4ide peenra kavandist<\/span><\/p><\/div>\n<p><span style=\"color: #000000;\">T\u00f6\u00f6 esita kahes osas: <\/span><\/p>\n<ol>\n<li><span style=\"color: #000000;\">olukorra kirjelduses ja taimede tabel (esitamise t\u00e4htaeg<\/span> <span style=\"color: #ff6600;\"><strong>1. november, esita e-kirja teel<\/strong><\/span>)<\/li>\n<li><span style=\"color: #000000;\">joonis (esitamise t\u00e4htaeg<\/span> <strong><span style=\"color: #ff6600;\">12. november<\/span><\/strong>)<\/li>\n<\/ol>\n<p><span style=\"color: #000000;\">K\u00fcsimused esitage e-kirja teel (katrin.uurman@aianduskool.ee).<\/span><\/p>\n","protected":false},"excerpt":{"rendered":"<p>R\u00e4pinas toimunud \u00f5ppep\u00e4eval alustasime p\u00fcsilillepeenra planeerimisega.\u00a0 \u00dclesanne \u00dclesandeks on enda peenra kavandi tegemine. T\u00f6\u00f6 koosneb j\u00e4rgmistest etappidest: Koostage olemasoleva olukorra (tingimuste) kirjeldus (valgus, muld, olemasolevad taimed, mis planeeritava peenra kohale [&hellip;]<\/p>\n","protected":false},"author":2,"featured_media":0,"parent":0,"menu_order":0,"comment_status":"closed","ping_status":"closed","template":"","meta":{"footnotes":""},"class_list":["post-284","page","type-page","status-publish","hentry"],"_links":{"self":[{"href":"https:\/\/aianduskool.ee\/lilled\/wp-json\/wp\/v2\/pages\/284","targetHints":{"allow":["GET"]}}],"collection":[{"href":"https:\/\/aianduskool.ee\/lilled\/wp-json\/wp\/v2\/pages"}],"about":[{"href":"https:\/\/aianduskool.ee\/lilled\/wp-json\/wp\/v2\/types\/page"}],"author":[{"embeddable":true,"href":"https:\/\/aianduskool.ee\/lilled\/wp-json\/wp\/v2\/users\/2"}],"replies":[{"embeddable":true,"href":"https:\/\/aianduskool.ee\/lilled\/wp-json\/wp\/v2\/comments?post=284"}],"version-history":[{"count":1,"href":"https:\/\/aianduskool.ee\/lilled\/wp-json\/wp\/v2\/pages\/284\/revisions"}],"predecessor-version":[{"id":285,"href":"https:\/\/aianduskool.ee\/lilled\/wp-json\/wp\/v2\/pages\/284\/revisions\/285"}],"wp:attachment":[{"href":"https:\/\/aianduskool.ee\/lilled\/wp-json\/wp\/v2\/media?parent=284"}],"curies":[{"name":"wp","href":"https:\/\/api.w.org\/{rel}","templated":true}]}}