{"id":291,"date":"2017-11-12T11:38:48","date_gmt":"2017-11-12T09:38:48","guid":{"rendered":"http:\/\/aianduskool.ee\/lilled\/?page_id=291"},"modified":"2017-11-12T11:52:56","modified_gmt":"2017-11-12T09:52:56","slug":"ulersanne-6","status":"publish","type":"page","link":"https:\/\/aianduskool.ee\/lilled\/ulersanne-6\/","title":{"rendered":"\u00dclesanne 6"},"content":{"rendered":"<p>Eelmiseks \u00fclesandeks tuli uurida p\u00fcsikute ja k\u00f5rreliste sortimenti oma aia tingimusi (valgus, muld jm) ning koostada p\u00fcsikupeenra kavand.<\/p>\n<p>Viimaseks teemaks on p\u00fcsikute ja k\u00f5rreliste hooldamine. Sellekes koostage planeeritud peenrale hooldusplaan. Selle v\u00f5ib vormistada tabelina v\u00f5i muul viisil. Hooldusplaani koostamisel kindlasti l\u00e4htuge taimedest, mida oma peenrasse planeerisite. Hooldusplaan koostage \u00fche aasta kohta alustades varakevadest l\u00f5petades hiliss\u00fcgisega.<\/p>\n<p>Abiks on kursuse \u00f5ppematerjal\u00a0<a href=\"http:\/\/aianduskool.ee\/lilled\/peenarde-hooldamine\/\" target=\"_blank\" rel=\"noopener\">peenarde hooldamine.<\/a><\/p>\n<p><span style=\"color: #ff6600;\"><strong>N\u00c4IDE<\/strong><\/span><\/p>\n<table>\n<tbody>\n<tr>\n<td><strong>T\u00f6\u00f6 nimetus<\/strong><\/td>\n<td><strong>T\u00f6\u00f6 tegemise aeg<\/strong><\/td>\n<td><strong>kasutatavad materjalid ja kasutusnorm<\/strong><\/td>\n<td><strong>Kasutatavad t\u00f6\u00f6riistad<\/strong><\/td>\n<td><strong>M\u00e4rkused\u00a0<\/strong><\/td>\n<\/tr>\n<tr>\n<td>Talvel tekkinud prahi koristamine<\/td>\n<td>m\u00e4rts-aprill (p\u00e4rast lume sulamist ja maa tahenemist)<\/td>\n<td>kasvuturvas v\u00f5i aiamuld<\/td>\n<td>reha, kobesti, istutusk\u00fchvel, \u00e4mber, aiak\u00e4ru<\/td>\n<td>vajadusel lisan pinna tasandamiseks kasvuturvast v\u00f5i aiamulda<\/td>\n<\/tr>\n<tr>\n<td>kevadine sibullillede esimene v\u00e4etamine<\/td>\n<td>m\u00e4rts-aprill (sibullillede lehtede tipud on maa seest v\u00e4lja kasvanud)<\/td>\n<td>\n<p>Kekkil\u00e4 sibullillede toitesegu<\/p>\n<p>Kasutuskogus: keskomine peot\u00e4is 1 m2 kohta.<\/td>\n<td>\u00e4mber, kobesti, reha<\/td>\n<td>\n<p>V\u00e4etise lisan p\u00e4rast talvel tekkinud prahi koristamist, rauputades sibullilede kasvukohale, taimede \u00fcmber. Seej\u00e4rel kobestan v\u00e4etise mulda.<\/p>\n<p>Kekkil\u00e4 sibullilede v\u00e4etise v\u00f5in asendada N-rohke mineraalv\u00e4etisega (nt ammooniumsalpeeter vm).<\/td>\n<\/tr>\n<tr>\n<td>&#8230;.<\/td>\n<td>&#8230;.<\/td>\n<td>&#8230;.<\/td>\n<td>&#8230;.<\/td>\n<td>&#8230;.<\/td>\n<\/tr>\n<\/tbody>\n<\/table>\n<p>T\u00f6\u00f6 esitamise t\u00e4htaeg on <span style=\"color: #ff6600;\"><strong>19. november<\/strong><\/span>.<\/p>\n<p>K\u00fcsimustest andke m\u00e4rku e-posti teel (katrin.uurman@aianduskool.ee).<\/p>\n","protected":false},"excerpt":{"rendered":"<p>Eelmiseks \u00fclesandeks tuli uurida p\u00fcsikute ja k\u00f5rreliste sortimenti oma aia tingimusi (valgus, muld jm) ning koostada p\u00fcsikupeenra kavand. Viimaseks teemaks on p\u00fcsikute ja k\u00f5rreliste hooldamine. Sellekes koostage planeeritud peenrale hooldusplaan. [&hellip;]<\/p>\n","protected":false},"author":2,"featured_media":0,"parent":0,"menu_order":0,"comment_status":"closed","ping_status":"closed","template":"","meta":{"footnotes":""},"class_list":["post-291","page","type-page","status-publish","hentry"],"_links":{"self":[{"href":"https:\/\/aianduskool.ee\/lilled\/wp-json\/wp\/v2\/pages\/291","targetHints":{"allow":["GET"]}}],"collection":[{"href":"https:\/\/aianduskool.ee\/lilled\/wp-json\/wp\/v2\/pages"}],"about":[{"href":"https:\/\/aianduskool.ee\/lilled\/wp-json\/wp\/v2\/types\/page"}],"author":[{"embeddable":true,"href":"https:\/\/aianduskool.ee\/lilled\/wp-json\/wp\/v2\/users\/2"}],"replies":[{"embeddable":true,"href":"https:\/\/aianduskool.ee\/lilled\/wp-json\/wp\/v2\/comments?post=291"}],"version-history":[{"count":5,"href":"https:\/\/aianduskool.ee\/lilled\/wp-json\/wp\/v2\/pages\/291\/revisions"}],"predecessor-version":[{"id":298,"href":"https:\/\/aianduskool.ee\/lilled\/wp-json\/wp\/v2\/pages\/291\/revisions\/298"}],"wp:attachment":[{"href":"https:\/\/aianduskool.ee\/lilled\/wp-json\/wp\/v2\/media?parent=291"}],"curies":[{"name":"wp","href":"https:\/\/api.w.org\/{rel}","templated":true}]}}