{"id":40,"date":"2015-08-29T12:50:55","date_gmt":"2015-08-29T09:50:55","guid":{"rendered":"http:\/\/aianduskool.ee\/lilled\/?page_id=40"},"modified":"2015-08-29T12:50:55","modified_gmt":"2015-08-29T09:50:55","slug":"kulmaornade-sibullillede-uletalve-sailitamine","status":"publish","type":"page","link":"https:\/\/aianduskool.ee\/lilled\/kulmaornade-sibullillede-uletalve-sailitamine\/","title":{"rendered":"K\u00fclma\u00f5rnade sibullillede \u00fcletalve s\u00e4ilitamine"},"content":{"rendered":"<p>Tutvu<a href=\"http:\/\/ak.rapina.ee\/katrinu\/sibullill\/\" target=\"_blank\"> \u00f5ppematerjalidega<\/a>.<\/p>\n","protected":false},"excerpt":{"rendered":"<p>Tutvu \u00f5ppematerjalidega.<\/p>\n","protected":false},"author":2,"featured_media":0,"parent":0,"menu_order":0,"comment_status":"closed","ping_status":"closed","template":"","meta":{"footnotes":""},"class_list":["post-40","page","type-page","status-publish","hentry"],"_links":{"self":[{"href":"https:\/\/aianduskool.ee\/lilled\/wp-json\/wp\/v2\/pages\/40","targetHints":{"allow":["GET"]}}],"collection":[{"href":"https:\/\/aianduskool.ee\/lilled\/wp-json\/wp\/v2\/pages"}],"about":[{"href":"https:\/\/aianduskool.ee\/lilled\/wp-json\/wp\/v2\/types\/page"}],"author":[{"embeddable":true,"href":"https:\/\/aianduskool.ee\/lilled\/wp-json\/wp\/v2\/users\/2"}],"replies":[{"embeddable":true,"href":"https:\/\/aianduskool.ee\/lilled\/wp-json\/wp\/v2\/comments?post=40"}],"version-history":[{"count":1,"href":"https:\/\/aianduskool.ee\/lilled\/wp-json\/wp\/v2\/pages\/40\/revisions"}],"predecessor-version":[{"id":41,"href":"https:\/\/aianduskool.ee\/lilled\/wp-json\/wp\/v2\/pages\/40\/revisions\/41"}],"wp:attachment":[{"href":"https:\/\/aianduskool.ee\/lilled\/wp-json\/wp\/v2\/media?parent=40"}],"curies":[{"name":"wp","href":"https:\/\/api.w.org\/{rel}","templated":true}]}}