{"id":60,"date":"2015-09-04T15:20:47","date_gmt":"2015-09-04T12:20:47","guid":{"rendered":"http:\/\/aianduskool.ee\/lilled\/?page_id=60"},"modified":"2016-04-19T17:17:45","modified_gmt":"2016-04-19T14:17:45","slug":"sugukondade-esindajad","status":"publish","type":"page","link":"https:\/\/aianduskool.ee\/lilled\/sugukondade-esindajad\/","title":{"rendered":"P\u00fcsilillede kirjeldused"},"content":{"rendered":"<p>J\u00e4rgnevad \u00f5ppematerjalid annavad \u00fclevaate erinevatesse sugukondadesse kuuluvatest p\u00fcsililledest, nende omadustest ja n\u00f5uetest kasvukohale.<\/p>\n<ul>\n<li><a href=\"http:\/\/ak.rapina.ee\/katrinu\/sugukonnad\/sugukonnd\/huul6ielised.pdf\" target=\"_blank\">Huul\u00f5ielised<\/a><\/li>\n<li><a href=\"http:\/\/ak.rapina.ee\/katrinu\/sugukonnad\/sugukonnd\/kannikeselised.pdf\" target=\"_blank\">Kannikeselised<\/a><\/li>\n<li><a href=\"http:\/\/ak.rapina.ee\/katrinu\/sugukonnad\/sugukonnd\/karelehelised.pdf\" target=\"_blank\">Karelehelised<\/a><\/li>\n<li><a href=\"http:\/\/ak.rapina.ee\/katrinu\/sugukonnad\/sugukonnd\/kivirikulised.pdf\" target=\"_blank\">Kivirikulised<\/a><\/li>\n<li><a href=\"http:\/\/ak.rapina.ee\/katrinu\/sugukonnad\/sugukonnd\/koerakoolulised.pdf\" target=\"_blank\">Koerakoolulised<\/a><\/li>\n<li><a href=\"http:\/\/ak.rapina.ee\/katrinu\/sugukonnad\/sugukonnd\/korv6ielised.pdf\" target=\"_blank\">Korv\u00f5ielised<\/a><\/li>\n<li><a href=\"http:\/\/ak.rapina.ee\/katrinu\/sugukonnad\/sugukonnd\/kukerpuulised.pdf\" target=\"_blank\">Kukerpuulised<\/a><\/li>\n<li><a href=\"http:\/\/ak.rapina.ee\/katrinu\/sugukonnad\/sugukonnd\/kurerehalised.pdf\">Kurerehalised<\/a><\/li>\n<li><a href=\"http:\/\/ak.rapina.ee\/katrinu\/sugukonnad\/sugukonnd\/liilialised.pdf\" target=\"_blank\">Liilialised<\/a><\/li>\n<li><a href=\"http:\/\/ak.rapina.ee\/katrinu\/sugukonnad\/sugukonnd\/magunalised.pdf\" target=\"_blank\">Magunalised<\/a><\/li>\n<li><a href=\"http:\/\/ak.rapina.ee\/katrinu\/sugukonnad\/sugukonnd\/mailaselised.pdf\" target=\"_blank\">Mailaselised<\/a><\/li>\n<li><a href=\"http:\/\/ak.rapina.ee\/katrinu\/sugukonnad\/sugukonnd\/nelgilised.pdf\" target=\"_blank\">Nelgilised<\/a><\/li>\n<li><a href=\"http:\/\/ak.rapina.ee\/katrinu\/sugukonnad\/sugukonnd\/nurmenukulised.pdf\" target=\"_blank\">Nurmenukulised<\/a><\/li>\n<li><a href=\"http:\/\/ak.rapina.ee\/katrinu\/sugukonnad\/sugukonnd\/pajulillelised.pdf\" target=\"_blank\">Pajulillelised<\/a><\/li>\n<li><a href=\"http:\/\/ak.rapina.ee\/katrinu\/sugukonnad\/sugukonnd\/paksulehelised.pdf\" target=\"_blank\">Paksulehelised<\/a><\/li>\n<li><a href=\"http:\/\/ak.rapina.ee\/katrinu\/sugukonnad\/sugukonnd\/punandilised.pdf\" target=\"_blank\">Punandilised<\/a><\/li>\n<li><a href=\"http:\/\/ak.rapina.ee\/katrinu\/sugukonnad\/sugukonnd\/rist6ielised.pdf\" target=\"_blank\">Rist\u00f5ielised<\/a><\/li>\n<li><a href=\"http:\/\/ak.rapina.ee\/katrinu\/sugukonnad\/sugukonnd\/roos6ielised.pdf\" target=\"_blank\">Roos\u00f5ielised<\/a><\/li>\n<li><a href=\"http:\/\/ak.rapina.ee\/katrinu\/sugukonnad\/sugukonnd\/ruudilised.pdf\" target=\"_blank\">Ruudilised<\/a><\/li>\n<li><a href=\"http:\/\/ak.rapina.ee\/katrinu\/sugukonnad\/sugukonnd\/sarikalised.pdf\" target=\"_blank\">Sarikalised<\/a><\/li>\n<li><a href=\"http:\/\/ak.rapina.ee\/katrinu\/sugukonnad\/sugukonnd\/siniladvalised.pdf\" target=\"_blank\">Siniladvalised<\/a><\/li>\n<li><a href=\"http:\/\/ak.rapina.ee\/katrinu\/sugukonnad\/sugukonnd\/tatralised.pdf\" target=\"_blank\">Tatralised<\/a><\/li>\n<li><a href=\"http:\/\/ak.rapina.ee\/katrinu\/sugukonnad\/sugukonnd\/tulikalised.pdf\" target=\"_blank\">Tulikalised<\/a><\/li>\n<li><a href=\"http:\/\/ak.rapina.ee\/katrinu\/sugukonnad\/sugukonnd\/uniohakalised.pdf\" target=\"_blank\">Uniohakalised<\/a><\/li>\n<li><a href=\"http:\/\/ak.rapina.ee\/katrinu\/sugukonnad\/sugukonnd\/v6hum66galised.pdf\" target=\"_blank\">V\u00f5hum\u00f5\u00f5galised<\/a><\/li>\n<\/ul>\n","protected":false},"excerpt":{"rendered":"<p>J\u00e4rgnevad \u00f5ppematerjalid annavad \u00fclevaate erinevatesse sugukondadesse kuuluvatest p\u00fcsililledest, nende omadustest ja n\u00f5uetest kasvukohale. Huul\u00f5ielised Kannikeselised Karelehelised Kivirikulised Koerakoolulised Korv\u00f5ielised Kukerpuulised Kurerehalised Liilialised Magunalised Mailaselised Nelgilised Nurmenukulised Pajulillelised Paksulehelised Punandilised Rist\u00f5ielised [&hellip;]<\/p>\n","protected":false},"author":2,"featured_media":0,"parent":0,"menu_order":0,"comment_status":"closed","ping_status":"closed","template":"","meta":{"footnotes":""},"class_list":["post-60","page","type-page","status-publish","hentry"],"_links":{"self":[{"href":"https:\/\/aianduskool.ee\/lilled\/wp-json\/wp\/v2\/pages\/60","targetHints":{"allow":["GET"]}}],"collection":[{"href":"https:\/\/aianduskool.ee\/lilled\/wp-json\/wp\/v2\/pages"}],"about":[{"href":"https:\/\/aianduskool.ee\/lilled\/wp-json\/wp\/v2\/types\/page"}],"author":[{"embeddable":true,"href":"https:\/\/aianduskool.ee\/lilled\/wp-json\/wp\/v2\/users\/2"}],"replies":[{"embeddable":true,"href":"https:\/\/aianduskool.ee\/lilled\/wp-json\/wp\/v2\/comments?post=60"}],"version-history":[{"count":4,"href":"https:\/\/aianduskool.ee\/lilled\/wp-json\/wp\/v2\/pages\/60\/revisions"}],"predecessor-version":[{"id":171,"href":"https:\/\/aianduskool.ee\/lilled\/wp-json\/wp\/v2\/pages\/60\/revisions\/171"}],"wp:attachment":[{"href":"https:\/\/aianduskool.ee\/lilled\/wp-json\/wp\/v2\/media?parent=60"}],"curies":[{"name":"wp","href":"https:\/\/api.w.org\/{rel}","templated":true}]}}