{"id":8,"date":"2015-08-24T10:07:29","date_gmt":"2015-08-24T07:07:29","guid":{"rendered":"http:\/\/aianduskool.ee\/lilled\/?page_id=8"},"modified":"2017-09-27T09:46:09","modified_gmt":"2017-09-27T06:46:09","slug":"eesmark-opivaljundid-teemad","status":"publish","type":"page","link":"https:\/\/aianduskool.ee\/lilled\/eesmark-opivaljundid-teemad\/","title":{"rendered":"Eesm\u00e4rk, \u00f5piv\u00e4ljundid"},"content":{"rendered":"<p><strong>Kursuse eesm\u00e4rk<\/strong><\/p>\n<p>\u00d5petusega taotletakse, et kursuse l\u00e4binu omab \u00fclevaadet haljastuses kasutatud p\u00fcsililledest ja k\u00f5rrelistest, n\u00f5udetest kasvukohale; paljundab, kasvatab ja hooldab p\u00fcsililli ning k\u00f5rrelisi. Kasutab oma t\u00f6\u00f6s vajalikke infoallikaid, materjale, t\u00f6\u00f6riistu ja seadmeid sh IKT-vahendeid, loob kursuse k\u00e4igus personaalse virtuaalse \u00f5pimapi (\u00f5pikeskkonna) ning hindab leitava info usaldusv\u00e4\u00e4rsust. L\u00e4htub t\u00f6\u00f6tamisel t\u00f6\u00f6ohutusest ja keskkonnan\u00f5uetest.<\/p>\n<p><strong>\u00d5piv\u00e4ljundid<\/strong><\/p>\n<p>Kursuse l\u00e4binu:<\/p>\n<ul>\n<li>kirjeldab p\u00fcsilillede ja k\u00f5rreliste olemust,<\/li>\n<li>tunneb haljastuses kasutatavaid p\u00fcsilillede ja k\u00f5rreliste liike ja kirjeldab nende omadusi ning n\u00f5udeid kasvukohale,<\/li>\n<li>valib p\u00fcsililli ja k\u00f5rrelisi erinevatesse kasvukohtadesse taimede n\u00f5uetest l\u00e4htuvalt,<\/li>\n<li>planeerib p\u00fcsikute ja k\u00f5rreliste kooslusi taimede kasvukohan\u00f5uetest l\u00e4htuvalt,<\/li>\n<li>paljundab ja noorendab p\u00fcsililli ning k\u00f5rrelisi,<\/li>\n<li>valmistab ette p\u00fcsilillede ja k\u00f5rreliste kasvukoha, istutab taimed,<\/li>\n<li>hooldab p\u00fcsilillede ja k\u00f5rreliste peenraid,<\/li>\n<li>kasutab t\u00f6\u00f6s erinevaid infoallikaid, materjale, t\u00f6\u00f6riistu ja vahendeid, sh IKT-vahendeid ning hindab info usaldusv\u00e4\u00e4rsust,<\/li>\n<li>t\u00f6\u00f6tab ennast ja keskkonda s\u00e4\u00e4stvalt.<\/li>\n<\/ul>\n","protected":false},"excerpt":{"rendered":"<p>Kursuse eesm\u00e4rk \u00d5petusega taotletakse, et kursuse l\u00e4binu omab \u00fclevaadet haljastuses kasutatud p\u00fcsililledest ja k\u00f5rrelistest, n\u00f5udetest kasvukohale; paljundab, kasvatab ja hooldab p\u00fcsililli ning k\u00f5rrelisi. Kasutab oma t\u00f6\u00f6s vajalikke infoallikaid, materjale, t\u00f6\u00f6riistu [&hellip;]<\/p>\n","protected":false},"author":2,"featured_media":0,"parent":0,"menu_order":0,"comment_status":"open","ping_status":"open","template":"","meta":{"footnotes":""},"class_list":["post-8","page","type-page","status-publish","hentry"],"_links":{"self":[{"href":"https:\/\/aianduskool.ee\/lilled\/wp-json\/wp\/v2\/pages\/8","targetHints":{"allow":["GET"]}}],"collection":[{"href":"https:\/\/aianduskool.ee\/lilled\/wp-json\/wp\/v2\/pages"}],"about":[{"href":"https:\/\/aianduskool.ee\/lilled\/wp-json\/wp\/v2\/types\/page"}],"author":[{"embeddable":true,"href":"https:\/\/aianduskool.ee\/lilled\/wp-json\/wp\/v2\/users\/2"}],"replies":[{"embeddable":true,"href":"https:\/\/aianduskool.ee\/lilled\/wp-json\/wp\/v2\/comments?post=8"}],"version-history":[{"count":5,"href":"https:\/\/aianduskool.ee\/lilled\/wp-json\/wp\/v2\/pages\/8\/revisions"}],"predecessor-version":[{"id":210,"href":"https:\/\/aianduskool.ee\/lilled\/wp-json\/wp\/v2\/pages\/8\/revisions\/210"}],"wp:attachment":[{"href":"https:\/\/aianduskool.ee\/lilled\/wp-json\/wp\/v2\/media?parent=8"}],"curies":[{"name":"wp","href":"https:\/\/api.w.org\/{rel}","templated":true}]}}