{"id":234,"date":"2016-02-03T10:38:26","date_gmt":"2016-02-03T08:38:26","guid":{"rendered":"http:\/\/aianduskool.ee\/maasikas6brad\/?page_id=234"},"modified":"2016-04-05T12:33:05","modified_gmt":"2016-04-05T09:33:05","slug":"maasika-kahjustajad","status":"publish","type":"page","link":"https:\/\/aianduskool.ee\/maasikas6brad\/artiklid\/maasika-kahjustajad\/","title":{"rendered":"Maasika kahjustajad"},"content":{"rendered":"<h4><span style=\"color: #ccffcc;\"><strong>Maasika kahjurid<\/strong><\/span><\/h4>\n<p>Maasikas meeldib paljudele lestadele, putukatele, lindudele ja loomadele. Kahjuritele sobivad toiduks nii maasika lehed, varred, \u00f5ied, viljad kui ka pinnases paiknevad maitsvad risoomid ja juured. Pikemalt peatume \u00fche tuntuma maasika kahjustaja &#8211; maasika-\u00f5iel\u00f5ikaja juures, kelle p\u00e4rast me j\u00e4\u00e4me sageli maitsvatest viljadest ilma.<\/p>\n<p>Maasika-\u00f5iel\u00f5ikaja \u2013 ladina keeles <i>Anthonomus rubi<\/i> &#8211; kahjustab maasikaid, vaarikaid ning vahel ka roose ja kibuvitsu. Valmikud (t\u00e4iskasvanud putukad) n\u00e4rivad kevadel lehti, leherootse ning seej\u00e4rel \u00f5isi. Vastsed kaevandavad \u00f5ienupus \u2013 n\u00e4rivad \u00f5ienupu sisemust. Valmik on 2-3mm pikk, must, hallikarvane. Enne \u00f5itsemist vigastab valmik maasika, rooside, kibuvitsa v\u00f5i vaarika \u00f5ienuppu ja siis muneb avanemata \u00f5ienupu varre sisse muna. Peale \u00f5itsemist on m\u00e4rgata pruune, n\u00e4rbunud, osaliselt varre otsas rippuvaid \u00f5ienuppe. Vilju nendest ei moodustu.\u00a0 Kahjur nukkub kahjustatud \u00f5ienupus v\u00f5i mullas. Aasta jooksul areneb 1 p\u00f5lvkond, mis talvitub valmikuna maasikataimel v\u00f5i pinnase pealmises kihis taimej\u00e4\u00e4nuste vahel.<\/p>\n<div id=\"attachment_266\" style=\"width: 543px\" class=\"wp-caption alignnone\"><img loading=\"lazy\" decoding=\"async\" aria-describedby=\"caption-attachment-266\" class=\"wp-image-266\" src=\"http:\/\/aianduskool.ee\/maasikas6brad\/wp-content\/uploads\/2016\/02\/maasika-oieloikaja2.jpg\" alt=\"Maasika_oieloikaja_1\" width=\"533\" height=\"354\" srcset=\"https:\/\/aianduskool.ee\/maasikas6brad\/wp-content\/uploads\/2016\/02\/maasika-oieloikaja2.jpg 800w, https:\/\/aianduskool.ee\/maasikas6brad\/wp-content\/uploads\/2016\/02\/maasika-oieloikaja2-300x200.jpg 300w, https:\/\/aianduskool.ee\/maasikas6brad\/wp-content\/uploads\/2016\/02\/maasika-oieloikaja2-768x511.jpg 768w, https:\/\/aianduskool.ee\/maasikas6brad\/wp-content\/uploads\/2016\/02\/maasika-oieloikaja2-602x400.jpg 602w\" sizes=\"auto, (max-width: 533px) 100vw, 533px\" \/><p id=\"caption-attachment-266\" class=\"wp-caption-text\">Joonis 1. Valmiku poolt n\u00e4ritud \u00f5ienupu vars &#8211; siia muneti muna.<\/p><\/div>\n<p>&nbsp;<\/p>\n<div id=\"attachment_265\" style=\"width: 543px\" class=\"wp-caption alignnone\"><img loading=\"lazy\" decoding=\"async\" aria-describedby=\"caption-attachment-265\" class=\"wp-image-265\" src=\"http:\/\/aianduskool.ee\/maasikas6brad\/wp-content\/uploads\/2016\/02\/maasika-oieloikaja-300x200.jpg\" alt=\"maasika_oieloikaja_1\" width=\"533\" height=\"354\" srcset=\"https:\/\/aianduskool.ee\/maasikas6brad\/wp-content\/uploads\/2016\/02\/maasika-oieloikaja-300x200.jpg 300w, https:\/\/aianduskool.ee\/maasikas6brad\/wp-content\/uploads\/2016\/02\/maasika-oieloikaja-768x511.jpg 768w, https:\/\/aianduskool.ee\/maasikas6brad\/wp-content\/uploads\/2016\/02\/maasika-oieloikaja.jpg 1024w, https:\/\/aianduskool.ee\/maasikas6brad\/wp-content\/uploads\/2016\/02\/maasika-oieloikaja-601x400.jpg 601w\" sizes=\"auto, (max-width: 533px) 100vw, 533px\" \/><p id=\"caption-attachment-265\" class=\"wp-caption-text\">Joonis 2. Maasika-\u00f5iel\u00f5ikaja valmik \u00f5ienupul.<\/p><\/div>\n<p>&nbsp;<\/p>\n<div id=\"attachment_94\" style=\"width: 543px\" class=\"wp-caption alignnone\"><img loading=\"lazy\" decoding=\"async\" aria-describedby=\"caption-attachment-94\" class=\"wp-image-94 size-full\" src=\"http:\/\/aianduskool.ee\/maasikas6brad\/wp-content\/uploads\/2016\/01\/Tairi_3.png\" alt=\"Tairi_3\" width=\"533\" height=\"571\" srcset=\"https:\/\/aianduskool.ee\/maasikas6brad\/wp-content\/uploads\/2016\/01\/Tairi_3.png 533w, https:\/\/aianduskool.ee\/maasikas6brad\/wp-content\/uploads\/2016\/01\/Tairi_3-280x300.png 280w, https:\/\/aianduskool.ee\/maasikas6brad\/wp-content\/uploads\/2016\/01\/Tairi_3-373x400.png 373w\" sizes=\"auto, (max-width: 533px) 100vw, 533px\" \/><p id=\"caption-attachment-94\" class=\"wp-caption-text\">Joonis 3. Kahjustamata aedmaasika \u00f5iest on arenenud isu\u00e4ratav vili, maasika-\u00f5iel\u00f5ikaja poolt kahjustatud \u00f5ienupud on aga n\u00e4rbunud ja pruunid.<\/p><\/div>\n<h4><\/h4>\n<h4><span style=\"color: #ccffcc;\"><strong>Maasika haigused<\/strong><\/span><\/h4>\n<p>Lisaks loomadele, lindudele ning putukatele kahjustavad maasikataimi ka erinevad seened, bakterid, viirused, viroidid ja m\u00fckoplasmad. Maasikataimedel kutsutakse eelmainitud kahjustajate poolt tekitatud kahjustusi taimehaigusteks. Tuntuim maasika haigus on maasika-hahkhallitus, millega on k\u00f5ik suuremad ja v\u00e4iksemad maasikakasvatajad t\u00f5en\u00e4oliselt kokku puutunud.<\/p>\n<p>Maasika hahkhallitus \u2013 ladina keeles <i>Botryotinia fuckeliana<\/i> \u2013 on seenhaigus. \u00d5itele, lehtedele, vartele ja viljadele ilmuvad pruunid, m\u00e4dased laigud. Laigud kattuvad niisketes tingimustes seeneniidistiku koheva ja halli kirmega. Haigus talvitub taimej\u00e4\u00e4nustel ja mullas, olles eluv\u00f5imeline aastaid. Haigust soodustavad k\u00f5rge\u00a0\u00f5huniiskus, taimede tihe istutus ja halb \u00f5hustatus.<\/p>\n<p><strong><span style=\"color: #ccffcc;\">Tarkust jagas \u00f5petaja Tairi Albert<\/span><\/strong><\/p>\n","protected":false},"excerpt":{"rendered":"<p>Maasika kahjurid Maasikas meeldib paljudele lestadele, putukatele, lindudele ja loomadele. Kahjuritele sobivad toiduks nii maasika lehed, varred, \u00f5ied, viljad kui ka pinnases paiknevad maitsvad risoomid ja juured. Pikemalt peatume \u00fche tuntuma maasika kahjustaja &#8211; maasika-\u00f5iel\u00f5ikaja juures, kelle p\u00e4rast me j\u00e4\u00e4me sageli maitsvatest viljadest ilma. Maasika-\u00f5iel\u00f5ikaja \u2013 ladina keeles Anthonomus rubi &#8211; kahjustab maasikaid, vaarikaid ning vahel ka roose ja kibuvitsu. Valmikud (t\u00e4iskasvanud putukad) n\u00e4rivad kevadel lehti, leherootse ning seej\u00e4rel \u00f5isi. Vastsed kaevandavad \u00f5ienupus \u2013 n\u00e4rivad \u00f5ienupu sisemust. Valmik on 2-3mm pikk, must, hallikarvane. Enne \u00f5itsemist vigastab valmik maasika, rooside, kibuvitsa v\u00f5i vaarika \u00f5ienuppu ja siis muneb avanemata \u00f5ienupu varre sisse..<\/p>\n","protected":false},"author":1,"featured_media":0,"parent":97,"menu_order":0,"comment_status":"closed","ping_status":"closed","template":"","meta":{"footnotes":""},"class_list":["post-234","page","type-page","status-publish","hentry"],"_links":{"self":[{"href":"https:\/\/aianduskool.ee\/maasikas6brad\/wp-json\/wp\/v2\/pages\/234","targetHints":{"allow":["GET"]}}],"collection":[{"href":"https:\/\/aianduskool.ee\/maasikas6brad\/wp-json\/wp\/v2\/pages"}],"about":[{"href":"https:\/\/aianduskool.ee\/maasikas6brad\/wp-json\/wp\/v2\/types\/page"}],"author":[{"embeddable":true,"href":"https:\/\/aianduskool.ee\/maasikas6brad\/wp-json\/wp\/v2\/users\/1"}],"replies":[{"embeddable":true,"href":"https:\/\/aianduskool.ee\/maasikas6brad\/wp-json\/wp\/v2\/comments?post=234"}],"version-history":[{"count":5,"href":"https:\/\/aianduskool.ee\/maasikas6brad\/wp-json\/wp\/v2\/pages\/234\/revisions"}],"predecessor-version":[{"id":798,"href":"https:\/\/aianduskool.ee\/maasikas6brad\/wp-json\/wp\/v2\/pages\/234\/revisions\/798"}],"up":[{"embeddable":true,"href":"https:\/\/aianduskool.ee\/maasikas6brad\/wp-json\/wp\/v2\/pages\/97"}],"wp:attachment":[{"href":"https:\/\/aianduskool.ee\/maasikas6brad\/wp-json\/wp\/v2\/media?parent=234"}],"curies":[{"name":"wp","href":"https:\/\/api.w.org\/{rel}","templated":true}]}}